{"id":5961,"date":"2026-01-08T16:32:05","date_gmt":"2026-01-08T16:32:05","guid":{"rendered":"https:\/\/noordi.com\/?post_type=product&#038;p=5961"},"modified":"2026-01-08T16:33:49","modified_gmt":"2026-01-08T16:33:49","slug":"fjordi-v-2-copy-copy-2","status":"publish","type":"product","link":"https:\/\/noordi.com\/pl\/product\/fjordi-v-2-copy-copy-2\/","title":{"rendered":"Fjordi V.2 (Copy) (Copy)"},"content":{"rendered":"<p>Fjordi V.2oferuje rozwi\u0105zanie \u015bredniej klasy, \u0142\u0105cz\u0105ce zwi\u0119kszon\u0105 manewrowo\u015b\u0107, komfort i nowoczesny design. Idealny dla rodzin poszukuj\u0105cych wszechstronno\u015bci i premium funkcji w rozs\u0105dnej cenie. <\/p>\n","protected":false},"excerpt":{"rendered":"<p>Fjordi V.2oferuje rozwi\u0105zanie \u015bredniej klasy, \u0142\u0105cz\u0105ce zwi\u0119kszon\u0105 manewrowo\u015b\u0107, komfort i nowoczesny design. Idealny dla rodzin poszukuj\u0105cych wszechstronno\u015bci i premium funkcji w rozs\u0105dnej cenie.<\/p>\n","protected":false},"featured_media":5925,"comment_status":"closed","ping_status":"closed","template":"","meta":{"_acf_changed":false,"inline_featured_image":false,"_product_box_image":"","_product_box_image_id":0},"product-name":[],"product_brand":[],"product_cat":[188],"product_tag":[],"class_list":{"0":"post-5961","1":"product","2":"type-product","3":"status-publish","4":"has-post-thumbnail","6":"product_cat-wozek","8":"first","9":"outofstock","10":"shipping-taxable","11":"product-type-simple"},"acf":[],"_links":{"self":[{"href":"https:\/\/noordi.com\/pl\/wp-json\/wp\/v2\/product\/5961","targetHints":{"allow":["GET"]}}],"collection":[{"href":"https:\/\/noordi.com\/pl\/wp-json\/wp\/v2\/product"}],"about":[{"href":"https:\/\/noordi.com\/pl\/wp-json\/wp\/v2\/types\/product"}],"replies":[{"embeddable":true,"href":"https:\/\/noordi.com\/pl\/wp-json\/wp\/v2\/comments?post=5961"}],"wp:featuredmedia":[{"embeddable":true,"href":"https:\/\/noordi.com\/pl\/wp-json\/wp\/v2\/media\/5925"}],"wp:attachment":[{"href":"https:\/\/noordi.com\/pl\/wp-json\/wp\/v2\/media?parent=5961"}],"wp:term":[{"taxonomy":"product-name","embeddable":true,"href":"https:\/\/noordi.com\/pl\/wp-json\/wp\/v2\/product-name?post=5961"},{"taxonomy":"product_brand","embeddable":true,"href":"https:\/\/noordi.com\/pl\/wp-json\/wp\/v2\/product_brand?post=5961"},{"taxonomy":"product_cat","embeddable":true,"href":"https:\/\/noordi.com\/pl\/wp-json\/wp\/v2\/product_cat?post=5961"},{"taxonomy":"product_tag","embeddable":true,"href":"https:\/\/noordi.com\/pl\/wp-json\/wp\/v2\/product_tag?post=5961"}],"curies":[{"name":"wp","href":"https:\/\/api.w.org\/{rel}","templated":true}]}}