{"id":5335,"date":"2025-04-03T08:45:42","date_gmt":"2025-04-03T08:45:42","guid":{"rendered":"https:\/\/noordi.com\/product\/aqua-v-2\/"},"modified":"2025-11-21T07:22:21","modified_gmt":"2025-11-21T07:22:21","slug":"aqua-v-2","status":"publish","type":"product","link":"https:\/\/noordi.com\/pl\/product\/aqua-v-2\/","title":{"rendered":"Aqua V.2"},"content":{"rendered":"<p>Aqua V.2 definiuje luksus i nowoczesno\u015b\u0107, zaprojektowana dla rodzic\u00f3w, kt\u00f3rzy ceni\u0105 wyrafinowanie, wysokiej jako\u015bci materia\u0142y i najnowocze\u015bniejsze funkcje. Doskona\u0142e po\u0142\u0105czenie elegancji i komfortu dla eleganckiego, luksusowego do\u015bwiadczenia rodzicielstwa. <\/p>\n","protected":false},"excerpt":{"rendered":"<p>Aqua V.2 definiuje luksus i nowoczesno\u015b\u0107, zaprojektowana dla rodzic\u00f3w, kt\u00f3rzy ceni\u0105 wyrafinowanie, wysokiej jako\u015bci materia\u0142y i najnowocze\u015bniejsze funkcje. Doskona\u0142e po\u0142\u0105czenie elegancji i komfortu dla eleganckiego, luksusowego do\u015bwiadczenia rodzicielstwa.<\/p>\n","protected":false},"featured_media":5336,"comment_status":"closed","ping_status":"closed","template":"","meta":{"_acf_changed":false,"inline_featured_image":false,"_product_box_image":"https:\/\/noordi.com\/wp-content\/uploads\/2025\/04\/aqua-whats-in-the-box-2.jpg","_product_box_image_id":1944},"product-name":[64],"product_brand":[],"product_cat":[188],"product_tag":[],"class_list":{"0":"post-5335","1":"product","2":"type-product","3":"status-publish","4":"has-post-thumbnail","6":"product-name-aqua","7":"product_cat-wozek","9":"first","10":"instock","11":"sale","12":"featured","13":"shipping-taxable","14":"purchasable","15":"product-type-variable","16":"has-default-attributes","17":"rtwpvg-product"},"acf":[],"_links":{"self":[{"href":"https:\/\/noordi.com\/pl\/wp-json\/wp\/v2\/product\/5335","targetHints":{"allow":["GET"]}}],"collection":[{"href":"https:\/\/noordi.com\/pl\/wp-json\/wp\/v2\/product"}],"about":[{"href":"https:\/\/noordi.com\/pl\/wp-json\/wp\/v2\/types\/product"}],"replies":[{"embeddable":true,"href":"https:\/\/noordi.com\/pl\/wp-json\/wp\/v2\/comments?post=5335"}],"wp:featuredmedia":[{"embeddable":true,"href":"https:\/\/noordi.com\/pl\/wp-json\/wp\/v2\/media\/5336"}],"wp:attachment":[{"href":"https:\/\/noordi.com\/pl\/wp-json\/wp\/v2\/media?parent=5335"}],"wp:term":[{"taxonomy":"product-name","embeddable":true,"href":"https:\/\/noordi.com\/pl\/wp-json\/wp\/v2\/product-name?post=5335"},{"taxonomy":"product_brand","embeddable":true,"href":"https:\/\/noordi.com\/pl\/wp-json\/wp\/v2\/product_brand?post=5335"},{"taxonomy":"product_cat","embeddable":true,"href":"https:\/\/noordi.com\/pl\/wp-json\/wp\/v2\/product_cat?post=5335"},{"taxonomy":"product_tag","embeddable":true,"href":"https:\/\/noordi.com\/pl\/wp-json\/wp\/v2\/product_tag?post=5335"}],"curies":[{"name":"wp","href":"https:\/\/api.w.org\/{rel}","templated":true}]}}