{"id":5164,"date":"2025-04-03T09:46:06","date_gmt":"2025-04-03T09:46:06","guid":{"rendered":"https:\/\/noordi.com\/product\/fjordi-v-2\/"},"modified":"2025-11-21T07:24:11","modified_gmt":"2025-11-21T07:24:11","slug":"fjordi-v-2","status":"publish","type":"product","link":"https:\/\/noordi.com\/pl\/product\/fjordi-v-2\/","title":{"rendered":"Fjordi V.2"},"content":{"rendered":"<p>Fjordi V.2oferuje rozwi\u0105zanie \u015bredniej klasy, \u0142\u0105cz\u0105ce zwi\u0119kszon\u0105 manewrowo\u015b\u0107, komfort i nowoczesny design. Idealny dla rodzin poszukuj\u0105cych wszechstronno\u015bci i premium funkcji w rozs\u0105dnej cenie. <\/p>\n","protected":false},"excerpt":{"rendered":"<p>Fjordi V.2oferuje rozwi\u0105zanie \u015bredniej klasy, \u0142\u0105cz\u0105ce zwi\u0119kszon\u0105 manewrowo\u015b\u0107, komfort i nowoczesny design. Idealny dla rodzin poszukuj\u0105cych wszechstronno\u015bci i premium funkcji w rozs\u0105dnej cenie.<\/p>\n","protected":false},"featured_media":5166,"comment_status":"closed","ping_status":"closed","template":"","meta":{"_acf_changed":false,"inline_featured_image":false,"_product_box_image":"https:\/\/noordi.com\/wp-content\/uploads\/2025\/04\/fjordi-whats-in-the-box-2.jpg","_product_box_image_id":2056},"product-name":[63],"product_brand":[],"product_cat":[188],"product_tag":[],"class_list":{"0":"post-5164","1":"product","2":"type-product","3":"status-publish","4":"has-post-thumbnail","6":"product-name-fjordi","7":"product_cat-wozek","9":"first","10":"instock","11":"sale","12":"featured","13":"shipping-taxable","14":"purchasable","15":"product-type-variable","16":"rtwpvg-product"},"acf":[],"_links":{"self":[{"href":"https:\/\/noordi.com\/pl\/wp-json\/wp\/v2\/product\/5164","targetHints":{"allow":["GET"]}}],"collection":[{"href":"https:\/\/noordi.com\/pl\/wp-json\/wp\/v2\/product"}],"about":[{"href":"https:\/\/noordi.com\/pl\/wp-json\/wp\/v2\/types\/product"}],"replies":[{"embeddable":true,"href":"https:\/\/noordi.com\/pl\/wp-json\/wp\/v2\/comments?post=5164"}],"wp:featuredmedia":[{"embeddable":true,"href":"https:\/\/noordi.com\/pl\/wp-json\/wp\/v2\/media\/5166"}],"wp:attachment":[{"href":"https:\/\/noordi.com\/pl\/wp-json\/wp\/v2\/media?parent=5164"}],"wp:term":[{"taxonomy":"product-name","embeddable":true,"href":"https:\/\/noordi.com\/pl\/wp-json\/wp\/v2\/product-name?post=5164"},{"taxonomy":"product_brand","embeddable":true,"href":"https:\/\/noordi.com\/pl\/wp-json\/wp\/v2\/product_brand?post=5164"},{"taxonomy":"product_cat","embeddable":true,"href":"https:\/\/noordi.com\/pl\/wp-json\/wp\/v2\/product_cat?post=5164"},{"taxonomy":"product_tag","embeddable":true,"href":"https:\/\/noordi.com\/pl\/wp-json\/wp\/v2\/product_tag?post=5164"}],"curies":[{"name":"wp","href":"https:\/\/api.w.org\/{rel}","templated":true}]}}