{"id":5009,"date":"2025-04-03T11:22:19","date_gmt":"2025-04-03T11:22:19","guid":{"rendered":"https:\/\/noordi.com\/product\/plecak\/"},"modified":"2025-04-03T11:22:19","modified_gmt":"2025-04-03T11:22:19","slug":"plecak","status":"publish","type":"product","link":"https:\/\/noordi.com\/pl\/product\/plecak\/","title":{"rendered":"Plecak"},"content":{"rendered":"<p>Plecak Noordi na nowo definiuje nowoczesne wyrafinowanie, stworzony dla miejskich odkrywc\u00f3w, kt\u00f3rzy ceni\u0105 styl i wydajno\u015b\u0107. Skrupulatnie wykonany z materia\u0142\u00f3w premium i innowacyjnych funkcji, oferuje idealne po\u0142\u0105czenie elegancji i praktyczno\u015bci. Niezale\u017cnie od tego, czy poruszasz si\u0119 ulicami miasta, czy wyruszasz na \u0142ono natury, Plecak Noordi zapewnia podr\u00f3\u017cowanie z bezproblemowym po\u0142\u0105czeniem komfortu i najnowocze\u015bniejszego designu.  <\/p>\n","protected":false},"excerpt":{"rendered":"<p>Plecak Noordi na nowo definiuje nowoczesne wyrafinowanie, stworzony dla miejskich odkrywc\u00f3w, kt\u00f3rzy ceni\u0105 styl i wydajno\u015b\u0107. Skrupulatnie wykonany z materia\u0142\u00f3w premium i innowacyjnych funkcji, oferuje idealne po\u0142\u0105czenie elegancji i praktyczno\u015bci. Niezale\u017cnie od tego, czy poruszasz si\u0119 ulicami miasta, czy wyruszasz na \u0142ono natury, Plecak Noordi zapewnia podr\u00f3\u017cowanie z bezproblemowym po\u0142\u0105czeniem komfortu i najnowocze\u015bniejszego designu.<\/p>\n","protected":false},"featured_media":5024,"comment_status":"closed","ping_status":"closed","template":"","meta":{"_acf_changed":false,"inline_featured_image":false,"_product_box_image":"","_product_box_image_id":0},"product-name":[],"product_brand":[],"product_cat":[172],"product_tag":[],"class_list":{"0":"post-5009","1":"product","2":"type-product","3":"status-publish","4":"has-post-thumbnail","6":"product_cat-akcesoria","8":"first","9":"instock","10":"shipping-taxable","11":"purchasable","12":"product-type-simple"},"acf":[],"_links":{"self":[{"href":"https:\/\/noordi.com\/pl\/wp-json\/wp\/v2\/product\/5009","targetHints":{"allow":["GET"]}}],"collection":[{"href":"https:\/\/noordi.com\/pl\/wp-json\/wp\/v2\/product"}],"about":[{"href":"https:\/\/noordi.com\/pl\/wp-json\/wp\/v2\/types\/product"}],"replies":[{"embeddable":true,"href":"https:\/\/noordi.com\/pl\/wp-json\/wp\/v2\/comments?post=5009"}],"wp:featuredmedia":[{"embeddable":true,"href":"https:\/\/noordi.com\/pl\/wp-json\/wp\/v2\/media\/5024"}],"wp:attachment":[{"href":"https:\/\/noordi.com\/pl\/wp-json\/wp\/v2\/media?parent=5009"}],"wp:term":[{"taxonomy":"product-name","embeddable":true,"href":"https:\/\/noordi.com\/pl\/wp-json\/wp\/v2\/product-name?post=5009"},{"taxonomy":"product_brand","embeddable":true,"href":"https:\/\/noordi.com\/pl\/wp-json\/wp\/v2\/product_brand?post=5009"},{"taxonomy":"product_cat","embeddable":true,"href":"https:\/\/noordi.com\/pl\/wp-json\/wp\/v2\/product_cat?post=5009"},{"taxonomy":"product_tag","embeddable":true,"href":"https:\/\/noordi.com\/pl\/wp-json\/wp\/v2\/product_tag?post=5009"}],"curies":[{"name":"wp","href":"https:\/\/api.w.org\/{rel}","templated":true}]}}