{"id":4888,"date":"2025-04-04T07:15:59","date_gmt":"2025-04-04T07:15:59","guid":{"rendered":"https:\/\/noordi.com\/product\/net-deluxe\/"},"modified":"2025-11-21T07:36:24","modified_gmt":"2025-11-21T07:36:24","slug":"net-deluxe","status":"publish","type":"product","link":"https:\/\/noordi.com\/pl\/product\/net-deluxe\/","title":{"rendered":"Net Deluxe"},"content":{"rendered":"<p>Aqua v.2 definiuje luksus i nowoczesno\u015b\u0107, zaprojektowane dla rodzic\u00f3w, kt\u00f3rzy stawiaj\u0105 na wyrafinowanie, materia\u0142y premium i najnowocze\u015bniejsze funkcje. Idealne po\u0142\u0105czenie elegancji i komfortu dla eleganckiego, luksusowego do\u015bwiadczenia rodzicielskiego. <\/p>\n","protected":false},"excerpt":{"rendered":"<p>Aqua v.2 definiuje luksus i nowoczesno\u015b\u0107, zaprojektowane dla rodzic\u00f3w, kt\u00f3rzy stawiaj\u0105 na wyrafinowanie, materia\u0142y premium i najnowocze\u015bniejsze funkcje. Idealne po\u0142\u0105czenie elegancji i komfortu dla eleganckiego, luksusowego do\u015bwiadczenia rodzicielskiego.<\/p>\n","protected":false},"featured_media":4889,"comment_status":"closed","ping_status":"closed","template":"","meta":{"_acf_changed":false,"inline_featured_image":false,"_product_box_image":"","_product_box_image_id":0},"product-name":[],"product_brand":[],"product_cat":[172],"product_tag":[],"class_list":{"0":"post-4888","1":"product","2":"type-product","3":"status-publish","4":"has-post-thumbnail","6":"product_cat-akcesoria","8":"first","9":"instock","10":"shipping-taxable","11":"purchasable","12":"product-type-simple"},"acf":[],"_links":{"self":[{"href":"https:\/\/noordi.com\/pl\/wp-json\/wp\/v2\/product\/4888","targetHints":{"allow":["GET"]}}],"collection":[{"href":"https:\/\/noordi.com\/pl\/wp-json\/wp\/v2\/product"}],"about":[{"href":"https:\/\/noordi.com\/pl\/wp-json\/wp\/v2\/types\/product"}],"replies":[{"embeddable":true,"href":"https:\/\/noordi.com\/pl\/wp-json\/wp\/v2\/comments?post=4888"}],"wp:featuredmedia":[{"embeddable":true,"href":"https:\/\/noordi.com\/pl\/wp-json\/wp\/v2\/media\/4889"}],"wp:attachment":[{"href":"https:\/\/noordi.com\/pl\/wp-json\/wp\/v2\/media?parent=4888"}],"wp:term":[{"taxonomy":"product-name","embeddable":true,"href":"https:\/\/noordi.com\/pl\/wp-json\/wp\/v2\/product-name?post=4888"},{"taxonomy":"product_brand","embeddable":true,"href":"https:\/\/noordi.com\/pl\/wp-json\/wp\/v2\/product_brand?post=4888"},{"taxonomy":"product_cat","embeddable":true,"href":"https:\/\/noordi.com\/pl\/wp-json\/wp\/v2\/product_cat?post=4888"},{"taxonomy":"product_tag","embeddable":true,"href":"https:\/\/noordi.com\/pl\/wp-json\/wp\/v2\/product_tag?post=4888"}],"curies":[{"name":"wp","href":"https:\/\/api.w.org\/{rel}","templated":true}]}}