{"id":4884,"date":"2025-04-04T08:18:51","date_gmt":"2025-04-04T08:18:51","guid":{"rendered":"https:\/\/noordi.com\/product\/rekawice-zimowe\/"},"modified":"2025-04-04T08:18:51","modified_gmt":"2025-04-04T08:18:51","slug":"rekawice-zimowe","status":"publish","type":"product","link":"https:\/\/noordi.com\/pl\/product\/rekawice-zimowe\/","title":{"rendered":"R\u0119kawice zimowe"},"content":{"rendered":"<p>R\u0119kawice zimowe NOORDI na nowo definiuj\u0105 wyrafinowanie i nowoczesno\u015b\u0107 dla wymagaj\u0105cych rodzic\u00f3w. Wykonane z materia\u0142\u00f3w premium i najnowocze\u015bniejszej izolacji, te r\u0119kawice oferuj\u0105 wyj\u0105tkowe ciep\u0142o i trwa\u0142o\u015b\u0107 bez po\u015bwi\u0119cania stylu. Intuicyjne, regulowane dopasowanie i wygodne mocowanie na zatrzask zapewniaj\u0105, \u017ce uzupe\u0142ni\u0105 ka\u017cdy zimowy spacer idealnym po\u0142\u0105czeniem elegancji i komfortu.  <\/p>\n","protected":false},"excerpt":{"rendered":"<p>R\u0119kawice zimowe NOORDI na nowo definiuj\u0105 wyrafinowanie i nowoczesno\u015b\u0107 dla wymagaj\u0105cych rodzic\u00f3w. Wykonane z materia\u0142\u00f3w premium i najnowocze\u015bniejszej izolacji, te r\u0119kawice oferuj\u0105 wyj\u0105tkowe ciep\u0142o i trwa\u0142o\u015b\u0107 bez po\u015bwi\u0119cania stylu. Intuicyjne, regulowane dopasowanie i wygodne mocowanie na zatrzask zapewniaj\u0105, \u017ce uzupe\u0142ni\u0105 ka\u017cdy zimowy spacer idealnym po\u0142\u0105czeniem elegancji i komfortu.<\/p>\n","protected":false},"featured_media":4885,"comment_status":"closed","ping_status":"closed","template":"","meta":{"_acf_changed":false,"inline_featured_image":false,"_product_box_image":"","_product_box_image_id":0},"product-name":[],"product_brand":[],"product_cat":[172],"product_tag":[],"class_list":{"0":"post-4884","1":"product","2":"type-product","3":"status-publish","4":"has-post-thumbnail","6":"product_cat-akcesoria","8":"first","9":"instock","10":"shipping-taxable","11":"purchasable","12":"product-type-simple"},"acf":[],"_links":{"self":[{"href":"https:\/\/noordi.com\/pl\/wp-json\/wp\/v2\/product\/4884","targetHints":{"allow":["GET"]}}],"collection":[{"href":"https:\/\/noordi.com\/pl\/wp-json\/wp\/v2\/product"}],"about":[{"href":"https:\/\/noordi.com\/pl\/wp-json\/wp\/v2\/types\/product"}],"replies":[{"embeddable":true,"href":"https:\/\/noordi.com\/pl\/wp-json\/wp\/v2\/comments?post=4884"}],"wp:featuredmedia":[{"embeddable":true,"href":"https:\/\/noordi.com\/pl\/wp-json\/wp\/v2\/media\/4885"}],"wp:attachment":[{"href":"https:\/\/noordi.com\/pl\/wp-json\/wp\/v2\/media?parent=4884"}],"wp:term":[{"taxonomy":"product-name","embeddable":true,"href":"https:\/\/noordi.com\/pl\/wp-json\/wp\/v2\/product-name?post=4884"},{"taxonomy":"product_brand","embeddable":true,"href":"https:\/\/noordi.com\/pl\/wp-json\/wp\/v2\/product_brand?post=4884"},{"taxonomy":"product_cat","embeddable":true,"href":"https:\/\/noordi.com\/pl\/wp-json\/wp\/v2\/product_cat?post=4884"},{"taxonomy":"product_tag","embeddable":true,"href":"https:\/\/noordi.com\/pl\/wp-json\/wp\/v2\/product_tag?post=4884"}],"curies":[{"name":"wp","href":"https:\/\/api.w.org\/{rel}","templated":true}]}}