{"id":4878,"date":"2025-04-04T07:43:02","date_gmt":"2025-04-04T07:43:02","guid":{"rendered":"https:\/\/noordi.com\/product\/spiworek-zimowy\/"},"modified":"2025-11-21T07:50:29","modified_gmt":"2025-11-21T07:50:29","slug":"spiworek-zimowy","status":"publish","type":"product","link":"https:\/\/noordi.com\/pl\/product\/spiworek-zimowy\/","title":{"rendered":"Winter Sleeping Bag"},"content":{"rendered":"<p>Zimowy \u015bpiworek Noordi na nowo definiuje komfort i przygod\u0119 w zimowych warunkach. Stworzony dla wymagaj\u0105cych odkrywc\u00f3w, kt\u00f3rzy ceni\u0105 zar\u00f3wno styl, jak i wydajno\u015b\u0107, \u0142\u0105czy w sobie wysokiej jako\u015bci izolacj\u0119 z innowacyjnym designem. Ciesz si\u0119 doskona\u0142\u0105 harmoni\u0105 elegancji i solidnej funkcjonalno\u015bci, podnosz\u0105c swoje zimowe do\u015bwiadczenia na nowy poziom.  <\/p>\n","protected":false},"excerpt":{"rendered":"<p>Zimowy \u015bpiworek Noordi na nowo definiuje komfort i przygod\u0119 w zimowych warunkach. Stworzony dla wymagaj\u0105cych odkrywc\u00f3w, kt\u00f3rzy ceni\u0105 zar\u00f3wno styl, jak i wydajno\u015b\u0107, \u0142\u0105czy w sobie wysokiej jako\u015bci izolacj\u0119 z innowacyjnym designem. Ciesz si\u0119 doskona\u0142\u0105 harmoni\u0105 elegancji i solidnej funkcjonalno\u015bci, podnosz\u0105c swoje zimowe do\u015bwiadczenia na nowy poziom.<\/p>\n","protected":false},"featured_media":4883,"comment_status":"closed","ping_status":"closed","template":"","meta":{"_acf_changed":false,"inline_featured_image":false,"_product_box_image":"","_product_box_image_id":0},"product-name":[],"product_brand":[],"product_cat":[172],"product_tag":[],"class_list":{"0":"post-4878","1":"product","2":"type-product","3":"status-publish","4":"has-post-thumbnail","6":"product_cat-akcesoria","8":"first","9":"instock","10":"shipping-taxable","11":"purchasable","12":"product-type-simple"},"acf":[],"_links":{"self":[{"href":"https:\/\/noordi.com\/pl\/wp-json\/wp\/v2\/product\/4878","targetHints":{"allow":["GET"]}}],"collection":[{"href":"https:\/\/noordi.com\/pl\/wp-json\/wp\/v2\/product"}],"about":[{"href":"https:\/\/noordi.com\/pl\/wp-json\/wp\/v2\/types\/product"}],"replies":[{"embeddable":true,"href":"https:\/\/noordi.com\/pl\/wp-json\/wp\/v2\/comments?post=4878"}],"wp:featuredmedia":[{"embeddable":true,"href":"https:\/\/noordi.com\/pl\/wp-json\/wp\/v2\/media\/4883"}],"wp:attachment":[{"href":"https:\/\/noordi.com\/pl\/wp-json\/wp\/v2\/media?parent=4878"}],"wp:term":[{"taxonomy":"product-name","embeddable":true,"href":"https:\/\/noordi.com\/pl\/wp-json\/wp\/v2\/product-name?post=4878"},{"taxonomy":"product_brand","embeddable":true,"href":"https:\/\/noordi.com\/pl\/wp-json\/wp\/v2\/product_brand?post=4878"},{"taxonomy":"product_cat","embeddable":true,"href":"https:\/\/noordi.com\/pl\/wp-json\/wp\/v2\/product_cat?post=4878"},{"taxonomy":"product_tag","embeddable":true,"href":"https:\/\/noordi.com\/pl\/wp-json\/wp\/v2\/product_tag?post=4878"}],"curies":[{"name":"wp","href":"https:\/\/api.w.org\/{rel}","templated":true}]}}