{"id":4867,"date":"2025-04-04T07:37:06","date_gmt":"2025-04-04T07:37:06","guid":{"rendered":"https:\/\/noordi.com\/product\/pozytywka-z-dzwiekami-natury\/"},"modified":"2025-11-21T07:50:28","modified_gmt":"2025-11-21T07:50:28","slug":"pozytywka-z-dzwiekami-natury","status":"publish","type":"product","link":"https:\/\/noordi.com\/pl\/product\/pozytywka-z-dzwiekami-natury\/","title":{"rendered":"Nature Soundbox"},"content":{"rendered":"<p>Pozytywka Noordi Nature uspokaja Twoje dziecko koj\u0105cymi d\u017awi\u0119kami natury, takimi jak fale, deszcz i delikatne ko\u0142ysanki, aby z\u0142agodzi\u0107 p\u0142acz i promowa\u0107 lepszy sen. Jej kompaktowy, lekki design i d\u0142ugotrwa\u0142a bateria sprawiaj\u0105, \u017ce jest idealna na spokojne noce w domu lub w podr\u00f3\u017cy. <\/p>\n","protected":false},"excerpt":{"rendered":"<p>Pozytywka Noordi Nature uspokaja Twoje dziecko koj\u0105cymi d\u017awi\u0119kami natury, takimi jak fale, deszcz i delikatne ko\u0142ysanki, aby z\u0142agodzi\u0107 p\u0142acz i promowa\u0107 lepszy sen. Jej kompaktowy, lekki design i d\u0142ugotrwa\u0142a bateria sprawiaj\u0105, \u017ce jest idealna na spokojne noce w domu lub w podr\u00f3\u017cy.<\/p>\n","protected":false},"featured_media":4869,"comment_status":"closed","ping_status":"closed","template":"","meta":{"_acf_changed":false,"inline_featured_image":false,"_product_box_image":"","_product_box_image_id":0},"product-name":[],"product_brand":[],"product_cat":[172],"product_tag":[],"class_list":{"0":"post-4867","1":"product","2":"type-product","3":"status-publish","4":"has-post-thumbnail","6":"product_cat-akcesoria","8":"first","9":"instock","10":"shipping-taxable","11":"purchasable","12":"product-type-simple"},"acf":[],"_links":{"self":[{"href":"https:\/\/noordi.com\/pl\/wp-json\/wp\/v2\/product\/4867","targetHints":{"allow":["GET"]}}],"collection":[{"href":"https:\/\/noordi.com\/pl\/wp-json\/wp\/v2\/product"}],"about":[{"href":"https:\/\/noordi.com\/pl\/wp-json\/wp\/v2\/types\/product"}],"replies":[{"embeddable":true,"href":"https:\/\/noordi.com\/pl\/wp-json\/wp\/v2\/comments?post=4867"}],"wp:featuredmedia":[{"embeddable":true,"href":"https:\/\/noordi.com\/pl\/wp-json\/wp\/v2\/media\/4869"}],"wp:attachment":[{"href":"https:\/\/noordi.com\/pl\/wp-json\/wp\/v2\/media?parent=4867"}],"wp:term":[{"taxonomy":"product-name","embeddable":true,"href":"https:\/\/noordi.com\/pl\/wp-json\/wp\/v2\/product-name?post=4867"},{"taxonomy":"product_brand","embeddable":true,"href":"https:\/\/noordi.com\/pl\/wp-json\/wp\/v2\/product_brand?post=4867"},{"taxonomy":"product_cat","embeddable":true,"href":"https:\/\/noordi.com\/pl\/wp-json\/wp\/v2\/product_cat?post=4867"},{"taxonomy":"product_tag","embeddable":true,"href":"https:\/\/noordi.com\/pl\/wp-json\/wp\/v2\/product_tag?post=4867"}],"curies":[{"name":"wp","href":"https:\/\/api.w.org\/{rel}","templated":true}]}}