{"id":4850,"date":"2025-04-16T11:24:03","date_gmt":"2025-04-16T11:24:03","guid":{"rendered":"https:\/\/noordi.com\/product\/uchwyt-na-kubek\/"},"modified":"2025-04-16T11:24:03","modified_gmt":"2025-04-16T11:24:03","slug":"uchwyt-na-kubek","status":"publish","type":"product","link":"https:\/\/noordi.com\/pl\/product\/uchwyt-na-kubek\/","title":{"rendered":"Uchwyt na kubek"},"content":{"rendered":"<p>Zachowaj bezpiecze\u0144stwo swojego napoju w podr\u00f3\u017cy. Dzi\u0119ki wszechstronnemu designowi, bezpiecznemu dopasowaniu i wsp\u00f3\u0142czesnemu stylowi, Uniwersalny Uchwyt na Kubek Noordi zapewnia, \u017ce tw\u00f3j ulubiony nap\u00f3j jest zawsze w zasi\u0119gu r\u0119ki, dodaj\u0105c odrobin\u0119 wygody i nowoczesnego stylu do twoich codziennych przyg\u00f3d. <\/p>\n","protected":false},"excerpt":{"rendered":"<p>Zachowaj bezpiecze\u0144stwo swojego napoju w podr\u00f3\u017cy. Dzi\u0119ki wszechstronnemu designowi, bezpiecznemu dopasowaniu i wsp\u00f3\u0142czesnemu stylowi, Uniwersalny Uchwyt na Kubek Noordi zapewnia, \u017ce tw\u00f3j ulubiony nap\u00f3j jest zawsze w zasi\u0119gu r\u0119ki, dodaj\u0105c odrobin\u0119 wygody i nowoczesnego stylu do twoich codziennych przyg\u00f3d.<\/p>\n","protected":false},"featured_media":4854,"comment_status":"closed","ping_status":"closed","template":"","meta":{"_acf_changed":false,"inline_featured_image":false,"_product_box_image":"","_product_box_image_id":0},"product-name":[],"product_brand":[],"product_cat":[172],"product_tag":[],"class_list":{"0":"post-4850","1":"product","2":"type-product","3":"status-publish","4":"has-post-thumbnail","6":"product_cat-akcesoria","8":"first","9":"instock","10":"shipping-taxable","11":"purchasable","12":"product-type-simple"},"acf":[],"_links":{"self":[{"href":"https:\/\/noordi.com\/pl\/wp-json\/wp\/v2\/product\/4850","targetHints":{"allow":["GET"]}}],"collection":[{"href":"https:\/\/noordi.com\/pl\/wp-json\/wp\/v2\/product"}],"about":[{"href":"https:\/\/noordi.com\/pl\/wp-json\/wp\/v2\/types\/product"}],"replies":[{"embeddable":true,"href":"https:\/\/noordi.com\/pl\/wp-json\/wp\/v2\/comments?post=4850"}],"wp:featuredmedia":[{"embeddable":true,"href":"https:\/\/noordi.com\/pl\/wp-json\/wp\/v2\/media\/4854"}],"wp:attachment":[{"href":"https:\/\/noordi.com\/pl\/wp-json\/wp\/v2\/media?parent=4850"}],"wp:term":[{"taxonomy":"product-name","embeddable":true,"href":"https:\/\/noordi.com\/pl\/wp-json\/wp\/v2\/product-name?post=4850"},{"taxonomy":"product_brand","embeddable":true,"href":"https:\/\/noordi.com\/pl\/wp-json\/wp\/v2\/product_brand?post=4850"},{"taxonomy":"product_cat","embeddable":true,"href":"https:\/\/noordi.com\/pl\/wp-json\/wp\/v2\/product_cat?post=4850"},{"taxonomy":"product_tag","embeddable":true,"href":"https:\/\/noordi.com\/pl\/wp-json\/wp\/v2\/product_tag?post=4850"}],"curies":[{"name":"wp","href":"https:\/\/api.w.org\/{rel}","templated":true}]}}