{"id":4793,"date":"2025-04-16T11:37:01","date_gmt":"2025-04-16T11:37:01","guid":{"rendered":"https:\/\/noordi.com\/product\/terra-edu-sky-i-size\/"},"modified":"2025-11-21T07:53:11","modified_gmt":"2025-11-21T07:53:11","slug":"terra-edu-sky-i-size","status":"publish","type":"product","link":"https:\/\/noordi.com\/pl\/product\/terra-edu-sky-i-size\/","title":{"rendered":"Terra edu-sky I-Size"},"content":{"rendered":"<p>Terra edu-sky I-Size firmy Noordi wspiera odkrywanie, zapewniaj\u0105c zaawansowan\u0105 ochron\u0119 i trwa\u0142y komfort, gwarantuj\u0105c bezpieczne podr\u00f3\u017ce i spok\u00f3j ducha, gdziekolwiek zabierze ci\u0119 dzie\u0144.<\/p>\n","protected":false},"excerpt":{"rendered":"<p>Terra edu-sky I-Size firmy Noordi wspiera odkrywanie, zapewniaj\u0105c zaawansowan\u0105 ochron\u0119 i trwa\u0142y komfort, gwarantuj\u0105c bezpieczne podr\u00f3\u017ce i spok\u00f3j ducha, gdziekolwiek zabierze ci\u0119 dzie\u0144.<\/p>\n","protected":false},"featured_media":4798,"comment_status":"closed","ping_status":"closed","template":"","meta":{"_acf_changed":false,"inline_featured_image":false,"_product_box_image":"","_product_box_image_id":0},"product-name":[],"product_brand":[],"product_cat":[170],"product_tag":[],"class_list":{"0":"post-4793","1":"product","2":"type-product","3":"status-publish","4":"has-post-thumbnail","6":"product_cat-foteliki-samochodowe","8":"first","9":"instock","10":"shipping-taxable","11":"purchasable","12":"product-type-simple"},"acf":[],"_links":{"self":[{"href":"https:\/\/noordi.com\/pl\/wp-json\/wp\/v2\/product\/4793","targetHints":{"allow":["GET"]}}],"collection":[{"href":"https:\/\/noordi.com\/pl\/wp-json\/wp\/v2\/product"}],"about":[{"href":"https:\/\/noordi.com\/pl\/wp-json\/wp\/v2\/types\/product"}],"replies":[{"embeddable":true,"href":"https:\/\/noordi.com\/pl\/wp-json\/wp\/v2\/comments?post=4793"}],"wp:featuredmedia":[{"embeddable":true,"href":"https:\/\/noordi.com\/pl\/wp-json\/wp\/v2\/media\/4798"}],"wp:attachment":[{"href":"https:\/\/noordi.com\/pl\/wp-json\/wp\/v2\/media?parent=4793"}],"wp:term":[{"taxonomy":"product-name","embeddable":true,"href":"https:\/\/noordi.com\/pl\/wp-json\/wp\/v2\/product-name?post=4793"},{"taxonomy":"product_brand","embeddable":true,"href":"https:\/\/noordi.com\/pl\/wp-json\/wp\/v2\/product_brand?post=4793"},{"taxonomy":"product_cat","embeddable":true,"href":"https:\/\/noordi.com\/pl\/wp-json\/wp\/v2\/product_cat?post=4793"},{"taxonomy":"product_tag","embeddable":true,"href":"https:\/\/noordi.com\/pl\/wp-json\/wp\/v2\/product_tag?post=4793"}],"curies":[{"name":"wp","href":"https:\/\/api.w.org\/{rel}","templated":true}]}}