{"id":4778,"date":"2025-04-18T06:32:18","date_gmt":"2025-04-18T06:32:18","guid":{"rendered":"https:\/\/noordi.com\/product\/adaptery-do-bazy-fotelika-samochodowego\/"},"modified":"2025-04-18T06:32:18","modified_gmt":"2025-04-18T06:32:18","slug":"adaptery-do-bazy-fotelika-samochodowego","status":"publish","type":"product","link":"https:\/\/noordi.com\/pl\/product\/adaptery-do-bazy-fotelika-samochodowego\/","title":{"rendered":"Adaptery do bazy fotelika samochodowego"},"content":{"rendered":"<p>Definiuj\u0105 wygod\u0119 i niezawodno\u015b\u0107, zaprojektowane dla rodzic\u00f3w, kt\u00f3rzy ceni\u0105 \u0142atwo\u015b\u0107 u\u017cytkowania, solidne materia\u0142y i proste funkcje. Idealne po\u0142\u0105czenie efektywno\u015bci i komfortu dla p\u0142ynnego, bezproblemowego do\u015bwiadczenia rodzicielskiego. <\/p>\n","protected":false},"excerpt":{"rendered":"<p>Definiuj\u0105 wygod\u0119 i niezawodno\u015b\u0107, zaprojektowane dla rodzic\u00f3w, kt\u00f3rzy ceni\u0105 \u0142atwo\u015b\u0107 u\u017cytkowania, solidne materia\u0142y i proste funkcje. Idealne po\u0142\u0105czenie efektywno\u015bci i komfortu dla p\u0142ynnego, bezproblemowego do\u015bwiadczenia rodzicielskiego.<\/p>\n","protected":false},"featured_media":4779,"comment_status":"closed","ping_status":"closed","template":"","meta":{"_acf_changed":false,"inline_featured_image":false,"_product_box_image":"","_product_box_image_id":0},"product-name":[],"product_brand":[],"product_cat":[170],"product_tag":[],"class_list":{"0":"post-4778","1":"product","2":"type-product","3":"status-publish","4":"has-post-thumbnail","6":"product_cat-foteliki-samochodowe","8":"first","9":"instock","10":"shipping-taxable","11":"purchasable","12":"product-type-variable","13":"has-default-attributes","14":"rtwpvg-product"},"acf":[],"_links":{"self":[{"href":"https:\/\/noordi.com\/pl\/wp-json\/wp\/v2\/product\/4778","targetHints":{"allow":["GET"]}}],"collection":[{"href":"https:\/\/noordi.com\/pl\/wp-json\/wp\/v2\/product"}],"about":[{"href":"https:\/\/noordi.com\/pl\/wp-json\/wp\/v2\/types\/product"}],"replies":[{"embeddable":true,"href":"https:\/\/noordi.com\/pl\/wp-json\/wp\/v2\/comments?post=4778"}],"wp:featuredmedia":[{"embeddable":true,"href":"https:\/\/noordi.com\/pl\/wp-json\/wp\/v2\/media\/4779"}],"wp:attachment":[{"href":"https:\/\/noordi.com\/pl\/wp-json\/wp\/v2\/media?parent=4778"}],"wp:term":[{"taxonomy":"product-name","embeddable":true,"href":"https:\/\/noordi.com\/pl\/wp-json\/wp\/v2\/product-name?post=4778"},{"taxonomy":"product_brand","embeddable":true,"href":"https:\/\/noordi.com\/pl\/wp-json\/wp\/v2\/product_brand?post=4778"},{"taxonomy":"product_cat","embeddable":true,"href":"https:\/\/noordi.com\/pl\/wp-json\/wp\/v2\/product_cat?post=4778"},{"taxonomy":"product_tag","embeddable":true,"href":"https:\/\/noordi.com\/pl\/wp-json\/wp\/v2\/product_tag?post=4778"}],"curies":[{"name":"wp","href":"https:\/\/api.w.org\/{rel}","templated":true}]}}