{"id":4759,"date":"2025-04-04T08:22:14","date_gmt":"2025-04-04T08:22:14","guid":{"rendered":"https:\/\/noordi.com\/product\/stojak-na-gondole\/"},"modified":"2025-04-04T08:22:14","modified_gmt":"2025-04-04T08:22:14","slug":"stojak-na-gondole","status":"publish","type":"product","link":"https:\/\/noordi.com\/pl\/product\/stojak-na-gondole\/","title":{"rendered":"Stojak na gondol\u0119"},"content":{"rendered":"<p>Ciesz si\u0119 wygodnym i stabilnym miejscem do odpoczynku gondoli Twojego noworodka w domu lub w podr\u00f3\u017cy. Jego lekka, a jednocze\u015bnie wytrzyma\u0142a konstrukcja sprawia, \u017ce monta\u017c i przechowywanie s\u0105 szybkie i \u0142atwe. <\/p>\n","protected":false},"excerpt":{"rendered":"<p>Ciesz si\u0119 wygodnym i stabilnym miejscem do odpoczynku gondoli Twojego noworodka w domu lub w podr\u00f3\u017cy. Jego lekka, a jednocze\u015bnie wytrzyma\u0142a konstrukcja sprawia, \u017ce monta\u017c i przechowywanie s\u0105 szybkie i \u0142atwe.<\/p>\n","protected":false},"featured_media":4764,"comment_status":"closed","ping_status":"closed","template":"","meta":{"_acf_changed":false,"inline_featured_image":false,"_product_box_image":"","_product_box_image_id":0},"product-name":[],"product_brand":[],"product_cat":[172],"product_tag":[],"class_list":{"0":"post-4759","1":"product","2":"type-product","3":"status-publish","4":"has-post-thumbnail","6":"product_cat-akcesoria","8":"first","9":"instock","10":"shipping-taxable","11":"purchasable","12":"product-type-simple"},"acf":[],"_links":{"self":[{"href":"https:\/\/noordi.com\/pl\/wp-json\/wp\/v2\/product\/4759","targetHints":{"allow":["GET"]}}],"collection":[{"href":"https:\/\/noordi.com\/pl\/wp-json\/wp\/v2\/product"}],"about":[{"href":"https:\/\/noordi.com\/pl\/wp-json\/wp\/v2\/types\/product"}],"replies":[{"embeddable":true,"href":"https:\/\/noordi.com\/pl\/wp-json\/wp\/v2\/comments?post=4759"}],"wp:featuredmedia":[{"embeddable":true,"href":"https:\/\/noordi.com\/pl\/wp-json\/wp\/v2\/media\/4764"}],"wp:attachment":[{"href":"https:\/\/noordi.com\/pl\/wp-json\/wp\/v2\/media?parent=4759"}],"wp:term":[{"taxonomy":"product-name","embeddable":true,"href":"https:\/\/noordi.com\/pl\/wp-json\/wp\/v2\/product-name?post=4759"},{"taxonomy":"product_brand","embeddable":true,"href":"https:\/\/noordi.com\/pl\/wp-json\/wp\/v2\/product_brand?post=4759"},{"taxonomy":"product_cat","embeddable":true,"href":"https:\/\/noordi.com\/pl\/wp-json\/wp\/v2\/product_cat?post=4759"},{"taxonomy":"product_tag","embeddable":true,"href":"https:\/\/noordi.com\/pl\/wp-json\/wp\/v2\/product_tag?post=4759"}],"curies":[{"name":"wp","href":"https:\/\/api.w.org\/{rel}","templated":true}]}}