{"id":4758,"date":"2025-04-18T06:57:37","date_gmt":"2025-04-18T06:57:37","guid":{"rendered":"https:\/\/noordi.com\/product\/baza-isofix\/"},"modified":"2025-04-18T06:57:37","modified_gmt":"2025-04-18T06:57:37","slug":"baza-isofix","status":"publish","type":"product","link":"https:\/\/noordi.com\/pl\/product\/baza-isofix\/","title":{"rendered":"Baza Isofix"},"content":{"rendered":"<p>Podnie\u015b poziom bezpiecze\u0144stwa swojego dziecka z Baz\u0105 Isofix &#8211; symbolem nowoczesnego luksusu dla wymagaj\u0105cych rodzic\u00f3w. Stworzona z wysokiej jako\u015bci materia\u0142\u00f3w i wykorzystuj\u0105ca najnowocze\u015bniejsz\u0105 technologi\u0119, p\u0142ynnie \u0142\u0105czy wyrafinowany design z najwy\u017cszym komfortem, zapewniaj\u0105c prawdziwie luksusowe do\u015bwiadczenie rodzicielskie. <\/p>\n","protected":false},"excerpt":{"rendered":"<p>Podnie\u015b poziom bezpiecze\u0144stwa swojego dziecka z Baz\u0105 Isofix &#8211; symbolem nowoczesnego luksusu dla wymagaj\u0105cych rodzic\u00f3w. Stworzona z wysokiej jako\u015bci materia\u0142\u00f3w i wykorzystuj\u0105ca najnowocze\u015bniejsz\u0105 technologi\u0119, p\u0142ynnie \u0142\u0105czy wyrafinowany design z najwy\u017cszym komfortem, zapewniaj\u0105c prawdziwie luksusowe do\u015bwiadczenie rodzicielskie.<\/p>\n","protected":false},"featured_media":4760,"comment_status":"closed","ping_status":"closed","template":"","meta":{"_acf_changed":false,"inline_featured_image":false,"_product_box_image":"","_product_box_image_id":0},"product-name":[],"product_brand":[],"product_cat":[170],"product_tag":[],"class_list":{"0":"post-4758","1":"product","2":"type-product","3":"status-publish","4":"has-post-thumbnail","6":"product_cat-foteliki-samochodowe","8":"first","9":"instock","10":"sale","11":"shipping-taxable","12":"purchasable","13":"product-type-simple"},"acf":[],"_links":{"self":[{"href":"https:\/\/noordi.com\/pl\/wp-json\/wp\/v2\/product\/4758","targetHints":{"allow":["GET"]}}],"collection":[{"href":"https:\/\/noordi.com\/pl\/wp-json\/wp\/v2\/product"}],"about":[{"href":"https:\/\/noordi.com\/pl\/wp-json\/wp\/v2\/types\/product"}],"replies":[{"embeddable":true,"href":"https:\/\/noordi.com\/pl\/wp-json\/wp\/v2\/comments?post=4758"}],"wp:featuredmedia":[{"embeddable":true,"href":"https:\/\/noordi.com\/pl\/wp-json\/wp\/v2\/media\/4760"}],"wp:attachment":[{"href":"https:\/\/noordi.com\/pl\/wp-json\/wp\/v2\/media?parent=4758"}],"wp:term":[{"taxonomy":"product-name","embeddable":true,"href":"https:\/\/noordi.com\/pl\/wp-json\/wp\/v2\/product-name?post=4758"},{"taxonomy":"product_brand","embeddable":true,"href":"https:\/\/noordi.com\/pl\/wp-json\/wp\/v2\/product_brand?post=4758"},{"taxonomy":"product_cat","embeddable":true,"href":"https:\/\/noordi.com\/pl\/wp-json\/wp\/v2\/product_cat?post=4758"},{"taxonomy":"product_tag","embeddable":true,"href":"https:\/\/noordi.com\/pl\/wp-json\/wp\/v2\/product_tag?post=4758"}],"curies":[{"name":"wp","href":"https:\/\/api.w.org\/{rel}","templated":true}]}}