{"id":5960,"date":"2026-01-08T16:32:05","date_gmt":"2026-01-08T16:32:05","guid":{"rendered":"https:\/\/noordi.com\/?post_type=product&#038;p=5960"},"modified":"2026-01-08T16:33:48","modified_gmt":"2026-01-08T16:33:48","slug":"fjordi-v-2-copy-copy-2","status":"publish","type":"product","link":"https:\/\/noordi.com\/lt\/product\/fjordi-v-2-copy-copy-2\/","title":{"rendered":"Fjordi V.2 (Copy) (Copy)"},"content":{"rendered":"<p>Fjordi V.2 si\u016blo vidutin\u0117s klas\u0117s sprendim\u0105, derinant\u012f pagerint\u0105 manevringum\u0105, komfort\u0105 ir modern\u0173 dizain\u0105. Idealiai tinka \u0161eimoms, ie\u0161kan\u010dioms universalumo ir auk\u0161\u010diausios kokyb\u0117s funkcij\u0173 u\u017e prieinam\u0105 kain\u0105. <\/p>\n","protected":false},"excerpt":{"rendered":"<p>Fjordi V.2 si\u016blo vidutin\u0117s klas\u0117s sprendim\u0105, derinant\u012f pagerint\u0105 manevringum\u0105, komfort\u0105 ir modern\u0173 dizain\u0105. Idealiai tinka \u0161eimoms, ie\u0161kan\u010dioms universalumo ir auk\u0161\u010diausios kokyb\u0117s funkcij\u0173 u\u017e prieinam\u0105 kain\u0105.<\/p>\n","protected":false},"featured_media":5924,"comment_status":"closed","ping_status":"closed","template":"","meta":{"_acf_changed":false,"inline_featured_image":false,"_product_box_image":"","_product_box_image_id":0},"product-name":[],"product_brand":[],"product_cat":[200],"product_tag":[],"class_list":{"0":"post-5960","1":"product","2":"type-product","3":"status-publish","4":"has-post-thumbnail","6":"product_cat-vezimelis","8":"first","9":"outofstock","10":"shipping-taxable","11":"product-type-simple"},"acf":[],"_links":{"self":[{"href":"https:\/\/noordi.com\/lt\/wp-json\/wp\/v2\/product\/5960","targetHints":{"allow":["GET"]}}],"collection":[{"href":"https:\/\/noordi.com\/lt\/wp-json\/wp\/v2\/product"}],"about":[{"href":"https:\/\/noordi.com\/lt\/wp-json\/wp\/v2\/types\/product"}],"replies":[{"embeddable":true,"href":"https:\/\/noordi.com\/lt\/wp-json\/wp\/v2\/comments?post=5960"}],"wp:featuredmedia":[{"embeddable":true,"href":"https:\/\/noordi.com\/lt\/wp-json\/wp\/v2\/media\/5924"}],"wp:attachment":[{"href":"https:\/\/noordi.com\/lt\/wp-json\/wp\/v2\/media?parent=5960"}],"wp:term":[{"taxonomy":"product-name","embeddable":true,"href":"https:\/\/noordi.com\/lt\/wp-json\/wp\/v2\/product-name?post=5960"},{"taxonomy":"product_brand","embeddable":true,"href":"https:\/\/noordi.com\/lt\/wp-json\/wp\/v2\/product_brand?post=5960"},{"taxonomy":"product_cat","embeddable":true,"href":"https:\/\/noordi.com\/lt\/wp-json\/wp\/v2\/product_cat?post=5960"},{"taxonomy":"product_tag","embeddable":true,"href":"https:\/\/noordi.com\/lt\/wp-json\/wp\/v2\/product_tag?post=5960"}],"curies":[{"name":"wp","href":"https:\/\/api.w.org\/{rel}","templated":true}]}}