{"id":5559,"date":"2025-04-01T06:43:23","date_gmt":"2025-04-01T06:43:23","guid":{"rendered":"https:\/\/noordi.com\/product\/luno-visos-trasos\/"},"modified":"2025-11-21T07:20:27","modified_gmt":"2025-11-21T07:20:27","slug":"luno-visos-trasos","status":"publish","type":"product","link":"https:\/\/noordi.com\/lt\/product\/luno-visos-trasos\/","title":{"rendered":"Luno All Trails"},"content":{"rendered":"<p>Luno All Trails pritaikytas nuotyki\u0173 ie\u0161kantiems t\u0117vams, kurie reikalauja auk\u0161\u010diausios kokyb\u0117s ir universalumo. Jo pa\u017eangios funkcijos ir skandinavi\u0161kas elegancija atitinka \u0161eim\u0173, kurios m\u0117gsta nuotykius ne keliuose, poreikius. <\/p>\n","protected":false},"excerpt":{"rendered":"<p>Luno All Trails pritaikytas nuotyki\u0173 ie\u0161kantiems t\u0117vams, kurie reikalauja auk\u0161\u010diausios kokyb\u0117s ir universalumo. Jo pa\u017eangios funkcijos ir skandinavi\u0161kas elegancija atitinka \u0161eim\u0173, kurios m\u0117gsta nuotykius ne keliuose, poreikius.<\/p>\n","protected":false},"featured_media":5561,"comment_status":"closed","ping_status":"closed","template":"","meta":{"_acf_changed":false,"inline_featured_image":false,"_product_box_image":"https:\/\/noordi.com\/wp-content\/uploads\/2025\/04\/whats-in-the-box.png","_product_box_image_id":838},"product-name":[66],"product_brand":[],"product_cat":[200],"product_tag":[],"class_list":{"0":"post-5559","1":"product","2":"type-product","3":"status-publish","4":"has-post-thumbnail","6":"product-name-luno","7":"product_cat-vezimelis","9":"first","10":"instock","11":"featured","12":"shipping-taxable","13":"purchasable","14":"product-type-variable","15":"has-default-attributes","16":"rtwpvg-product"},"acf":[],"_links":{"self":[{"href":"https:\/\/noordi.com\/lt\/wp-json\/wp\/v2\/product\/5559","targetHints":{"allow":["GET"]}}],"collection":[{"href":"https:\/\/noordi.com\/lt\/wp-json\/wp\/v2\/product"}],"about":[{"href":"https:\/\/noordi.com\/lt\/wp-json\/wp\/v2\/types\/product"}],"replies":[{"embeddable":true,"href":"https:\/\/noordi.com\/lt\/wp-json\/wp\/v2\/comments?post=5559"}],"wp:featuredmedia":[{"embeddable":true,"href":"https:\/\/noordi.com\/lt\/wp-json\/wp\/v2\/media\/5561"}],"wp:attachment":[{"href":"https:\/\/noordi.com\/lt\/wp-json\/wp\/v2\/media?parent=5559"}],"wp:term":[{"taxonomy":"product-name","embeddable":true,"href":"https:\/\/noordi.com\/lt\/wp-json\/wp\/v2\/product-name?post=5559"},{"taxonomy":"product_brand","embeddable":true,"href":"https:\/\/noordi.com\/lt\/wp-json\/wp\/v2\/product_brand?post=5559"},{"taxonomy":"product_cat","embeddable":true,"href":"https:\/\/noordi.com\/lt\/wp-json\/wp\/v2\/product_cat?post=5559"},{"taxonomy":"product_tag","embeddable":true,"href":"https:\/\/noordi.com\/lt\/wp-json\/wp\/v2\/product_tag?post=5559"}],"curies":[{"name":"wp","href":"https:\/\/api.w.org\/{rel}","templated":true}]}}