{"id":5357,"date":"2025-04-03T08:45:42","date_gmt":"2025-04-03T08:45:42","guid":{"rendered":"https:\/\/noordi.com\/product\/aqua-v-2\/"},"modified":"2025-11-21T07:22:22","modified_gmt":"2025-11-21T07:22:22","slug":"aqua-v-2","status":"publish","type":"product","link":"https:\/\/noordi.com\/lt\/product\/aqua-v-2\/","title":{"rendered":"Aqua V.2"},"content":{"rendered":"<p>Aqua V.2 apibr\u0117\u017eia prabang\u0105 ir modernum\u0105, sukurtas t\u0117vams, kurie teikia pirmenyb\u0119 rafinuotumui, auk\u0161\u010diausios kokyb\u0117s med\u017eiagoms ir pa\u017eangiausioms funkcijoms. Tobulas elegancijos ir komforto derinys, skirtas eleganti\u0161kai, prabangiai t\u0117vyst\u0117s patir\u010diai. <\/p>\n","protected":false},"excerpt":{"rendered":"<p>Aqua V.2 apibr\u0117\u017eia prabang\u0105 ir modernum\u0105, sukurtas t\u0117vams, kurie teikia pirmenyb\u0119 rafinuotumui, auk\u0161\u010diausios kokyb\u0117s med\u017eiagoms ir pa\u017eangiausioms funkcijoms. Tobulas elegancijos ir komforto derinys, skirtas eleganti\u0161kai, prabangiai t\u0117vyst\u0117s patir\u010diai.<\/p>\n","protected":false},"featured_media":5358,"comment_status":"closed","ping_status":"closed","template":"","meta":{"_acf_changed":false,"inline_featured_image":false,"_product_box_image":"https:\/\/noordi.com\/wp-content\/uploads\/2025\/04\/aqua-whats-in-the-box-2.jpg","_product_box_image_id":1944},"product-name":[64],"product_brand":[],"product_cat":[200],"product_tag":[],"class_list":{"0":"post-5357","1":"product","2":"type-product","3":"status-publish","4":"has-post-thumbnail","6":"product-name-aqua","7":"product_cat-vezimelis","9":"first","10":"instock","11":"sale","12":"featured","13":"shipping-taxable","14":"purchasable","15":"product-type-variable","16":"has-default-attributes","17":"rtwpvg-product"},"acf":[],"_links":{"self":[{"href":"https:\/\/noordi.com\/lt\/wp-json\/wp\/v2\/product\/5357","targetHints":{"allow":["GET"]}}],"collection":[{"href":"https:\/\/noordi.com\/lt\/wp-json\/wp\/v2\/product"}],"about":[{"href":"https:\/\/noordi.com\/lt\/wp-json\/wp\/v2\/types\/product"}],"replies":[{"embeddable":true,"href":"https:\/\/noordi.com\/lt\/wp-json\/wp\/v2\/comments?post=5357"}],"wp:featuredmedia":[{"embeddable":true,"href":"https:\/\/noordi.com\/lt\/wp-json\/wp\/v2\/media\/5358"}],"wp:attachment":[{"href":"https:\/\/noordi.com\/lt\/wp-json\/wp\/v2\/media?parent=5357"}],"wp:term":[{"taxonomy":"product-name","embeddable":true,"href":"https:\/\/noordi.com\/lt\/wp-json\/wp\/v2\/product-name?post=5357"},{"taxonomy":"product_brand","embeddable":true,"href":"https:\/\/noordi.com\/lt\/wp-json\/wp\/v2\/product_brand?post=5357"},{"taxonomy":"product_cat","embeddable":true,"href":"https:\/\/noordi.com\/lt\/wp-json\/wp\/v2\/product_cat?post=5357"},{"taxonomy":"product_tag","embeddable":true,"href":"https:\/\/noordi.com\/lt\/wp-json\/wp\/v2\/product_tag?post=5357"}],"curies":[{"name":"wp","href":"https:\/\/api.w.org\/{rel}","templated":true}]}}