{"id":5048,"date":"2025-04-03T09:46:06","date_gmt":"2025-04-03T09:46:06","guid":{"rendered":"https:\/\/noordi.com\/product\/fjordi-v-2\/"},"modified":"2025-11-21T07:24:13","modified_gmt":"2025-11-21T07:24:13","slug":"fjordi-v-2","status":"publish","type":"product","link":"https:\/\/noordi.com\/lt\/product\/fjordi-v-2\/","title":{"rendered":"Fjordi V.2"},"content":{"rendered":"<p>Fjordi V.2 si\u016blo vidutin\u0117s klas\u0117s sprendim\u0105, derinant\u012f pagerint\u0105 manevringum\u0105, komfort\u0105 ir modern\u0173 dizain\u0105. Idealiai tinka \u0161eimoms, ie\u0161kan\u010dioms universalumo ir auk\u0161\u010diausios kokyb\u0117s funkcij\u0173 u\u017e prieinam\u0105 kain\u0105. <\/p>\n","protected":false},"excerpt":{"rendered":"<p>Fjordi V.2 si\u016blo vidutin\u0117s klas\u0117s sprendim\u0105, derinant\u012f pagerint\u0105 manevringum\u0105, komfort\u0105 ir modern\u0173 dizain\u0105. Idealiai tinka \u0161eimoms, ie\u0161kan\u010dioms universalumo ir auk\u0161\u010diausios kokyb\u0117s funkcij\u0173 u\u017e prieinam\u0105 kain\u0105.<\/p>\n","protected":false},"featured_media":5050,"comment_status":"closed","ping_status":"closed","template":"","meta":{"_acf_changed":false,"inline_featured_image":false,"_product_box_image":"https:\/\/noordi.com\/wp-content\/uploads\/2025\/04\/fjordi-whats-in-the-box-2.jpg","_product_box_image_id":2056},"product-name":[63],"product_brand":[],"product_cat":[200],"product_tag":[],"class_list":{"0":"post-5048","1":"product","2":"type-product","3":"status-publish","4":"has-post-thumbnail","6":"product-name-fjordi","7":"product_cat-vezimelis","9":"first","10":"instock","11":"sale","12":"featured","13":"shipping-taxable","14":"purchasable","15":"product-type-variable","16":"rtwpvg-product"},"acf":[],"_links":{"self":[{"href":"https:\/\/noordi.com\/lt\/wp-json\/wp\/v2\/product\/5048","targetHints":{"allow":["GET"]}}],"collection":[{"href":"https:\/\/noordi.com\/lt\/wp-json\/wp\/v2\/product"}],"about":[{"href":"https:\/\/noordi.com\/lt\/wp-json\/wp\/v2\/types\/product"}],"replies":[{"embeddable":true,"href":"https:\/\/noordi.com\/lt\/wp-json\/wp\/v2\/comments?post=5048"}],"wp:featuredmedia":[{"embeddable":true,"href":"https:\/\/noordi.com\/lt\/wp-json\/wp\/v2\/media\/5050"}],"wp:attachment":[{"href":"https:\/\/noordi.com\/lt\/wp-json\/wp\/v2\/media?parent=5048"}],"wp:term":[{"taxonomy":"product-name","embeddable":true,"href":"https:\/\/noordi.com\/lt\/wp-json\/wp\/v2\/product-name?post=5048"},{"taxonomy":"product_brand","embeddable":true,"href":"https:\/\/noordi.com\/lt\/wp-json\/wp\/v2\/product_brand?post=5048"},{"taxonomy":"product_cat","embeddable":true,"href":"https:\/\/noordi.com\/lt\/wp-json\/wp\/v2\/product_cat?post=5048"},{"taxonomy":"product_tag","embeddable":true,"href":"https:\/\/noordi.com\/lt\/wp-json\/wp\/v2\/product_tag?post=5048"}],"curies":[{"name":"wp","href":"https:\/\/api.w.org\/{rel}","templated":true}]}}