{"id":5041,"date":"2025-04-04T07:15:59","date_gmt":"2025-04-04T07:15:59","guid":{"rendered":"https:\/\/noordi.com\/product\/net-deluxe\/"},"modified":"2025-11-21T07:36:13","modified_gmt":"2025-11-21T07:36:13","slug":"net-deluxe","status":"publish","type":"product","link":"https:\/\/noordi.com\/lt\/product\/net-deluxe\/","title":{"rendered":"Net Deluxe"},"content":{"rendered":"<p>Aqua v.2 apibr\u0117\u017eia prabang\u0105 ir modernum\u0105, sukurtas t\u0117vams, kurie teikia pirmenyb\u0119 rafinuotumui, auk\u0161\u010diausios kokyb\u0117s med\u017eiagoms ir pa\u017eangiausioms funkcijoms. Tobulas elegancijos ir komforto derinys, skirtas eleganti\u0161kai, prabangiai t\u0117vyst\u0117s patir\u010diai. <\/p>\n","protected":false},"excerpt":{"rendered":"<p>Aqua v.2 apibr\u0117\u017eia prabang\u0105 ir modernum\u0105, sukurtas t\u0117vams, kurie teikia pirmenyb\u0119 rafinuotumui, auk\u0161\u010diausios kokyb\u0117s med\u017eiagoms ir pa\u017eangiausioms funkcijoms. Tobulas elegancijos ir komforto derinys, skirtas eleganti\u0161kai, prabangiai t\u0117vyst\u0117s patir\u010diai.<\/p>\n","protected":false},"featured_media":5042,"comment_status":"closed","ping_status":"closed","template":"","meta":{"_acf_changed":false,"inline_featured_image":false,"_product_box_image":"","_product_box_image_id":0},"product-name":[],"product_brand":[],"product_cat":[184],"product_tag":[],"class_list":{"0":"post-5041","1":"product","2":"type-product","3":"status-publish","4":"has-post-thumbnail","6":"product_cat-priedai","8":"first","9":"instock","10":"shipping-taxable","11":"purchasable","12":"product-type-simple"},"acf":[],"_links":{"self":[{"href":"https:\/\/noordi.com\/lt\/wp-json\/wp\/v2\/product\/5041","targetHints":{"allow":["GET"]}}],"collection":[{"href":"https:\/\/noordi.com\/lt\/wp-json\/wp\/v2\/product"}],"about":[{"href":"https:\/\/noordi.com\/lt\/wp-json\/wp\/v2\/types\/product"}],"replies":[{"embeddable":true,"href":"https:\/\/noordi.com\/lt\/wp-json\/wp\/v2\/comments?post=5041"}],"wp:featuredmedia":[{"embeddable":true,"href":"https:\/\/noordi.com\/lt\/wp-json\/wp\/v2\/media\/5042"}],"wp:attachment":[{"href":"https:\/\/noordi.com\/lt\/wp-json\/wp\/v2\/media?parent=5041"}],"wp:term":[{"taxonomy":"product-name","embeddable":true,"href":"https:\/\/noordi.com\/lt\/wp-json\/wp\/v2\/product-name?post=5041"},{"taxonomy":"product_brand","embeddable":true,"href":"https:\/\/noordi.com\/lt\/wp-json\/wp\/v2\/product_brand?post=5041"},{"taxonomy":"product_cat","embeddable":true,"href":"https:\/\/noordi.com\/lt\/wp-json\/wp\/v2\/product_cat?post=5041"},{"taxonomy":"product_tag","embeddable":true,"href":"https:\/\/noordi.com\/lt\/wp-json\/wp\/v2\/product_tag?post=5041"}],"curies":[{"name":"wp","href":"https:\/\/api.w.org\/{rel}","templated":true}]}}