{"id":5025,"date":"2025-04-03T11:22:19","date_gmt":"2025-04-03T11:22:19","guid":{"rendered":"https:\/\/noordi.com\/product\/kuprine\/"},"modified":"2025-04-03T11:22:19","modified_gmt":"2025-04-03T11:22:19","slug":"kuprine","status":"publish","type":"product","link":"https:\/\/noordi.com\/lt\/product\/kuprine\/","title":{"rendered":"Kuprin\u0117"},"content":{"rendered":"<p>Noordi kuprin\u0117 i\u0161 naujo apibr\u0117\u017eia \u0161iuolaikin\u012f rafinuotum\u0105, sukurta miesto tyrin\u0117tojams, vertinantiems stili\u0173 ir na\u0161um\u0105. Kruop\u0161\u010diai pagaminta i\u0161 auk\u0161\u010diausios kokyb\u0117s med\u017eiag\u0173 ir novatori\u0161k\u0173 funkcij\u0173, ji si\u016blo tobul\u0105 elegancijos ir prakti\u0161kumo derin\u012f. Nesvarbu, ar nar\u0161ote miesto gatv\u0117se, ar leid\u017eiat\u0117s \u012f gamt\u0105, Noordi kuprin\u0117 u\u017etikrina, kad keliautum\u0117te su lengvu komforto ir pa\u017eangaus dizaino deriniu.  <\/p>\n","protected":false},"excerpt":{"rendered":"<p>Noordi kuprin\u0117 i\u0161 naujo apibr\u0117\u017eia \u0161iuolaikin\u012f rafinuotum\u0105, sukurta miesto tyrin\u0117tojams, vertinantiems stili\u0173 ir na\u0161um\u0105. Kruop\u0161\u010diai pagaminta i\u0161 auk\u0161\u010diausios kokyb\u0117s med\u017eiag\u0173 ir novatori\u0161k\u0173 funkcij\u0173, ji si\u016blo tobul\u0105 elegancijos ir prakti\u0161kumo derin\u012f. Nesvarbu, ar nar\u0161ote miesto gatv\u0117se, ar leid\u017eiat\u0117s \u012f gamt\u0105, Noordi kuprin\u0117 u\u017etikrina, kad keliautum\u0117te su lengvu komforto ir pa\u017eangaus dizaino deriniu.<\/p>\n","protected":false},"featured_media":5040,"comment_status":"closed","ping_status":"closed","template":"","meta":{"_acf_changed":false,"inline_featured_image":false,"_product_box_image":"","_product_box_image_id":0},"product-name":[],"product_brand":[],"product_cat":[184],"product_tag":[],"class_list":{"0":"post-5025","1":"product","2":"type-product","3":"status-publish","4":"has-post-thumbnail","6":"product_cat-priedai","8":"first","9":"instock","10":"shipping-taxable","11":"purchasable","12":"product-type-simple"},"acf":[],"_links":{"self":[{"href":"https:\/\/noordi.com\/lt\/wp-json\/wp\/v2\/product\/5025","targetHints":{"allow":["GET"]}}],"collection":[{"href":"https:\/\/noordi.com\/lt\/wp-json\/wp\/v2\/product"}],"about":[{"href":"https:\/\/noordi.com\/lt\/wp-json\/wp\/v2\/types\/product"}],"replies":[{"embeddable":true,"href":"https:\/\/noordi.com\/lt\/wp-json\/wp\/v2\/comments?post=5025"}],"wp:featuredmedia":[{"embeddable":true,"href":"https:\/\/noordi.com\/lt\/wp-json\/wp\/v2\/media\/5040"}],"wp:attachment":[{"href":"https:\/\/noordi.com\/lt\/wp-json\/wp\/v2\/media?parent=5025"}],"wp:term":[{"taxonomy":"product-name","embeddable":true,"href":"https:\/\/noordi.com\/lt\/wp-json\/wp\/v2\/product-name?post=5025"},{"taxonomy":"product_brand","embeddable":true,"href":"https:\/\/noordi.com\/lt\/wp-json\/wp\/v2\/product_brand?post=5025"},{"taxonomy":"product_cat","embeddable":true,"href":"https:\/\/noordi.com\/lt\/wp-json\/wp\/v2\/product_cat?post=5025"},{"taxonomy":"product_tag","embeddable":true,"href":"https:\/\/noordi.com\/lt\/wp-json\/wp\/v2\/product_tag?post=5025"}],"curies":[{"name":"wp","href":"https:\/\/api.w.org\/{rel}","templated":true}]}}