{"id":4905,"date":"2025-04-04T07:43:02","date_gmt":"2025-04-04T07:43:02","guid":{"rendered":"https:\/\/noordi.com\/product\/zieminis-miegmaisis\/"},"modified":"2025-11-21T07:50:30","modified_gmt":"2025-11-21T07:50:30","slug":"zieminis-miegmaisis","status":"publish","type":"product","link":"https:\/\/noordi.com\/lt\/product\/zieminis-miegmaisis\/","title":{"rendered":"Winter Sleeping Bag"},"content":{"rendered":"<p>Noordi \u017eieminis miegmai\u0161is i\u0161 naujo apibr\u0117\u017eia \u0161alto oro komfort\u0105 ir nuotykius. Sukurtas reikliems tyrin\u0117tojams, kurie reikalauja tiek stiliaus, tiek na\u0161umo, jis sujungia auk\u0161\u010diausios kokyb\u0117s izoliacij\u0105 su novatori\u0161ku dizainu. M\u0117gaukit\u0117s tobula elegancijos ir tvirtos funkcionalumo harmonija, pakeldami savo \u017eiemos patirt\u012f \u012f naujas auk\u0161tumas.  <\/p>\n","protected":false},"excerpt":{"rendered":"<p>Noordi \u017eieminis miegmai\u0161is i\u0161 naujo apibr\u0117\u017eia \u0161alto oro komfort\u0105 ir nuotykius. Sukurtas reikliems tyrin\u0117tojams, kurie reikalauja tiek stiliaus, tiek na\u0161umo, jis sujungia auk\u0161\u010diausios kokyb\u0117s izoliacij\u0105 su novatori\u0161ku dizainu. M\u0117gaukit\u0117s tobula elegancijos ir tvirtos funkcionalumo harmonija, pakeldami savo \u017eiemos patirt\u012f \u012f naujas auk\u0161tumas.<\/p>\n","protected":false},"featured_media":4911,"comment_status":"closed","ping_status":"closed","template":"","meta":{"_acf_changed":false,"inline_featured_image":false,"_product_box_image":"","_product_box_image_id":0},"product-name":[],"product_brand":[],"product_cat":[184],"product_tag":[],"class_list":{"0":"post-4905","1":"product","2":"type-product","3":"status-publish","4":"has-post-thumbnail","6":"product_cat-priedai","8":"first","9":"instock","10":"shipping-taxable","11":"purchasable","12":"product-type-simple"},"acf":[],"_links":{"self":[{"href":"https:\/\/noordi.com\/lt\/wp-json\/wp\/v2\/product\/4905","targetHints":{"allow":["GET"]}}],"collection":[{"href":"https:\/\/noordi.com\/lt\/wp-json\/wp\/v2\/product"}],"about":[{"href":"https:\/\/noordi.com\/lt\/wp-json\/wp\/v2\/types\/product"}],"replies":[{"embeddable":true,"href":"https:\/\/noordi.com\/lt\/wp-json\/wp\/v2\/comments?post=4905"}],"wp:featuredmedia":[{"embeddable":true,"href":"https:\/\/noordi.com\/lt\/wp-json\/wp\/v2\/media\/4911"}],"wp:attachment":[{"href":"https:\/\/noordi.com\/lt\/wp-json\/wp\/v2\/media?parent=4905"}],"wp:term":[{"taxonomy":"product-name","embeddable":true,"href":"https:\/\/noordi.com\/lt\/wp-json\/wp\/v2\/product-name?post=4905"},{"taxonomy":"product_brand","embeddable":true,"href":"https:\/\/noordi.com\/lt\/wp-json\/wp\/v2\/product_brand?post=4905"},{"taxonomy":"product_cat","embeddable":true,"href":"https:\/\/noordi.com\/lt\/wp-json\/wp\/v2\/product_cat?post=4905"},{"taxonomy":"product_tag","embeddable":true,"href":"https:\/\/noordi.com\/lt\/wp-json\/wp\/v2\/product_tag?post=4905"}],"curies":[{"name":"wp","href":"https:\/\/api.w.org\/{rel}","templated":true}]}}