{"id":4900,"date":"2025-04-04T07:37:06","date_gmt":"2025-04-04T07:37:06","guid":{"rendered":"https:\/\/noordi.com\/product\/gamtos-garsu-dezute\/"},"modified":"2025-11-21T07:50:29","modified_gmt":"2025-11-21T07:50:29","slug":"gamtos-garsu-dezute","status":"publish","type":"product","link":"https:\/\/noordi.com\/lt\/product\/gamtos-garsu-dezute\/","title":{"rendered":"Nature Soundbox"},"content":{"rendered":"<p>Noordi Nature Soundbox ramina j\u016bs\u0173 k\u016bdik\u012f raminan\u010diais gamtos garsais, tokiais kaip bangos, lietus ir \u0161velnios lop\u0161in\u0117s, kad suma\u017eint\u0173 verksm\u0105 ir skatint\u0173 geresn\u012f mieg\u0105. Jos kompakti\u0161kas, lengvas dizainas ir ilgai veikianti baterija puikiai tinka ramioms naktims namuose ar kelion\u0117se. <\/p>\n","protected":false},"excerpt":{"rendered":"<p>Noordi Nature Soundbox ramina j\u016bs\u0173 k\u016bdik\u012f raminan\u010diais gamtos garsais, tokiais kaip bangos, lietus ir \u0161velnios lop\u0161in\u0117s, kad suma\u017eint\u0173 verksm\u0105 ir skatint\u0173 geresn\u012f mieg\u0105. Jos kompakti\u0161kas, lengvas dizainas ir ilgai veikianti baterija puikiai tinka ramioms naktims namuose ar kelion\u0117se.<\/p>\n","protected":false},"featured_media":4902,"comment_status":"closed","ping_status":"closed","template":"","meta":{"_acf_changed":false,"inline_featured_image":false,"_product_box_image":"","_product_box_image_id":0},"product-name":[],"product_brand":[],"product_cat":[184],"product_tag":[],"class_list":{"0":"post-4900","1":"product","2":"type-product","3":"status-publish","4":"has-post-thumbnail","6":"product_cat-priedai","8":"first","9":"instock","10":"shipping-taxable","11":"purchasable","12":"product-type-simple"},"acf":[],"_links":{"self":[{"href":"https:\/\/noordi.com\/lt\/wp-json\/wp\/v2\/product\/4900","targetHints":{"allow":["GET"]}}],"collection":[{"href":"https:\/\/noordi.com\/lt\/wp-json\/wp\/v2\/product"}],"about":[{"href":"https:\/\/noordi.com\/lt\/wp-json\/wp\/v2\/types\/product"}],"replies":[{"embeddable":true,"href":"https:\/\/noordi.com\/lt\/wp-json\/wp\/v2\/comments?post=4900"}],"wp:featuredmedia":[{"embeddable":true,"href":"https:\/\/noordi.com\/lt\/wp-json\/wp\/v2\/media\/4902"}],"wp:attachment":[{"href":"https:\/\/noordi.com\/lt\/wp-json\/wp\/v2\/media?parent=4900"}],"wp:term":[{"taxonomy":"product-name","embeddable":true,"href":"https:\/\/noordi.com\/lt\/wp-json\/wp\/v2\/product-name?post=4900"},{"taxonomy":"product_brand","embeddable":true,"href":"https:\/\/noordi.com\/lt\/wp-json\/wp\/v2\/product_brand?post=4900"},{"taxonomy":"product_cat","embeddable":true,"href":"https:\/\/noordi.com\/lt\/wp-json\/wp\/v2\/product_cat?post=4900"},{"taxonomy":"product_tag","embeddable":true,"href":"https:\/\/noordi.com\/lt\/wp-json\/wp\/v2\/product_tag?post=4900"}],"curies":[{"name":"wp","href":"https:\/\/api.w.org\/{rel}","templated":true}]}}