{"id":4856,"date":"2025-04-16T11:24:03","date_gmt":"2025-04-16T11:24:03","guid":{"rendered":"https:\/\/noordi.com\/product\/puodelio-laikiklis\/"},"modified":"2025-04-16T11:24:03","modified_gmt":"2025-04-16T11:24:03","slug":"puodelio-laikiklis","status":"publish","type":"product","link":"https:\/\/noordi.com\/lt\/product\/puodelio-laikiklis\/","title":{"rendered":"Puodelio laikiklis"},"content":{"rendered":"<p>Laikykite savo g\u0117rim\u0105 saugiai kelion\u0117je. D\u0117l universalaus dizaino, saugaus tvirtinimo ir \u0161iuolaiki\u0161ko stiliaus Noordi universalus puodelio laikiklis u\u017etikrina, kad j\u016bs\u0173 m\u0117gstamas g\u0117rimas visada b\u016bt\u0173 po ranka, suteikdamas patogumo ir modernumo j\u016bs\u0173 kasdien\u0117ms kelion\u0117ms. <\/p>\n","protected":false},"excerpt":{"rendered":"<p>Laikykite savo g\u0117rim\u0105 saugiai kelion\u0117je. D\u0117l universalaus dizaino, saugaus tvirtinimo ir \u0161iuolaiki\u0161ko stiliaus Noordi universalus puodelio laikiklis u\u017etikrina, kad j\u016bs\u0173 m\u0117gstamas g\u0117rimas visada b\u016bt\u0173 po ranka, suteikdamas patogumo ir modernumo j\u016bs\u0173 kasdien\u0117ms kelion\u0117ms.<\/p>\n","protected":false},"featured_media":4865,"comment_status":"closed","ping_status":"closed","template":"","meta":{"_acf_changed":false,"inline_featured_image":false,"_product_box_image":"","_product_box_image_id":0},"product-name":[],"product_brand":[],"product_cat":[184],"product_tag":[],"class_list":{"0":"post-4856","1":"product","2":"type-product","3":"status-publish","4":"has-post-thumbnail","6":"product_cat-priedai","8":"first","9":"instock","10":"shipping-taxable","11":"purchasable","12":"product-type-simple"},"acf":[],"_links":{"self":[{"href":"https:\/\/noordi.com\/lt\/wp-json\/wp\/v2\/product\/4856","targetHints":{"allow":["GET"]}}],"collection":[{"href":"https:\/\/noordi.com\/lt\/wp-json\/wp\/v2\/product"}],"about":[{"href":"https:\/\/noordi.com\/lt\/wp-json\/wp\/v2\/types\/product"}],"replies":[{"embeddable":true,"href":"https:\/\/noordi.com\/lt\/wp-json\/wp\/v2\/comments?post=4856"}],"wp:featuredmedia":[{"embeddable":true,"href":"https:\/\/noordi.com\/lt\/wp-json\/wp\/v2\/media\/4865"}],"wp:attachment":[{"href":"https:\/\/noordi.com\/lt\/wp-json\/wp\/v2\/media?parent=4856"}],"wp:term":[{"taxonomy":"product-name","embeddable":true,"href":"https:\/\/noordi.com\/lt\/wp-json\/wp\/v2\/product-name?post=4856"},{"taxonomy":"product_brand","embeddable":true,"href":"https:\/\/noordi.com\/lt\/wp-json\/wp\/v2\/product_brand?post=4856"},{"taxonomy":"product_cat","embeddable":true,"href":"https:\/\/noordi.com\/lt\/wp-json\/wp\/v2\/product_cat?post=4856"},{"taxonomy":"product_tag","embeddable":true,"href":"https:\/\/noordi.com\/lt\/wp-json\/wp\/v2\/product_tag?post=4856"}],"curies":[{"name":"wp","href":"https:\/\/api.w.org\/{rel}","templated":true}]}}