{"id":4817,"date":"2025-04-04T08:18:51","date_gmt":"2025-04-04T08:18:51","guid":{"rendered":"https:\/\/noordi.com\/product\/ziemines-pirstines\/"},"modified":"2025-04-04T08:18:51","modified_gmt":"2025-04-04T08:18:51","slug":"ziemines-pirstines","status":"publish","type":"product","link":"https:\/\/noordi.com\/lt\/product\/ziemines-pirstines\/","title":{"rendered":"\u017diemin\u0117s pir\u0161tin\u0117s"},"content":{"rendered":"<p>NOORDI \u017eiemin\u0117s pir\u0161tin\u0117s apibr\u0117\u017eia rafinuotum\u0105 ir modernum\u0105 reikliems t\u0117vams. Pagamintos i\u0161 auk\u0161\u010diausios kokyb\u0117s med\u017eiag\u0173 ir su pa\u017eangia izoliacija, \u0161ios pir\u0161tin\u0117s si\u016blo i\u0161skirtin\u0119 \u0161ilum\u0105 ir patvarum\u0105, neaukodamos stiliaus. Intuityvus, reguliuojamas prigludimas ir patogus prisegamas tvirtinimas u\u017etikrina, kad jos puikiai der\u0117t\u0173 prie kiekvieno \u017eiemos pasivaik\u0161\u010diojimo, sujungdamos elegancij\u0105 ir komfort\u0105.  <\/p>\n","protected":false},"excerpt":{"rendered":"<p>NOORDI \u017eiemin\u0117s pir\u0161tin\u0117s apibr\u0117\u017eia rafinuotum\u0105 ir modernum\u0105 reikliems t\u0117vams. Pagamintos i\u0161 auk\u0161\u010diausios kokyb\u0117s med\u017eiag\u0173 ir su pa\u017eangia izoliacija, \u0161ios pir\u0161tin\u0117s si\u016blo i\u0161skirtin\u0119 \u0161ilum\u0105 ir patvarum\u0105, neaukodamos stiliaus. Intuityvus, reguliuojamas prigludimas ir patogus prisegamas tvirtinimas u\u017etikrina, kad jos puikiai der\u0117t\u0173 prie kiekvieno \u017eiemos pasivaik\u0161\u010diojimo, sujungdamos elegancij\u0105 ir komfort\u0105.<\/p>\n","protected":false},"featured_media":4818,"comment_status":"closed","ping_status":"closed","template":"","meta":{"_acf_changed":false,"inline_featured_image":false,"_product_box_image":"","_product_box_image_id":0},"product-name":[],"product_brand":[],"product_cat":[184],"product_tag":[],"class_list":{"0":"post-4817","1":"product","2":"type-product","3":"status-publish","4":"has-post-thumbnail","6":"product_cat-priedai","8":"first","9":"instock","10":"shipping-taxable","11":"purchasable","12":"product-type-simple"},"acf":[],"_links":{"self":[{"href":"https:\/\/noordi.com\/lt\/wp-json\/wp\/v2\/product\/4817","targetHints":{"allow":["GET"]}}],"collection":[{"href":"https:\/\/noordi.com\/lt\/wp-json\/wp\/v2\/product"}],"about":[{"href":"https:\/\/noordi.com\/lt\/wp-json\/wp\/v2\/types\/product"}],"replies":[{"embeddable":true,"href":"https:\/\/noordi.com\/lt\/wp-json\/wp\/v2\/comments?post=4817"}],"wp:featuredmedia":[{"embeddable":true,"href":"https:\/\/noordi.com\/lt\/wp-json\/wp\/v2\/media\/4818"}],"wp:attachment":[{"href":"https:\/\/noordi.com\/lt\/wp-json\/wp\/v2\/media?parent=4817"}],"wp:term":[{"taxonomy":"product-name","embeddable":true,"href":"https:\/\/noordi.com\/lt\/wp-json\/wp\/v2\/product-name?post=4817"},{"taxonomy":"product_brand","embeddable":true,"href":"https:\/\/noordi.com\/lt\/wp-json\/wp\/v2\/product_brand?post=4817"},{"taxonomy":"product_cat","embeddable":true,"href":"https:\/\/noordi.com\/lt\/wp-json\/wp\/v2\/product_cat?post=4817"},{"taxonomy":"product_tag","embeddable":true,"href":"https:\/\/noordi.com\/lt\/wp-json\/wp\/v2\/product_tag?post=4817"}],"curies":[{"name":"wp","href":"https:\/\/api.w.org\/{rel}","templated":true}]}}