{"id":4785,"date":"2025-04-18T06:32:18","date_gmt":"2025-04-18T06:32:18","guid":{"rendered":"https:\/\/noordi.com\/product\/adapteriai-automobilio-sedyniu-pagrindui\/"},"modified":"2025-04-18T06:32:18","modified_gmt":"2025-04-18T06:32:18","slug":"adapteriai-automobilio-sedyniu-pagrindui","status":"publish","type":"product","link":"https:\/\/noordi.com\/lt\/product\/adapteriai-automobilio-sedyniu-pagrindui\/","title":{"rendered":"Adapteriai automobilio s\u0117dyni\u0173 pagrindui"},"content":{"rendered":"<p>Apibr\u0117\u017eia patogum\u0105 ir patikimum\u0105, sukurtas t\u0117vams, kurie vertina naudojimo paprastum\u0105, tvirtas med\u017eiagas ir tiesiogines funkcijas. Tobulas efektyvumo ir komforto derinys skland\u017eiai, be r\u016bpes\u010di\u0173 t\u0117vyst\u0117s patir\u010diai. <\/p>\n","protected":false},"excerpt":{"rendered":"<p>Apibr\u0117\u017eia patogum\u0105 ir patikimum\u0105, sukurtas t\u0117vams, kurie vertina naudojimo paprastum\u0105, tvirtas med\u017eiagas ir tiesiogines funkcijas. Tobulas efektyvumo ir komforto derinys skland\u017eiai, be r\u016bpes\u010di\u0173 t\u0117vyst\u0117s patir\u010diai.<\/p>\n","protected":false},"featured_media":4786,"comment_status":"closed","ping_status":"closed","template":"","meta":{"_acf_changed":false,"inline_featured_image":false,"_product_box_image":"","_product_box_image_id":0},"product-name":[],"product_brand":[],"product_cat":[173],"product_tag":[],"class_list":{"0":"post-4785","1":"product","2":"type-product","3":"status-publish","4":"has-post-thumbnail","6":"product_cat-automobilines-kedutes","8":"first","9":"instock","10":"shipping-taxable","11":"purchasable","12":"product-type-variable","13":"has-default-attributes","14":"rtwpvg-product"},"acf":[],"_links":{"self":[{"href":"https:\/\/noordi.com\/lt\/wp-json\/wp\/v2\/product\/4785","targetHints":{"allow":["GET"]}}],"collection":[{"href":"https:\/\/noordi.com\/lt\/wp-json\/wp\/v2\/product"}],"about":[{"href":"https:\/\/noordi.com\/lt\/wp-json\/wp\/v2\/types\/product"}],"replies":[{"embeddable":true,"href":"https:\/\/noordi.com\/lt\/wp-json\/wp\/v2\/comments?post=4785"}],"wp:featuredmedia":[{"embeddable":true,"href":"https:\/\/noordi.com\/lt\/wp-json\/wp\/v2\/media\/4786"}],"wp:attachment":[{"href":"https:\/\/noordi.com\/lt\/wp-json\/wp\/v2\/media?parent=4785"}],"wp:term":[{"taxonomy":"product-name","embeddable":true,"href":"https:\/\/noordi.com\/lt\/wp-json\/wp\/v2\/product-name?post=4785"},{"taxonomy":"product_brand","embeddable":true,"href":"https:\/\/noordi.com\/lt\/wp-json\/wp\/v2\/product_brand?post=4785"},{"taxonomy":"product_cat","embeddable":true,"href":"https:\/\/noordi.com\/lt\/wp-json\/wp\/v2\/product_cat?post=4785"},{"taxonomy":"product_tag","embeddable":true,"href":"https:\/\/noordi.com\/lt\/wp-json\/wp\/v2\/product_tag?post=4785"}],"curies":[{"name":"wp","href":"https:\/\/api.w.org\/{rel}","templated":true}]}}