{"id":4766,"date":"2025-04-18T06:57:37","date_gmt":"2025-04-18T06:57:37","guid":{"rendered":"https:\/\/noordi.com\/product\/isofix-baze\/"},"modified":"2025-11-21T08:19:37","modified_gmt":"2025-11-21T08:19:37","slug":"isofix-baze","status":"publish","type":"product","link":"https:\/\/noordi.com\/lt\/product\/isofix-baze\/","title":{"rendered":"Isofix Baz\u0117"},"content":{"rendered":"<p>Padidinkite savo vaiko saugum\u0105 su Isofix baze \u2013 modernios prabangos \u017eenklu i\u0161rankiems t\u0117vams. Pagaminta i\u0161 auk\u0161\u010diausios kokyb\u0117s med\u017eiag\u0173 ir pa\u017eangiausi\u0173 technologij\u0173, ji skland\u017eiai derina rafinuot\u0105 dizain\u0105 su auk\u0161\u010diausiu komfortu, kad suteikt\u0173 tikrai prabang\u0173 t\u0117vyst\u0117s patyrim\u0105. <\/p>\n","protected":false},"excerpt":{"rendered":"<p>Padidinkite savo vaiko saugum\u0105 su Isofix baze \u2013 modernios prabangos \u017eenklu i\u0161rankiems t\u0117vams. Pagaminta i\u0161 auk\u0161\u010diausios kokyb\u0117s med\u017eiag\u0173 ir pa\u017eangiausi\u0173 technologij\u0173, ji skland\u017eiai derina rafinuot\u0105 dizain\u0105 su auk\u0161\u010diausiu komfortu, kad suteikt\u0173 tikrai prabang\u0173 t\u0117vyst\u0117s patyrim\u0105.<\/p>\n","protected":false},"featured_media":4768,"comment_status":"closed","ping_status":"closed","template":"","meta":{"_acf_changed":false,"inline_featured_image":false,"_product_box_image":"","_product_box_image_id":0},"product-name":[],"product_brand":[],"product_cat":[173],"product_tag":[],"class_list":{"0":"post-4766","1":"product","2":"type-product","3":"status-publish","4":"has-post-thumbnail","6":"product_cat-automobilines-kedutes","8":"first","9":"instock","10":"sale","11":"shipping-taxable","12":"purchasable","13":"product-type-simple"},"acf":[],"_links":{"self":[{"href":"https:\/\/noordi.com\/lt\/wp-json\/wp\/v2\/product\/4766","targetHints":{"allow":["GET"]}}],"collection":[{"href":"https:\/\/noordi.com\/lt\/wp-json\/wp\/v2\/product"}],"about":[{"href":"https:\/\/noordi.com\/lt\/wp-json\/wp\/v2\/types\/product"}],"replies":[{"embeddable":true,"href":"https:\/\/noordi.com\/lt\/wp-json\/wp\/v2\/comments?post=4766"}],"wp:featuredmedia":[{"embeddable":true,"href":"https:\/\/noordi.com\/lt\/wp-json\/wp\/v2\/media\/4768"}],"wp:attachment":[{"href":"https:\/\/noordi.com\/lt\/wp-json\/wp\/v2\/media?parent=4766"}],"wp:term":[{"taxonomy":"product-name","embeddable":true,"href":"https:\/\/noordi.com\/lt\/wp-json\/wp\/v2\/product-name?post=4766"},{"taxonomy":"product_brand","embeddable":true,"href":"https:\/\/noordi.com\/lt\/wp-json\/wp\/v2\/product_brand?post=4766"},{"taxonomy":"product_cat","embeddable":true,"href":"https:\/\/noordi.com\/lt\/wp-json\/wp\/v2\/product_cat?post=4766"},{"taxonomy":"product_tag","embeddable":true,"href":"https:\/\/noordi.com\/lt\/wp-json\/wp\/v2\/product_tag?post=4766"}],"curies":[{"name":"wp","href":"https:\/\/api.w.org\/{rel}","templated":true}]}}