{"id":4372,"date":"2025-04-17T09:04:54","date_gmt":"2025-04-17T09:04:54","guid":{"rendered":"https:\/\/noordi.com\/instrukciju-vadovai\/"},"modified":"2025-11-13T15:29:42","modified_gmt":"2025-11-13T15:29:42","slug":"instrukciju-vadovai","status":"publish","type":"page","link":"https:\/\/noordi.com\/lt\/instrukciju-vadovai\/","title":{"rendered":"Instrukcij\u0173 vadovai"},"content":{"rendered":"\t\t<div data-elementor-type=\"wp-page\" data-elementor-id=\"4372\" class=\"elementor elementor-4372 elementor-1790\" data-elementor-post-type=\"page\">\n\t\t\t\t<section class=\"elementor-element elementor-element-7558c73 e-flex e-con-boxed e-con e-parent\" data-id=\"7558c73\" data-element_type=\"container\" data-e-type=\"container\">\n\t\t\t\t\t<div class=\"e-con-inner\">\n\t\t<div class=\"elementor-element elementor-element-c4d9859 e-con-full e-flex e-con e-child\" data-id=\"c4d9859\" data-element_type=\"container\" data-e-type=\"container\">\n\t\t\t\t<div class=\"elementor-element elementor-element-ae1a315 elementor-absolute elementor-widget elementor-widget-heading\" data-id=\"ae1a315\" data-element_type=\"widget\" data-e-type=\"widget\" data-settings=\"{&quot;_position&quot;:&quot;absolute&quot;}\" data-widget_type=\"heading.default\">\n\t\t\t\t<div class=\"elementor-widget-container\">\n\t\t\t\t\t<p class=\"elementor-heading-title elementor-size-default\">Vadovai<\/p>\t\t\t\t<\/div>\n\t\t\t\t<\/div>\n\t\t\t\t<div class=\"elementor-element elementor-element-6319f44 elementor-widget__width-initial elementor-widget elementor-widget-text-editor\" data-id=\"6319f44\" data-element_type=\"widget\" data-e-type=\"widget\" data-widget_type=\"text-editor.default\">\n\t\t\t\t<div class=\"elementor-widget-container\">\n\t\t\t\t\t\t\t\t\t<p>Mes teikiame i\u0161samius ir lengvai suprantamus instrukcij\u0173 vadovus, kad u\u017etikrintume skland\u017ei\u0105 patirt\u012f su nauju ve\u017eim\u0117liu. M\u016bs\u0173 tikslas yra pad\u0117ti jums m\u0117gautis kiekviena t\u0117vyst\u0117s akimirka su pasitik\u0117jimu ir lengvumu. <\/p>\t\t\t\t\t\t\t\t<\/div>\n\t\t\t\t<\/div>\n\t\t\t\t<\/div>\n\t\t<div class=\"elementor-element elementor-element-4dc5c75 e-con-full e-flex e-con e-child\" data-id=\"4dc5c75\" data-element_type=\"container\" data-e-type=\"container\">\n\t\t\t\t<div class=\"elementor-element elementor-element-0c05964 elementor-widget elementor-widget-heading\" data-id=\"0c05964\" data-element_type=\"widget\" data-e-type=\"widget\" data-widget_type=\"heading.default\">\n\t\t\t\t<div class=\"elementor-widget-container\">\n\t\t\t\t\t<h5 class=\"elementor-heading-title elementor-size-default\">Vaiki\u0161ki ve\u017eim\u0117liai<\/h5>\t\t\t\t<\/div>\n\t\t\t\t<\/div>\n\t\t<div class=\"elementor-element elementor-element-d9a6073 e-con-full e-flex e-con e-child\" data-id=\"d9a6073\" data-element_type=\"container\" data-e-type=\"container\">\n\t\t\t\t<div class=\"woocommerce elementor-element elementor-element-42a59b2 elementor-grid-4 elementor-grid-tablet-2 elementor-grid-mobile-1 elementor-widget elementor-widget-loop-grid\" data-id=\"42a59b2\" data-element_type=\"widget\" data-e-type=\"widget\" data-settings=\"{&quot;template_id&quot;:5548,&quot;_skin&quot;:&quot;product&quot;,&quot;columns&quot;:4,&quot;columns_tablet&quot;:&quot;2&quot;,&quot;columns_mobile&quot;:&quot;1&quot;,&quot;edit_handle_selector&quot;:&quot;[data-elementor-type=\\&quot;loop-item\\&quot;]&quot;,&quot;row_gap&quot;:{&quot;unit&quot;:&quot;px&quot;,&quot;size&quot;:&quot;&quot;,&quot;sizes&quot;:[]},&quot;row_gap_widescreen&quot;:{&quot;unit&quot;:&quot;px&quot;,&quot;size&quot;:&quot;&quot;,&quot;sizes&quot;:[]},&quot;row_gap_tablet&quot;:{&quot;unit&quot;:&quot;px&quot;,&quot;size&quot;:&quot;&quot;,&quot;sizes&quot;:[]},&quot;row_gap_mobile&quot;:{&quot;unit&quot;:&quot;px&quot;,&quot;size&quot;:&quot;&quot;,&quot;sizes&quot;:[]}}\" data-widget_type=\"loop-grid.product\">\n\t\t\t\t<div class=\"elementor-widget-container\">\n\t\t\t\t\t\t\t<div class=\"e-loop-nothing-found-message\">\n\t\t<\/div>\n\t\t\t\t\t\t<\/div>\n\t\t\t\t<\/div>\n\t\t\t\t<\/div>\n\t\t\t\t<\/div>\n\t\t<div class=\"elementor-element elementor-element-641e49d e-con-full e-flex e-con e-child\" data-id=\"641e49d\" data-element_type=\"container\" data-e-type=\"container\">\n\t\t\t\t<div class=\"elementor-element elementor-element-ed086f4 elementor-widget elementor-widget-heading\" data-id=\"ed086f4\" data-element_type=\"widget\" data-e-type=\"widget\" data-widget_type=\"heading.default\">\n\t\t\t\t<div class=\"elementor-widget-container\">\n\t\t\t\t\t<h5 class=\"elementor-heading-title elementor-size-default\">Automobilin\u0117s k\u0117dut\u0117s<\/h5>\t\t\t\t<\/div>\n\t\t\t\t<\/div>\n\t\t<div class=\"elementor-element elementor-element-01588b8 e-con-full e-flex e-con e-child\" data-id=\"01588b8\" data-element_type=\"container\" data-e-type=\"container\">\n\t\t\t\t<div class=\"woocommerce elementor-element elementor-element-87e8240 elementor-grid-4 elementor-grid-tablet-2 elementor-grid-mobile-1 elementor-widget elementor-widget-loop-grid\" data-id=\"87e8240\" data-element_type=\"widget\" data-e-type=\"widget\" data-settings=\"{&quot;template_id&quot;:5548,&quot;_skin&quot;:&quot;product&quot;,&quot;columns&quot;:4,&quot;columns_tablet&quot;:&quot;2&quot;,&quot;columns_mobile&quot;:&quot;1&quot;,&quot;edit_handle_selector&quot;:&quot;[data-elementor-type=\\&quot;loop-item\\&quot;]&quot;,&quot;row_gap&quot;:{&quot;unit&quot;:&quot;px&quot;,&quot;size&quot;:&quot;&quot;,&quot;sizes&quot;:[]},&quot;row_gap_widescreen&quot;:{&quot;unit&quot;:&quot;px&quot;,&quot;size&quot;:&quot;&quot;,&quot;sizes&quot;:[]},&quot;row_gap_tablet&quot;:{&quot;unit&quot;:&quot;px&quot;,&quot;size&quot;:&quot;&quot;,&quot;sizes&quot;:[]},&quot;row_gap_mobile&quot;:{&quot;unit&quot;:&quot;px&quot;,&quot;size&quot;:&quot;&quot;,&quot;sizes&quot;:[]}}\" data-widget_type=\"loop-grid.product\">\n\t\t\t\t<div class=\"elementor-widget-container\">\n\t\t\t\t\t\t\t<div class=\"e-loop-nothing-found-message\">\n\t\t<\/div>\n\t\t\t\t\t\t<\/div>\n\t\t\t\t<\/div>\n\t\t\t\t<\/div>\n\t\t\t\t<\/div>\n\t\t\t\t\t<\/div>\n\t\t\t\t<\/section>\n\t\t\t\t<\/div>\n\t\t","protected":false},"excerpt":{"rendered":"<p>Vadovai Mes teikiame i\u0161samius ir lengvai suprantamus instrukcij\u0173 vadovus, kad u\u017etikrintume skland\u017ei\u0105 patirt\u012f su nauju ve\u017eim\u0117liu. M\u016bs\u0173 tikslas yra pad\u0117ti jums m\u0117gautis kiekviena t\u0117vyst\u0117s akimirka su pasitik\u0117jimu ir lengvumu. Vaiki\u0161ki ve\u017eim\u0117liai Automobilin\u0117s k\u0117dut\u0117s<\/p>\n","protected":false},"author":1,"featured_media":0,"parent":0,"menu_order":0,"comment_status":"closed","ping_status":"closed","template":"","meta":{"_acf_changed":false,"inline_featured_image":false,"footnotes":""},"class_list":["post-4372","page","type-page","status-publish","hentry"],"acf":[],"_links":{"self":[{"href":"https:\/\/noordi.com\/lt\/wp-json\/wp\/v2\/pages\/4372","targetHints":{"allow":["GET"]}}],"collection":[{"href":"https:\/\/noordi.com\/lt\/wp-json\/wp\/v2\/pages"}],"about":[{"href":"https:\/\/noordi.com\/lt\/wp-json\/wp\/v2\/types\/page"}],"author":[{"embeddable":true,"href":"https:\/\/noordi.com\/lt\/wp-json\/wp\/v2\/users\/1"}],"replies":[{"embeddable":true,"href":"https:\/\/noordi.com\/lt\/wp-json\/wp\/v2\/comments?post=4372"}],"version-history":[{"count":0,"href":"https:\/\/noordi.com\/lt\/wp-json\/wp\/v2\/pages\/4372\/revisions"}],"wp:attachment":[{"href":"https:\/\/noordi.com\/lt\/wp-json\/wp\/v2\/media?parent=4372"}],"curies":[{"name":"wp","href":"https:\/\/api.w.org\/{rel}","templated":true}]}}