{"id":5809,"date":"2026-01-08T15:16:33","date_gmt":"2026-01-08T15:16:33","guid":{"rendered":"https:\/\/noordi.com\/?post_type=product&#038;p=5809"},"modified":"2026-01-08T15:45:24","modified_gmt":"2026-01-08T15:45:24","slug":"fjordi-v-2-copy","status":"publish","type":"product","link":"https:\/\/noordi.com\/de\/product\/fjordi-v-2-copy\/","title":{"rendered":"Fjordi V.2 (Copy)"},"content":{"rendered":"<p>Der Fjordi V.2 bietet eine Mittelklassel\u00f6sung, die verbesserte Man\u00f6vrierf\u00e4higkeit, Komfort und modernes Design vereint. Ideal f\u00fcr Familien, die Vielseitigkeit und Premium-Funktionen zu einem vern\u00fcnftigen Preis suchen. <\/p>\n","protected":false},"excerpt":{"rendered":"<p>Der Fjordi V.2 bietet eine Mittelklassel\u00f6sung, die verbesserte Man\u00f6vrierf\u00e4higkeit, Komfort und modernes Design vereint. Ideal f\u00fcr Familien, die Vielseitigkeit und Premium-Funktionen zu einem vern\u00fcnftigen Preis suchen.<\/p>\n","protected":false},"featured_media":4030,"comment_status":"closed","ping_status":"closed","template":"","meta":{"_acf_changed":false,"inline_featured_image":false,"_product_box_image":"","_product_box_image_id":0},"product-name":[],"product_brand":[],"product_cat":[104],"product_tag":[],"class_list":{"0":"post-5809","1":"product","2":"type-product","3":"status-publish","4":"has-post-thumbnail","6":"product_cat-kinderwagen","8":"first","9":"outofstock","10":"shipping-taxable","11":"product-type-simple"},"acf":[],"_links":{"self":[{"href":"https:\/\/noordi.com\/de\/wp-json\/wp\/v2\/product\/5809","targetHints":{"allow":["GET"]}}],"collection":[{"href":"https:\/\/noordi.com\/de\/wp-json\/wp\/v2\/product"}],"about":[{"href":"https:\/\/noordi.com\/de\/wp-json\/wp\/v2\/types\/product"}],"replies":[{"embeddable":true,"href":"https:\/\/noordi.com\/de\/wp-json\/wp\/v2\/comments?post=5809"}],"wp:featuredmedia":[{"embeddable":true,"href":"https:\/\/noordi.com\/de\/wp-json\/wp\/v2\/media\/4030"}],"wp:attachment":[{"href":"https:\/\/noordi.com\/de\/wp-json\/wp\/v2\/media?parent=5809"}],"wp:term":[{"taxonomy":"product-name","embeddable":true,"href":"https:\/\/noordi.com\/de\/wp-json\/wp\/v2\/product-name?post=5809"},{"taxonomy":"product_brand","embeddable":true,"href":"https:\/\/noordi.com\/de\/wp-json\/wp\/v2\/product_brand?post=5809"},{"taxonomy":"product_cat","embeddable":true,"href":"https:\/\/noordi.com\/de\/wp-json\/wp\/v2\/product_cat?post=5809"},{"taxonomy":"product_tag","embeddable":true,"href":"https:\/\/noordi.com\/de\/wp-json\/wp\/v2\/product_tag?post=5809"}],"curies":[{"name":"wp","href":"https:\/\/api.w.org\/{rel}","templated":true}]}}