{"id":4231,"date":"2025-04-16T11:24:03","date_gmt":"2025-04-16T11:24:03","guid":{"rendered":"https:\/\/noordi.com\/product\/getraenkehalter\/"},"modified":"2025-08-25T13:15:12","modified_gmt":"2025-08-25T13:15:12","slug":"getraenkehalter","status":"publish","type":"product","link":"https:\/\/noordi.com\/de\/product\/getraenkehalter\/","title":{"rendered":"Getr\u00e4nkehalter"},"content":{"rendered":"<p>Halten Sie Ihr Getr\u00e4nk unterwegs sicher. Mit seinem vielseitigen Design, sicherem Halt und modernem Stil sorgt der Noordi Universal-Getr\u00e4nkehalter daf\u00fcr, dass Ihr Lieblingsgetr\u00e4nk immer in Reichweite ist und verleiht Ihren t\u00e4glichen Abenteuern einen Hauch von Komfort und modernem Flair. <\/p>\n","protected":false},"excerpt":{"rendered":"<p>Halten Sie Ihr Getr\u00e4nk unterwegs sicher. Mit seinem vielseitigen Design, sicherem Halt und modernem Stil sorgt der Noordi Universal-Getr\u00e4nkehalter daf\u00fcr, dass Ihr Lieblingsgetr\u00e4nk immer in Reichweite ist und verleiht Ihren t\u00e4glichen Abenteuern einen Hauch von Komfort und modernem Flair.<\/p>\n","protected":false},"featured_media":3450,"comment_status":"closed","ping_status":"closed","template":"","meta":{"_acf_changed":false,"inline_featured_image":false,"_product_box_image":"","_product_box_image_id":0},"product-name":[],"product_brand":[],"product_cat":[124],"product_tag":[],"class_list":{"0":"post-4231","1":"product","2":"type-product","3":"status-publish","4":"has-post-thumbnail","6":"product_cat-zubehor","8":"first","9":"instock","10":"shipping-taxable","11":"purchasable","12":"product-type-simple"},"acf":[],"_links":{"self":[{"href":"https:\/\/noordi.com\/de\/wp-json\/wp\/v2\/product\/4231","targetHints":{"allow":["GET"]}}],"collection":[{"href":"https:\/\/noordi.com\/de\/wp-json\/wp\/v2\/product"}],"about":[{"href":"https:\/\/noordi.com\/de\/wp-json\/wp\/v2\/types\/product"}],"replies":[{"embeddable":true,"href":"https:\/\/noordi.com\/de\/wp-json\/wp\/v2\/comments?post=4231"}],"wp:featuredmedia":[{"embeddable":true,"href":"https:\/\/noordi.com\/de\/wp-json\/wp\/v2\/media\/3450"}],"wp:attachment":[{"href":"https:\/\/noordi.com\/de\/wp-json\/wp\/v2\/media?parent=4231"}],"wp:term":[{"taxonomy":"product-name","embeddable":true,"href":"https:\/\/noordi.com\/de\/wp-json\/wp\/v2\/product-name?post=4231"},{"taxonomy":"product_brand","embeddable":true,"href":"https:\/\/noordi.com\/de\/wp-json\/wp\/v2\/product_brand?post=4231"},{"taxonomy":"product_cat","embeddable":true,"href":"https:\/\/noordi.com\/de\/wp-json\/wp\/v2\/product_cat?post=4231"},{"taxonomy":"product_tag","embeddable":true,"href":"https:\/\/noordi.com\/de\/wp-json\/wp\/v2\/product_tag?post=4231"}],"curies":[{"name":"wp","href":"https:\/\/api.w.org\/{rel}","templated":true}]}}