{"id":4223,"date":"2025-04-04T08:18:51","date_gmt":"2025-04-04T08:18:51","guid":{"rendered":"https:\/\/noordi.com\/product\/winterhandschuhe\/"},"modified":"2025-08-25T13:15:37","modified_gmt":"2025-08-25T13:15:37","slug":"winterhandschuhe","status":"publish","type":"product","link":"https:\/\/noordi.com\/de\/product\/winterhandschuhe\/","title":{"rendered":"Winterhandschuhe"},"content":{"rendered":"<p>Die NOORDI Winterhandschuhe definieren Eleganz und Modernit\u00e4t f\u00fcr anspruchsvolle Eltern neu. Gefertigt aus hochwertigen Materialien und mit modernster Isolierung, bieten diese Handschuhe au\u00dfergew\u00f6hnliche W\u00e4rme und Haltbarkeit, ohne dabei auf Stil zu verzichten. Eine intuitive, anpassbare Passform und eine praktische Schnappverschluss-Befestigung sorgen daf\u00fcr, dass sie jeden Winterspaziergang mit einer perfekten Mischung aus Eleganz und Komfort erg\u00e4nzen.  <\/p>\n","protected":false},"excerpt":{"rendered":"<p>Die NOORDI Winterhandschuhe definieren Eleganz und Modernit\u00e4t f\u00fcr anspruchsvolle Eltern neu. Gefertigt aus hochwertigen Materialien und mit modernster Isolierung, bieten diese Handschuhe au\u00dfergew\u00f6hnliche W\u00e4rme und Haltbarkeit, ohne dabei auf Stil zu verzichten. Eine intuitive, anpassbare Passform und eine praktische Schnappverschluss-Befestigung sorgen daf\u00fcr, dass sie jeden Winterspaziergang mit einer perfekten Mischung aus Eleganz und Komfort erg\u00e4nzen.<\/p>\n","protected":false},"featured_media":3462,"comment_status":"closed","ping_status":"closed","template":"","meta":{"_acf_changed":false,"inline_featured_image":false,"_product_box_image":"","_product_box_image_id":0},"product-name":[],"product_brand":[],"product_cat":[124],"product_tag":[],"class_list":{"0":"post-4223","1":"product","2":"type-product","3":"status-publish","4":"has-post-thumbnail","6":"product_cat-zubehor","8":"first","9":"instock","10":"shipping-taxable","11":"purchasable","12":"product-type-simple"},"acf":[],"_links":{"self":[{"href":"https:\/\/noordi.com\/de\/wp-json\/wp\/v2\/product\/4223","targetHints":{"allow":["GET"]}}],"collection":[{"href":"https:\/\/noordi.com\/de\/wp-json\/wp\/v2\/product"}],"about":[{"href":"https:\/\/noordi.com\/de\/wp-json\/wp\/v2\/types\/product"}],"replies":[{"embeddable":true,"href":"https:\/\/noordi.com\/de\/wp-json\/wp\/v2\/comments?post=4223"}],"wp:featuredmedia":[{"embeddable":true,"href":"https:\/\/noordi.com\/de\/wp-json\/wp\/v2\/media\/3462"}],"wp:attachment":[{"href":"https:\/\/noordi.com\/de\/wp-json\/wp\/v2\/media?parent=4223"}],"wp:term":[{"taxonomy":"product-name","embeddable":true,"href":"https:\/\/noordi.com\/de\/wp-json\/wp\/v2\/product-name?post=4223"},{"taxonomy":"product_brand","embeddable":true,"href":"https:\/\/noordi.com\/de\/wp-json\/wp\/v2\/product_brand?post=4223"},{"taxonomy":"product_cat","embeddable":true,"href":"https:\/\/noordi.com\/de\/wp-json\/wp\/v2\/product_cat?post=4223"},{"taxonomy":"product_tag","embeddable":true,"href":"https:\/\/noordi.com\/de\/wp-json\/wp\/v2\/product_tag?post=4223"}],"curies":[{"name":"wp","href":"https:\/\/api.w.org\/{rel}","templated":true}]}}