{"id":4216,"date":"2025-04-03T11:22:19","date_gmt":"2025-04-03T11:22:19","guid":{"rendered":"https:\/\/noordi.com\/product\/rucksack\/"},"modified":"2025-08-25T13:16:20","modified_gmt":"2025-08-25T13:16:20","slug":"rucksack","status":"publish","type":"product","link":"https:\/\/noordi.com\/de\/product\/rucksack\/","title":{"rendered":"Rucksack"},"content":{"rendered":"<p>Der Noordi Rucksack definiert moderne Raffinesse neu und wurde f\u00fcr urbane Entdecker entwickelt, die Wert auf Stil und Leistung legen. Sorgf\u00e4ltig gefertigt aus hochwertigen Materialien und mit innovativen Funktionen ausgestattet, bietet er eine perfekte Verbindung von Eleganz und Praktikabilit\u00e4t. Egal, ob Sie durch die Stra\u00dfen der Stadt navigieren oder sich in die freie Natur wagen, der Noordi Rucksack sorgt daf\u00fcr, dass Sie mit einer m\u00fchelosen Mischung aus Komfort und modernstem Design reisen.  <\/p>\n","protected":false},"excerpt":{"rendered":"<p>Der Noordi Rucksack definiert moderne Raffinesse neu und wurde f\u00fcr urbane Entdecker entwickelt, die Wert auf Stil und Leistung legen. Sorgf\u00e4ltig gefertigt aus hochwertigen Materialien und mit innovativen Funktionen ausgestattet, bietet er eine perfekte Verbindung von Eleganz und Praktikabilit\u00e4t. Egal, ob Sie durch die Stra\u00dfen der Stadt navigieren oder sich in die freie Natur wagen, [&hellip;]<\/p>\n","protected":false},"featured_media":3822,"comment_status":"closed","ping_status":"closed","template":"","meta":{"_acf_changed":false,"inline_featured_image":false,"_product_box_image":"","_product_box_image_id":0},"product-name":[],"product_brand":[],"product_cat":[124],"product_tag":[],"class_list":{"0":"post-4216","1":"product","2":"type-product","3":"status-publish","4":"has-post-thumbnail","6":"product_cat-zubehor","8":"first","9":"instock","10":"shipping-taxable","11":"purchasable","12":"product-type-simple"},"acf":[],"_links":{"self":[{"href":"https:\/\/noordi.com\/de\/wp-json\/wp\/v2\/product\/4216","targetHints":{"allow":["GET"]}}],"collection":[{"href":"https:\/\/noordi.com\/de\/wp-json\/wp\/v2\/product"}],"about":[{"href":"https:\/\/noordi.com\/de\/wp-json\/wp\/v2\/types\/product"}],"replies":[{"embeddable":true,"href":"https:\/\/noordi.com\/de\/wp-json\/wp\/v2\/comments?post=4216"}],"wp:featuredmedia":[{"embeddable":true,"href":"https:\/\/noordi.com\/de\/wp-json\/wp\/v2\/media\/3822"}],"wp:attachment":[{"href":"https:\/\/noordi.com\/de\/wp-json\/wp\/v2\/media?parent=4216"}],"wp:term":[{"taxonomy":"product-name","embeddable":true,"href":"https:\/\/noordi.com\/de\/wp-json\/wp\/v2\/product-name?post=4216"},{"taxonomy":"product_brand","embeddable":true,"href":"https:\/\/noordi.com\/de\/wp-json\/wp\/v2\/product_brand?post=4216"},{"taxonomy":"product_cat","embeddable":true,"href":"https:\/\/noordi.com\/de\/wp-json\/wp\/v2\/product_cat?post=4216"},{"taxonomy":"product_tag","embeddable":true,"href":"https:\/\/noordi.com\/de\/wp-json\/wp\/v2\/product_tag?post=4216"}],"curies":[{"name":"wp","href":"https:\/\/api.w.org\/{rel}","templated":true}]}}