{"id":4214,"date":"2025-04-16T11:37:01","date_gmt":"2025-04-16T11:37:01","guid":{"rendered":"https:\/\/noordi.com\/product\/terra-edu-sky-i-size\/"},"modified":"2025-11-21T07:53:12","modified_gmt":"2025-11-21T07:53:12","slug":"terra-edu-sky-i-size","status":"publish","type":"product","link":"https:\/\/noordi.com\/de\/product\/terra-edu-sky-i-size\/","title":{"rendered":"Terra edu-sky I-Size"},"content":{"rendered":"<p>Der Terra edu-sky I-Size von Noordi f\u00f6rdert die Entdeckung, bietet fortschrittlichen Schutz und dauerhaften Komfort und sorgt f\u00fcr sichere Fahrten und Seelenfrieden, wohin auch immer der Tag Sie f\u00fchrt.<\/p>\n","protected":false},"excerpt":{"rendered":"<p>Der Terra edu-sky I-Size von Noordi f\u00f6rdert die Entdeckung, bietet fortschrittlichen Schutz und dauerhaften Komfort und sorgt f\u00fcr sichere Fahrten und Seelenfrieden, wohin auch immer der Tag Sie f\u00fchrt.<\/p>\n","protected":false},"featured_media":3594,"comment_status":"closed","ping_status":"closed","template":"","meta":{"_acf_changed":false,"inline_featured_image":false,"_product_box_image":"","_product_box_image_id":0},"product-name":[],"product_brand":[],"product_cat":[136],"product_tag":[],"class_list":{"0":"post-4214","1":"product","2":"type-product","3":"status-publish","4":"has-post-thumbnail","6":"product_cat-kindersitze","8":"first","9":"instock","10":"shipping-taxable","11":"purchasable","12":"product-type-simple"},"acf":[],"_links":{"self":[{"href":"https:\/\/noordi.com\/de\/wp-json\/wp\/v2\/product\/4214","targetHints":{"allow":["GET"]}}],"collection":[{"href":"https:\/\/noordi.com\/de\/wp-json\/wp\/v2\/product"}],"about":[{"href":"https:\/\/noordi.com\/de\/wp-json\/wp\/v2\/types\/product"}],"replies":[{"embeddable":true,"href":"https:\/\/noordi.com\/de\/wp-json\/wp\/v2\/comments?post=4214"}],"wp:featuredmedia":[{"embeddable":true,"href":"https:\/\/noordi.com\/de\/wp-json\/wp\/v2\/media\/3594"}],"wp:attachment":[{"href":"https:\/\/noordi.com\/de\/wp-json\/wp\/v2\/media?parent=4214"}],"wp:term":[{"taxonomy":"product-name","embeddable":true,"href":"https:\/\/noordi.com\/de\/wp-json\/wp\/v2\/product-name?post=4214"},{"taxonomy":"product_brand","embeddable":true,"href":"https:\/\/noordi.com\/de\/wp-json\/wp\/v2\/product_brand?post=4214"},{"taxonomy":"product_cat","embeddable":true,"href":"https:\/\/noordi.com\/de\/wp-json\/wp\/v2\/product_cat?post=4214"},{"taxonomy":"product_tag","embeddable":true,"href":"https:\/\/noordi.com\/de\/wp-json\/wp\/v2\/product_tag?post=4214"}],"curies":[{"name":"wp","href":"https:\/\/api.w.org\/{rel}","templated":true}]}}