{"id":4199,"date":"2025-04-04T07:37:06","date_gmt":"2025-04-04T07:37:06","guid":{"rendered":"https:\/\/noordi.com\/product\/natur-soundbox\/"},"modified":"2025-11-21T07:38:58","modified_gmt":"2025-11-21T07:38:58","slug":"natur-soundbox","status":"publish","type":"product","link":"https:\/\/noordi.com\/de\/product\/natur-soundbox\/","title":{"rendered":"Nature Soundbox"},"content":{"rendered":"<p>Die Noordi Nature Soundbox beruhigt Ihr Baby mit beruhigenden Naturkl\u00e4ngen wie Wellen, Regen und sanften Schlafliedern, um das Weinen zu lindern und einen besseren Schlaf zu f\u00f6rdern. Ihr kompaktes, leichtes Design und die langlebige Batterie machen sie perfekt f\u00fcr ruhige N\u00e4chte zu Hause oder unterwegs. <\/p>\n","protected":false},"excerpt":{"rendered":"<p>Die Noordi Nature Soundbox beruhigt Ihr Baby mit beruhigenden Naturkl\u00e4ngen wie Wellen, Regen und sanften Schlafliedern, um das Weinen zu lindern und einen besseren Schlaf zu f\u00f6rdern. Ihr kompaktes, leichtes Design und die langlebige Batterie machen sie perfekt f\u00fcr ruhige N\u00e4chte zu Hause oder unterwegs.<\/p>\n","protected":false},"featured_media":3742,"comment_status":"closed","ping_status":"closed","template":"","meta":{"_acf_changed":false,"inline_featured_image":false,"_product_box_image":"","_product_box_image_id":0},"product-name":[],"product_brand":[],"product_cat":[124],"product_tag":[],"class_list":{"0":"post-4199","1":"product","2":"type-product","3":"status-publish","4":"has-post-thumbnail","6":"product_cat-zubehor","8":"first","9":"instock","10":"shipping-taxable","11":"purchasable","12":"product-type-simple"},"acf":[],"_links":{"self":[{"href":"https:\/\/noordi.com\/de\/wp-json\/wp\/v2\/product\/4199","targetHints":{"allow":["GET"]}}],"collection":[{"href":"https:\/\/noordi.com\/de\/wp-json\/wp\/v2\/product"}],"about":[{"href":"https:\/\/noordi.com\/de\/wp-json\/wp\/v2\/types\/product"}],"replies":[{"embeddable":true,"href":"https:\/\/noordi.com\/de\/wp-json\/wp\/v2\/comments?post=4199"}],"wp:featuredmedia":[{"embeddable":true,"href":"https:\/\/noordi.com\/de\/wp-json\/wp\/v2\/media\/3742"}],"wp:attachment":[{"href":"https:\/\/noordi.com\/de\/wp-json\/wp\/v2\/media?parent=4199"}],"wp:term":[{"taxonomy":"product-name","embeddable":true,"href":"https:\/\/noordi.com\/de\/wp-json\/wp\/v2\/product-name?post=4199"},{"taxonomy":"product_brand","embeddable":true,"href":"https:\/\/noordi.com\/de\/wp-json\/wp\/v2\/product_brand?post=4199"},{"taxonomy":"product_cat","embeddable":true,"href":"https:\/\/noordi.com\/de\/wp-json\/wp\/v2\/product_cat?post=4199"},{"taxonomy":"product_tag","embeddable":true,"href":"https:\/\/noordi.com\/de\/wp-json\/wp\/v2\/product_tag?post=4199"}],"curies":[{"name":"wp","href":"https:\/\/api.w.org\/{rel}","templated":true}]}}