{"id":4170,"date":"2025-04-01T06:43:23","date_gmt":"2025-04-01T06:43:23","guid":{"rendered":"https:\/\/noordi.com\/product\/luno-all-trails\/"},"modified":"2025-11-21T07:20:29","modified_gmt":"2025-11-21T07:20:29","slug":"luno-all-trails","status":"publish","type":"product","link":"https:\/\/noordi.com\/de\/product\/luno-all-trails\/","title":{"rendered":"Luno All Trails"},"content":{"rendered":"<p>Der Luno All Trails ist ma\u00dfgeschneidert f\u00fcr abenteuerlustige Eltern, die h\u00f6chste Qualit\u00e4t und Vielseitigkeit erwarten. Seine fortschrittlichen Funktionen und skandinavische Eleganz erf\u00fcllen die Bed\u00fcrfnisse von Familien, die Offroad-Erkundungen lieben. <\/p>\n","protected":false},"excerpt":{"rendered":"<p>Der Luno All Trails ist ma\u00dfgeschneidert f\u00fcr abenteuerlustige Eltern, die h\u00f6chste Qualit\u00e4t und Vielseitigkeit erwarten. Seine fortschrittlichen Funktionen und skandinavische Eleganz erf\u00fcllen die Bed\u00fcrfnisse von Familien, die Offroad-Erkundungen lieben.<\/p>\n","protected":false},"featured_media":4040,"comment_status":"closed","ping_status":"closed","template":"","meta":{"_acf_changed":false,"inline_featured_image":false,"_product_box_image":"https:\/\/noordi.com\/wp-content\/uploads\/2025\/04\/whats-in-the-box.png","_product_box_image_id":838},"product-name":[66],"product_brand":[],"product_cat":[104],"product_tag":[],"class_list":{"0":"post-4170","1":"product","2":"type-product","3":"status-publish","4":"has-post-thumbnail","6":"product-name-luno","7":"product_cat-kinderwagen","9":"first","10":"instock","11":"featured","12":"shipping-taxable","13":"purchasable","14":"product-type-variable","15":"has-default-attributes","16":"rtwpvg-product"},"acf":[],"_links":{"self":[{"href":"https:\/\/noordi.com\/de\/wp-json\/wp\/v2\/product\/4170","targetHints":{"allow":["GET"]}}],"collection":[{"href":"https:\/\/noordi.com\/de\/wp-json\/wp\/v2\/product"}],"about":[{"href":"https:\/\/noordi.com\/de\/wp-json\/wp\/v2\/types\/product"}],"replies":[{"embeddable":true,"href":"https:\/\/noordi.com\/de\/wp-json\/wp\/v2\/comments?post=4170"}],"wp:featuredmedia":[{"embeddable":true,"href":"https:\/\/noordi.com\/de\/wp-json\/wp\/v2\/media\/4040"}],"wp:attachment":[{"href":"https:\/\/noordi.com\/de\/wp-json\/wp\/v2\/media?parent=4170"}],"wp:term":[{"taxonomy":"product-name","embeddable":true,"href":"https:\/\/noordi.com\/de\/wp-json\/wp\/v2\/product-name?post=4170"},{"taxonomy":"product_brand","embeddable":true,"href":"https:\/\/noordi.com\/de\/wp-json\/wp\/v2\/product_brand?post=4170"},{"taxonomy":"product_cat","embeddable":true,"href":"https:\/\/noordi.com\/de\/wp-json\/wp\/v2\/product_cat?post=4170"},{"taxonomy":"product_tag","embeddable":true,"href":"https:\/\/noordi.com\/de\/wp-json\/wp\/v2\/product_tag?post=4170"}],"curies":[{"name":"wp","href":"https:\/\/api.w.org\/{rel}","templated":true}]}}