{"id":5958,"date":"2026-01-08T16:32:05","date_gmt":"2026-01-08T16:32:05","guid":{"rendered":"https:\/\/noordi.com\/?post_type=product&#038;p=5958"},"modified":"2026-01-08T16:33:48","modified_gmt":"2026-01-08T16:33:48","slug":"fjordi-v-2-copy-copy-2","status":"publish","type":"product","link":"https:\/\/noordi.com\/cs\/product\/fjordi-v-2-copy-copy-2\/","title":{"rendered":"Fjordi V.2 (Copy) (Copy)"},"content":{"rendered":"<p>Fjordi V.2 nab\u00edz\u00ed \u0159e\u0161en\u00ed st\u0159edn\u00ed t\u0159\u00eddy kombinuj\u00edc\u00ed vylep\u0161enou ovladatelnost, pohodl\u00ed a modern\u00ed design. Ide\u00e1ln\u00ed pro rodiny hledaj\u00edc\u00ed v\u0161estrannost a pr\u00e9miov\u00e9 funkce za rozumnou cenu. <\/p>\n","protected":false},"excerpt":{"rendered":"<p>Fjordi V.2 nab\u00edz\u00ed \u0159e\u0161en\u00ed st\u0159edn\u00ed t\u0159\u00eddy kombinuj\u00edc\u00ed vylep\u0161enou ovladatelnost, pohodl\u00ed a modern\u00ed design. Ide\u00e1ln\u00ed pro rodiny hledaj\u00edc\u00ed v\u0161estrannost a pr\u00e9miov\u00e9 funkce za rozumnou cenu.<\/p>\n","protected":false},"featured_media":4029,"comment_status":"closed","ping_status":"closed","template":"","meta":{"_acf_changed":false,"inline_featured_image":false,"_product_box_image":"","_product_box_image_id":0},"product-name":[],"product_brand":[],"product_cat":[92],"product_tag":[],"class_list":{"0":"post-5958","1":"product","2":"type-product","3":"status-publish","4":"has-post-thumbnail","6":"product_cat-kocarek","8":"first","9":"outofstock","10":"shipping-taxable","11":"product-type-simple"},"acf":[],"_links":{"self":[{"href":"https:\/\/noordi.com\/cs\/wp-json\/wp\/v2\/product\/5958","targetHints":{"allow":["GET"]}}],"collection":[{"href":"https:\/\/noordi.com\/cs\/wp-json\/wp\/v2\/product"}],"about":[{"href":"https:\/\/noordi.com\/cs\/wp-json\/wp\/v2\/types\/product"}],"replies":[{"embeddable":true,"href":"https:\/\/noordi.com\/cs\/wp-json\/wp\/v2\/comments?post=5958"}],"wp:featuredmedia":[{"embeddable":true,"href":"https:\/\/noordi.com\/cs\/wp-json\/wp\/v2\/media\/4029"}],"wp:attachment":[{"href":"https:\/\/noordi.com\/cs\/wp-json\/wp\/v2\/media?parent=5958"}],"wp:term":[{"taxonomy":"product-name","embeddable":true,"href":"https:\/\/noordi.com\/cs\/wp-json\/wp\/v2\/product-name?post=5958"},{"taxonomy":"product_brand","embeddable":true,"href":"https:\/\/noordi.com\/cs\/wp-json\/wp\/v2\/product_brand?post=5958"},{"taxonomy":"product_cat","embeddable":true,"href":"https:\/\/noordi.com\/cs\/wp-json\/wp\/v2\/product_cat?post=5958"},{"taxonomy":"product_tag","embeddable":true,"href":"https:\/\/noordi.com\/cs\/wp-json\/wp\/v2\/product_tag?post=5958"}],"curies":[{"name":"wp","href":"https:\/\/api.w.org\/{rel}","templated":true}]}}