{"id":4233,"date":"2025-04-16T11:37:01","date_gmt":"2025-04-16T11:37:01","guid":{"rendered":"https:\/\/noordi.com\/product\/terra-edu-sky-i-size\/"},"modified":"2025-11-21T07:53:13","modified_gmt":"2025-11-21T07:53:13","slug":"terra-edu-sky-i-size","status":"publish","type":"product","link":"https:\/\/noordi.com\/cs\/product\/terra-edu-sky-i-size\/","title":{"rendered":"Terra edu-sky I-Size"},"content":{"rendered":"<p>Terra edu-sky I-Size od Noordi podporuje objevov\u00e1n\u00ed, poskytuje pokro\u010dilou ochranu a trval\u00e9 pohodl\u00ed, zaji\u0161\u0165uje bezpe\u010dn\u00e9 cestov\u00e1n\u00ed a klid mysli, a\u0165 v\u00e1s den zavede kamkoli.<\/p>\n","protected":false},"excerpt":{"rendered":"<p>Terra edu-sky I-Size od Noordi podporuje objevov\u00e1n\u00ed, poskytuje pokro\u010dilou ochranu a trval\u00e9 pohodl\u00ed, zaji\u0161\u0165uje bezpe\u010dn\u00e9 cestov\u00e1n\u00ed a klid mysli, a\u0165 v\u00e1s den zavede kamkoli.<\/p>\n","protected":false},"featured_media":3593,"comment_status":"closed","ping_status":"closed","template":"","meta":{"_acf_changed":false,"inline_featured_image":false,"_product_box_image":"","_product_box_image_id":0},"product-name":[],"product_brand":[],"product_cat":[140],"product_tag":[],"class_list":{"0":"post-4233","1":"product","2":"type-product","3":"status-publish","4":"has-post-thumbnail","6":"product_cat-autosedacky","8":"first","9":"instock","10":"shipping-taxable","11":"purchasable","12":"product-type-simple"},"acf":[],"_links":{"self":[{"href":"https:\/\/noordi.com\/cs\/wp-json\/wp\/v2\/product\/4233","targetHints":{"allow":["GET"]}}],"collection":[{"href":"https:\/\/noordi.com\/cs\/wp-json\/wp\/v2\/product"}],"about":[{"href":"https:\/\/noordi.com\/cs\/wp-json\/wp\/v2\/types\/product"}],"replies":[{"embeddable":true,"href":"https:\/\/noordi.com\/cs\/wp-json\/wp\/v2\/comments?post=4233"}],"wp:featuredmedia":[{"embeddable":true,"href":"https:\/\/noordi.com\/cs\/wp-json\/wp\/v2\/media\/3593"}],"wp:attachment":[{"href":"https:\/\/noordi.com\/cs\/wp-json\/wp\/v2\/media?parent=4233"}],"wp:term":[{"taxonomy":"product-name","embeddable":true,"href":"https:\/\/noordi.com\/cs\/wp-json\/wp\/v2\/product-name?post=4233"},{"taxonomy":"product_brand","embeddable":true,"href":"https:\/\/noordi.com\/cs\/wp-json\/wp\/v2\/product_brand?post=4233"},{"taxonomy":"product_cat","embeddable":true,"href":"https:\/\/noordi.com\/cs\/wp-json\/wp\/v2\/product_cat?post=4233"},{"taxonomy":"product_tag","embeddable":true,"href":"https:\/\/noordi.com\/cs\/wp-json\/wp\/v2\/product_tag?post=4233"}],"curies":[{"name":"wp","href":"https:\/\/api.w.org\/{rel}","templated":true}]}}