{"id":4232,"date":"2025-04-16T11:24:03","date_gmt":"2025-04-16T11:24:03","guid":{"rendered":"https:\/\/noordi.com\/product\/drzak-napoju\/"},"modified":"2025-08-25T13:15:12","modified_gmt":"2025-08-25T13:15:12","slug":"drzak-napoju","status":"publish","type":"product","link":"https:\/\/noordi.com\/cs\/product\/drzak-napoju\/","title":{"rendered":"Dr\u017e\u00e1k n\u00e1poj\u016f"},"content":{"rendered":"<p>Udr\u017eujte sv\u00e9 n\u00e1poje v bezpe\u010d\u00ed i na cest\u00e1ch. D\u00edky v\u0161estrann\u00e9mu designu, bezpe\u010dn\u00e9mu uchycen\u00ed a sou\u010dasn\u00e9mu stylu zaji\u0161\u0165uje univerz\u00e1ln\u00ed dr\u017e\u00e1k n\u00e1poj\u016f Noordi, \u017ee v\u00e1\u0161 obl\u00edben\u00fd n\u00e1poj je v\u017edy na dosah ruky a p\u0159id\u00e1v\u00e1 va\u0161im ka\u017edodenn\u00edm dobrodru\u017estv\u00edm prvek pohodl\u00ed a modern\u00edho \u0161mrncu. <\/p>\n","protected":false},"excerpt":{"rendered":"<p>Udr\u017eujte sv\u00e9 n\u00e1poje v bezpe\u010d\u00ed i na cest\u00e1ch. D\u00edky v\u0161estrann\u00e9mu designu, bezpe\u010dn\u00e9mu uchycen\u00ed a sou\u010dasn\u00e9mu stylu zaji\u0161\u0165uje univerz\u00e1ln\u00ed dr\u017e\u00e1k n\u00e1poj\u016f Noordi, \u017ee v\u00e1\u0161 obl\u00edben\u00fd n\u00e1poj je v\u017edy na dosah ruky a p\u0159id\u00e1v\u00e1 va\u0161im ka\u017edodenn\u00edm dobrodru\u017estv\u00edm prvek pohodl\u00ed a modern\u00edho \u0161mrncu.<\/p>\n","protected":false},"featured_media":3449,"comment_status":"closed","ping_status":"closed","template":"","meta":{"_acf_changed":false,"inline_featured_image":false,"_product_box_image":"","_product_box_image_id":0},"product-name":[],"product_brand":[],"product_cat":[93],"product_tag":[],"class_list":{"0":"post-4232","1":"product","2":"type-product","3":"status-publish","4":"has-post-thumbnail","6":"product_cat-prislusenstvi","8":"first","9":"instock","10":"shipping-taxable","11":"purchasable","12":"product-type-simple"},"acf":[],"_links":{"self":[{"href":"https:\/\/noordi.com\/cs\/wp-json\/wp\/v2\/product\/4232","targetHints":{"allow":["GET"]}}],"collection":[{"href":"https:\/\/noordi.com\/cs\/wp-json\/wp\/v2\/product"}],"about":[{"href":"https:\/\/noordi.com\/cs\/wp-json\/wp\/v2\/types\/product"}],"replies":[{"embeddable":true,"href":"https:\/\/noordi.com\/cs\/wp-json\/wp\/v2\/comments?post=4232"}],"wp:featuredmedia":[{"embeddable":true,"href":"https:\/\/noordi.com\/cs\/wp-json\/wp\/v2\/media\/3449"}],"wp:attachment":[{"href":"https:\/\/noordi.com\/cs\/wp-json\/wp\/v2\/media?parent=4232"}],"wp:term":[{"taxonomy":"product-name","embeddable":true,"href":"https:\/\/noordi.com\/cs\/wp-json\/wp\/v2\/product-name?post=4232"},{"taxonomy":"product_brand","embeddable":true,"href":"https:\/\/noordi.com\/cs\/wp-json\/wp\/v2\/product_brand?post=4232"},{"taxonomy":"product_cat","embeddable":true,"href":"https:\/\/noordi.com\/cs\/wp-json\/wp\/v2\/product_cat?post=4232"},{"taxonomy":"product_tag","embeddable":true,"href":"https:\/\/noordi.com\/cs\/wp-json\/wp\/v2\/product_tag?post=4232"}],"curies":[{"name":"wp","href":"https:\/\/api.w.org\/{rel}","templated":true}]}}