{"id":4227,"date":"2025-04-18T06:32:18","date_gmt":"2025-04-18T06:32:18","guid":{"rendered":"https:\/\/noordi.com\/product\/adaptery-pro-zakladnu-autosedacky\/"},"modified":"2025-08-25T13:14:49","modified_gmt":"2025-08-25T13:14:49","slug":"adaptery-pro-zakladnu-autosedacky","status":"publish","type":"product","link":"https:\/\/noordi.com\/cs\/product\/adaptery-pro-zakladnu-autosedacky\/","title":{"rendered":"Adapt\u00e9ry pro z\u00e1kladnu autoseda\u010dky"},"content":{"rendered":"<p>Definuj\u00ed pohodl\u00ed a spolehlivost, navr\u017een\u00e9 pro rodi\u010de, kte\u0159\u00ed up\u0159ednost\u0148uj\u00ed snadn\u00e9 pou\u017eit\u00ed, odoln\u00e9 materi\u00e1ly a p\u0159\u00edmo\u010dar\u00e9 funkce. Dokonal\u00e1 kombinace efektivity a pohodl\u00ed pro plynul\u00fd rodi\u010dovsk\u00fd z\u00e1\u017eitek bez starost\u00ed. <\/p>\n","protected":false},"excerpt":{"rendered":"<p>Definuj\u00ed pohodl\u00ed a spolehlivost, navr\u017een\u00e9 pro rodi\u010de, kte\u0159\u00ed up\u0159ednost\u0148uj\u00ed snadn\u00e9 pou\u017eit\u00ed, odoln\u00e9 materi\u00e1ly a p\u0159\u00edmo\u010dar\u00e9 funkce. Dokonal\u00e1 kombinace efektivity a pohodl\u00ed pro plynul\u00fd rodi\u010dovsk\u00fd z\u00e1\u017eitek bez starost\u00ed.<\/p>\n","protected":false},"featured_media":3779,"comment_status":"closed","ping_status":"closed","template":"","meta":{"_acf_changed":false,"inline_featured_image":false,"_product_box_image":"","_product_box_image_id":0},"product-name":[],"product_brand":[],"product_cat":[140],"product_tag":[],"class_list":{"0":"post-4227","1":"product","2":"type-product","3":"status-publish","4":"has-post-thumbnail","6":"product_cat-autosedacky","8":"first","9":"instock","10":"shipping-taxable","11":"purchasable","12":"product-type-variable","13":"has-default-attributes","14":"rtwpvg-product"},"acf":[],"_links":{"self":[{"href":"https:\/\/noordi.com\/cs\/wp-json\/wp\/v2\/product\/4227","targetHints":{"allow":["GET"]}}],"collection":[{"href":"https:\/\/noordi.com\/cs\/wp-json\/wp\/v2\/product"}],"about":[{"href":"https:\/\/noordi.com\/cs\/wp-json\/wp\/v2\/types\/product"}],"replies":[{"embeddable":true,"href":"https:\/\/noordi.com\/cs\/wp-json\/wp\/v2\/comments?post=4227"}],"wp:featuredmedia":[{"embeddable":true,"href":"https:\/\/noordi.com\/cs\/wp-json\/wp\/v2\/media\/3779"}],"wp:attachment":[{"href":"https:\/\/noordi.com\/cs\/wp-json\/wp\/v2\/media?parent=4227"}],"wp:term":[{"taxonomy":"product-name","embeddable":true,"href":"https:\/\/noordi.com\/cs\/wp-json\/wp\/v2\/product-name?post=4227"},{"taxonomy":"product_brand","embeddable":true,"href":"https:\/\/noordi.com\/cs\/wp-json\/wp\/v2\/product_brand?post=4227"},{"taxonomy":"product_cat","embeddable":true,"href":"https:\/\/noordi.com\/cs\/wp-json\/wp\/v2\/product_cat?post=4227"},{"taxonomy":"product_tag","embeddable":true,"href":"https:\/\/noordi.com\/cs\/wp-json\/wp\/v2\/product_tag?post=4227"}],"curies":[{"name":"wp","href":"https:\/\/api.w.org\/{rel}","templated":true}]}}