{"id":4226,"date":"2025-04-18T06:57:37","date_gmt":"2025-04-18T06:57:37","guid":{"rendered":"https:\/\/noordi.com\/product\/zakladna-isofix\/"},"modified":"2025-11-21T08:19:38","modified_gmt":"2025-11-21T08:19:38","slug":"zakladna-isofix","status":"publish","type":"product","link":"https:\/\/noordi.com\/cs\/product\/zakladna-isofix\/","title":{"rendered":"Isofix Base"},"content":{"rendered":"<p>Posu\u0148te bezpe\u010dnost sv\u00e9ho d\u00edt\u011bte na vy\u0161\u0161\u00ed \u00farove\u0148 se z\u00e1kladnou Isofix \u2013 symbolem modern\u00edho luxusu pro n\u00e1ro\u010dn\u00e9 rodi\u010de. Vyroben\u00e1 z pr\u00e9miov\u00fdch materi\u00e1l\u016f a nejmodern\u011bj\u0161\u00ed technologie, dokonale kombinuje sofistikovan\u00fd design s maxim\u00e1ln\u00edm pohodl\u00edm pro skute\u010dn\u011b v\u00fdjime\u010dn\u00fd rodi\u010dovsk\u00fd z\u00e1\u017eitek. <\/p>\n","protected":false},"excerpt":{"rendered":"<p>Posu\u0148te bezpe\u010dnost sv\u00e9ho d\u00edt\u011bte na vy\u0161\u0161\u00ed \u00farove\u0148 se z\u00e1kladnou Isofix \u2013 symbolem modern\u00edho luxusu pro n\u00e1ro\u010dn\u00e9 rodi\u010de. Vyroben\u00e1 z pr\u00e9miov\u00fdch materi\u00e1l\u016f a nejmodern\u011bj\u0161\u00ed technologie, dokonale kombinuje sofistikovan\u00fd design s maxim\u00e1ln\u00edm pohodl\u00edm pro skute\u010dn\u011b v\u00fdjime\u010dn\u00fd rodi\u010dovsk\u00fd z\u00e1\u017eitek.<\/p>\n","protected":false},"featured_media":3785,"comment_status":"closed","ping_status":"closed","template":"","meta":{"_acf_changed":false,"inline_featured_image":false,"_product_box_image":"","_product_box_image_id":0},"product-name":[],"product_brand":[],"product_cat":[140],"product_tag":[],"class_list":{"0":"post-4226","1":"product","2":"type-product","3":"status-publish","4":"has-post-thumbnail","6":"product_cat-autosedacky","8":"first","9":"instock","10":"sale","11":"shipping-taxable","12":"purchasable","13":"product-type-simple"},"acf":[],"_links":{"self":[{"href":"https:\/\/noordi.com\/cs\/wp-json\/wp\/v2\/product\/4226","targetHints":{"allow":["GET"]}}],"collection":[{"href":"https:\/\/noordi.com\/cs\/wp-json\/wp\/v2\/product"}],"about":[{"href":"https:\/\/noordi.com\/cs\/wp-json\/wp\/v2\/types\/product"}],"replies":[{"embeddable":true,"href":"https:\/\/noordi.com\/cs\/wp-json\/wp\/v2\/comments?post=4226"}],"wp:featuredmedia":[{"embeddable":true,"href":"https:\/\/noordi.com\/cs\/wp-json\/wp\/v2\/media\/3785"}],"wp:attachment":[{"href":"https:\/\/noordi.com\/cs\/wp-json\/wp\/v2\/media?parent=4226"}],"wp:term":[{"taxonomy":"product-name","embeddable":true,"href":"https:\/\/noordi.com\/cs\/wp-json\/wp\/v2\/product-name?post=4226"},{"taxonomy":"product_brand","embeddable":true,"href":"https:\/\/noordi.com\/cs\/wp-json\/wp\/v2\/product_brand?post=4226"},{"taxonomy":"product_cat","embeddable":true,"href":"https:\/\/noordi.com\/cs\/wp-json\/wp\/v2\/product_cat?post=4226"},{"taxonomy":"product_tag","embeddable":true,"href":"https:\/\/noordi.com\/cs\/wp-json\/wp\/v2\/product_tag?post=4226"}],"curies":[{"name":"wp","href":"https:\/\/api.w.org\/{rel}","templated":true}]}}