{"id":4224,"date":"2025-04-04T08:18:51","date_gmt":"2025-04-04T08:18:51","guid":{"rendered":"https:\/\/noordi.com\/product\/zimni-rukavice\/"},"modified":"2025-08-25T13:15:37","modified_gmt":"2025-08-25T13:15:37","slug":"zimni-rukavice","status":"publish","type":"product","link":"https:\/\/noordi.com\/cs\/product\/zimni-rukavice\/","title":{"rendered":"Zimn\u00ed rukavice"},"content":{"rendered":"<p>Zimn\u00ed rukavice NOORDI nov\u011b definuj\u00ed sofistikovanost a modernost pro n\u00e1ro\u010dn\u00e9 rodi\u010de. Vyroben\u00e9 z prvot\u0159\u00eddn\u00edch materi\u00e1l\u016f a vybaven\u00e9 nejmodern\u011bj\u0161\u00ed izolac\u00ed nab\u00edzej\u00ed tyto rukavice v\u00fdjime\u010dn\u00e9 teplo a odolnost, ani\u017e by se vzdaly stylu. Intuitivn\u00ed, nastaviteln\u00e9 upevn\u011bn\u00ed a praktick\u00e9 p\u0159ip\u00ednac\u00ed poutko zaji\u0161\u0165uj\u00ed, \u017ee dokonale dopln\u00ed ka\u017edou zimn\u00ed proch\u00e1zku kombinac\u00ed elegance a pohodl\u00ed.  <\/p>\n","protected":false},"excerpt":{"rendered":"<p>Zimn\u00ed rukavice NOORDI nov\u011b definuj\u00ed sofistikovanost a modernost pro n\u00e1ro\u010dn\u00e9 rodi\u010de. Vyroben\u00e9 z prvot\u0159\u00eddn\u00edch materi\u00e1l\u016f a vybaven\u00e9 nejmodern\u011bj\u0161\u00ed izolac\u00ed nab\u00edzej\u00ed tyto rukavice v\u00fdjime\u010dn\u00e9 teplo a odolnost, ani\u017e by se vzdaly stylu. Intuitivn\u00ed, nastaviteln\u00e9 upevn\u011bn\u00ed a praktick\u00e9 p\u0159ip\u00ednac\u00ed poutko zaji\u0161\u0165uj\u00ed, \u017ee dokonale dopln\u00ed ka\u017edou zimn\u00ed proch\u00e1zku kombinac\u00ed elegance a pohodl\u00ed.<\/p>\n","protected":false},"featured_media":3461,"comment_status":"closed","ping_status":"closed","template":"","meta":{"_acf_changed":false,"inline_featured_image":false,"_product_box_image":"","_product_box_image_id":0},"product-name":[],"product_brand":[],"product_cat":[93],"product_tag":[],"class_list":{"0":"post-4224","1":"product","2":"type-product","3":"status-publish","4":"has-post-thumbnail","6":"product_cat-prislusenstvi","8":"first","9":"instock","10":"shipping-taxable","11":"purchasable","12":"product-type-simple"},"acf":[],"_links":{"self":[{"href":"https:\/\/noordi.com\/cs\/wp-json\/wp\/v2\/product\/4224","targetHints":{"allow":["GET"]}}],"collection":[{"href":"https:\/\/noordi.com\/cs\/wp-json\/wp\/v2\/product"}],"about":[{"href":"https:\/\/noordi.com\/cs\/wp-json\/wp\/v2\/types\/product"}],"replies":[{"embeddable":true,"href":"https:\/\/noordi.com\/cs\/wp-json\/wp\/v2\/comments?post=4224"}],"wp:featuredmedia":[{"embeddable":true,"href":"https:\/\/noordi.com\/cs\/wp-json\/wp\/v2\/media\/3461"}],"wp:attachment":[{"href":"https:\/\/noordi.com\/cs\/wp-json\/wp\/v2\/media?parent=4224"}],"wp:term":[{"taxonomy":"product-name","embeddable":true,"href":"https:\/\/noordi.com\/cs\/wp-json\/wp\/v2\/product-name?post=4224"},{"taxonomy":"product_brand","embeddable":true,"href":"https:\/\/noordi.com\/cs\/wp-json\/wp\/v2\/product_brand?post=4224"},{"taxonomy":"product_cat","embeddable":true,"href":"https:\/\/noordi.com\/cs\/wp-json\/wp\/v2\/product_cat?post=4224"},{"taxonomy":"product_tag","embeddable":true,"href":"https:\/\/noordi.com\/cs\/wp-json\/wp\/v2\/product_tag?post=4224"}],"curies":[{"name":"wp","href":"https:\/\/api.w.org\/{rel}","templated":true}]}}