{"id":4222,"date":"2025-04-04T08:22:14","date_gmt":"2025-04-04T08:22:14","guid":{"rendered":"https:\/\/noordi.com\/product\/stojan-na-korbicku\/"},"modified":"2025-08-25T13:15:23","modified_gmt":"2025-08-25T13:15:23","slug":"stojan-na-korbicku","status":"publish","type":"product","link":"https:\/\/noordi.com\/cs\/product\/stojan-na-korbicku\/","title":{"rendered":"Stojan na korbi\u010dku"},"content":{"rendered":"<p>U\u017eijte si pohodln\u00e9 a stabiln\u00ed m\u00edsto pro odpo\u010dinek korbi\u010dky va\u0161eho novorozence doma i na cest\u00e1ch. D\u00edky lehk\u00e9, ale odoln\u00e9 konstrukci je sestaven\u00ed a skladov\u00e1n\u00ed rychl\u00e9 a snadn\u00e9. <\/p>\n","protected":false},"excerpt":{"rendered":"<p>U\u017eijte si pohodln\u00e9 a stabiln\u00ed m\u00edsto pro odpo\u010dinek korbi\u010dky va\u0161eho novorozence doma i na cest\u00e1ch. D\u00edky lehk\u00e9, ale odoln\u00e9 konstrukci je sestaven\u00ed a skladov\u00e1n\u00ed rychl\u00e9 a snadn\u00e9.<\/p>\n","protected":false},"featured_media":3467,"comment_status":"closed","ping_status":"closed","template":"","meta":{"_acf_changed":false,"inline_featured_image":false,"_product_box_image":"","_product_box_image_id":0},"product-name":[],"product_brand":[],"product_cat":[93],"product_tag":[],"class_list":{"0":"post-4222","1":"product","2":"type-product","3":"status-publish","4":"has-post-thumbnail","6":"product_cat-prislusenstvi","8":"first","9":"instock","10":"shipping-taxable","11":"purchasable","12":"product-type-simple"},"acf":[],"_links":{"self":[{"href":"https:\/\/noordi.com\/cs\/wp-json\/wp\/v2\/product\/4222","targetHints":{"allow":["GET"]}}],"collection":[{"href":"https:\/\/noordi.com\/cs\/wp-json\/wp\/v2\/product"}],"about":[{"href":"https:\/\/noordi.com\/cs\/wp-json\/wp\/v2\/types\/product"}],"replies":[{"embeddable":true,"href":"https:\/\/noordi.com\/cs\/wp-json\/wp\/v2\/comments?post=4222"}],"wp:featuredmedia":[{"embeddable":true,"href":"https:\/\/noordi.com\/cs\/wp-json\/wp\/v2\/media\/3467"}],"wp:attachment":[{"href":"https:\/\/noordi.com\/cs\/wp-json\/wp\/v2\/media?parent=4222"}],"wp:term":[{"taxonomy":"product-name","embeddable":true,"href":"https:\/\/noordi.com\/cs\/wp-json\/wp\/v2\/product-name?post=4222"},{"taxonomy":"product_brand","embeddable":true,"href":"https:\/\/noordi.com\/cs\/wp-json\/wp\/v2\/product_brand?post=4222"},{"taxonomy":"product_cat","embeddable":true,"href":"https:\/\/noordi.com\/cs\/wp-json\/wp\/v2\/product_cat?post=4222"},{"taxonomy":"product_tag","embeddable":true,"href":"https:\/\/noordi.com\/cs\/wp-json\/wp\/v2\/product_tag?post=4222"}],"curies":[{"name":"wp","href":"https:\/\/api.w.org\/{rel}","templated":true}]}}