{"id":4215,"date":"2025-04-04T07:37:06","date_gmt":"2025-04-04T07:37:06","guid":{"rendered":"https:\/\/noordi.com\/product\/zvukova-krabicka-s-prirodnimi-zvuky\/"},"modified":"2025-11-21T07:38:59","modified_gmt":"2025-11-21T07:38:59","slug":"zvukova-krabicka-s-prirodnimi-zvuky","status":"publish","type":"product","link":"https:\/\/noordi.com\/cs\/product\/zvukova-krabicka-s-prirodnimi-zvuky\/","title":{"rendered":"Nature Soundbox"},"content":{"rendered":"<p>Zvukov\u00e1 krabi\u010dka Noordi Nature uklid\u0148uje va\u0161e miminko konej\u0161iv\u00fdmi p\u0159\u00edrodn\u00edmi zvuky jako vlny, d\u00e9\u0161\u0165 a jemn\u00e9 ukol\u00e9bavky, kter\u00e9 zm\u00edr\u0148uj\u00ed pl\u00e1\u010d a podporuj\u00ed kvalitn\u011bj\u0161\u00ed sp\u00e1nek. Jej\u00ed kompaktn\u00ed, lehk\u00fd design a dlouh\u00e1 v\u00fddr\u017e baterie ji \u010din\u00ed dokonalou pro klidn\u00e9 noci doma i na cest\u00e1ch. <\/p>\n","protected":false},"excerpt":{"rendered":"<p>Zvukov\u00e1 krabi\u010dka Noordi Nature uklid\u0148uje va\u0161e miminko konej\u0161iv\u00fdmi p\u0159\u00edrodn\u00edmi zvuky jako vlny, d\u00e9\u0161\u0165 a jemn\u00e9 ukol\u00e9bavky, kter\u00e9 zm\u00edr\u0148uj\u00ed pl\u00e1\u010d a podporuj\u00ed kvalitn\u011bj\u0161\u00ed sp\u00e1nek. Jej\u00ed kompaktn\u00ed, lehk\u00fd design a dlouh\u00e1 v\u00fddr\u017e baterie ji \u010din\u00ed dokonalou pro klidn\u00e9 noci doma i na cest\u00e1ch.<\/p>\n","protected":false},"featured_media":3741,"comment_status":"closed","ping_status":"closed","template":"","meta":{"_acf_changed":false,"inline_featured_image":false,"_product_box_image":"","_product_box_image_id":0},"product-name":[],"product_brand":[],"product_cat":[93],"product_tag":[],"class_list":{"0":"post-4215","1":"product","2":"type-product","3":"status-publish","4":"has-post-thumbnail","6":"product_cat-prislusenstvi","8":"first","9":"instock","10":"shipping-taxable","11":"purchasable","12":"product-type-simple"},"acf":[],"_links":{"self":[{"href":"https:\/\/noordi.com\/cs\/wp-json\/wp\/v2\/product\/4215","targetHints":{"allow":["GET"]}}],"collection":[{"href":"https:\/\/noordi.com\/cs\/wp-json\/wp\/v2\/product"}],"about":[{"href":"https:\/\/noordi.com\/cs\/wp-json\/wp\/v2\/types\/product"}],"replies":[{"embeddable":true,"href":"https:\/\/noordi.com\/cs\/wp-json\/wp\/v2\/comments?post=4215"}],"wp:featuredmedia":[{"embeddable":true,"href":"https:\/\/noordi.com\/cs\/wp-json\/wp\/v2\/media\/3741"}],"wp:attachment":[{"href":"https:\/\/noordi.com\/cs\/wp-json\/wp\/v2\/media?parent=4215"}],"wp:term":[{"taxonomy":"product-name","embeddable":true,"href":"https:\/\/noordi.com\/cs\/wp-json\/wp\/v2\/product-name?post=4215"},{"taxonomy":"product_brand","embeddable":true,"href":"https:\/\/noordi.com\/cs\/wp-json\/wp\/v2\/product_brand?post=4215"},{"taxonomy":"product_cat","embeddable":true,"href":"https:\/\/noordi.com\/cs\/wp-json\/wp\/v2\/product_cat?post=4215"},{"taxonomy":"product_tag","embeddable":true,"href":"https:\/\/noordi.com\/cs\/wp-json\/wp\/v2\/product_tag?post=4215"}],"curies":[{"name":"wp","href":"https:\/\/api.w.org\/{rel}","templated":true}]}}