{"id":4201,"date":"2025-04-03T11:22:19","date_gmt":"2025-04-03T11:22:19","guid":{"rendered":"https:\/\/noordi.com\/product\/batoh\/"},"modified":"2025-08-25T13:16:21","modified_gmt":"2025-08-25T13:16:21","slug":"batoh","status":"publish","type":"product","link":"https:\/\/noordi.com\/cs\/product\/batoh\/","title":{"rendered":"Batoh"},"content":{"rendered":"<p>Batoh Noordi nov\u011b definuje modern\u00ed sofistikovanost a je vytvo\u0159en pro m\u011bstsk\u00e9 pr\u016fzkumn\u00edky, kte\u0159\u00ed si cen\u00ed stylu a v\u00fdkonu. Je pe\u010dliv\u011b zkonstruov\u00e1n z prvot\u0159\u00eddn\u00edch materi\u00e1l\u016f a vybaven inovativn\u00edmi prvky, nab\u00edz\u00ed dokonal\u00e9 spojen\u00ed elegance a prakti\u010dnosti. A\u0165 u\u017e se pohybujete v m\u011bstsk\u00fdch ulic\u00edch nebo se vyd\u00e1v\u00e1te do p\u0159\u00edrody, batoh Noordi zaji\u0161\u0165uje, \u017ee budete cestovat s nenucenou kombinac\u00ed pohodl\u00ed a \u0161pi\u010dkov\u00e9ho designu.  <\/p>\n","protected":false},"excerpt":{"rendered":"<p>Batoh Noordi nov\u011b definuje modern\u00ed sofistikovanost a je vytvo\u0159en pro m\u011bstsk\u00e9 pr\u016fzkumn\u00edky, kte\u0159\u00ed si cen\u00ed stylu a v\u00fdkonu. Je pe\u010dliv\u011b zkonstruov\u00e1n z prvot\u0159\u00eddn\u00edch materi\u00e1l\u016f a vybaven inovativn\u00edmi prvky, nab\u00edz\u00ed dokonal\u00e9 spojen\u00ed elegance a prakti\u010dnosti. A\u0165 u\u017e se pohybujete v m\u011bstsk\u00fdch ulic\u00edch nebo se vyd\u00e1v\u00e1te do p\u0159\u00edrody, batoh Noordi zaji\u0161\u0165uje, \u017ee budete cestovat s nenucenou kombinac\u00ed [&hellip;]<\/p>\n","protected":false},"featured_media":3821,"comment_status":"closed","ping_status":"closed","template":"","meta":{"_acf_changed":false,"inline_featured_image":false,"_product_box_image":"","_product_box_image_id":0},"product-name":[],"product_brand":[],"product_cat":[93],"product_tag":[],"class_list":{"0":"post-4201","1":"product","2":"type-product","3":"status-publish","4":"has-post-thumbnail","6":"product_cat-prislusenstvi","8":"first","9":"instock","10":"shipping-taxable","11":"purchasable","12":"product-type-simple"},"acf":[],"_links":{"self":[{"href":"https:\/\/noordi.com\/cs\/wp-json\/wp\/v2\/product\/4201","targetHints":{"allow":["GET"]}}],"collection":[{"href":"https:\/\/noordi.com\/cs\/wp-json\/wp\/v2\/product"}],"about":[{"href":"https:\/\/noordi.com\/cs\/wp-json\/wp\/v2\/types\/product"}],"replies":[{"embeddable":true,"href":"https:\/\/noordi.com\/cs\/wp-json\/wp\/v2\/comments?post=4201"}],"wp:featuredmedia":[{"embeddable":true,"href":"https:\/\/noordi.com\/cs\/wp-json\/wp\/v2\/media\/3821"}],"wp:attachment":[{"href":"https:\/\/noordi.com\/cs\/wp-json\/wp\/v2\/media?parent=4201"}],"wp:term":[{"taxonomy":"product-name","embeddable":true,"href":"https:\/\/noordi.com\/cs\/wp-json\/wp\/v2\/product-name?post=4201"},{"taxonomy":"product_brand","embeddable":true,"href":"https:\/\/noordi.com\/cs\/wp-json\/wp\/v2\/product_brand?post=4201"},{"taxonomy":"product_cat","embeddable":true,"href":"https:\/\/noordi.com\/cs\/wp-json\/wp\/v2\/product_cat?post=4201"},{"taxonomy":"product_tag","embeddable":true,"href":"https:\/\/noordi.com\/cs\/wp-json\/wp\/v2\/product_tag?post=4201"}],"curies":[{"name":"wp","href":"https:\/\/api.w.org\/{rel}","templated":true}]}}