{"id":4181,"date":"2025-04-03T09:46:06","date_gmt":"2025-04-03T09:46:06","guid":{"rendered":"https:\/\/noordi.com\/product\/fjordi-v-2\/"},"modified":"2025-11-21T07:24:15","modified_gmt":"2025-11-21T07:24:15","slug":"fjordi-v-2","status":"publish","type":"product","link":"https:\/\/noordi.com\/cs\/product\/fjordi-v-2\/","title":{"rendered":"Fjordi V.2"},"content":{"rendered":"<p>Fjordi V.2 nab\u00edz\u00ed \u0159e\u0161en\u00ed st\u0159edn\u00ed t\u0159\u00eddy kombinuj\u00edc\u00ed vylep\u0161enou ovladatelnost, pohodl\u00ed a modern\u00ed design. Ide\u00e1ln\u00ed pro rodiny hledaj\u00edc\u00ed v\u0161estrannost a pr\u00e9miov\u00e9 funkce za rozumnou cenu. <\/p>\n","protected":false},"excerpt":{"rendered":"<p>Fjordi V.2 nab\u00edz\u00ed \u0159e\u0161en\u00ed st\u0159edn\u00ed t\u0159\u00eddy kombinuj\u00edc\u00ed vylep\u0161enou ovladatelnost, pohodl\u00ed a modern\u00ed design. Ide\u00e1ln\u00ed pro rodiny hledaj\u00edc\u00ed v\u0161estrannost a pr\u00e9miov\u00e9 funkce za rozumnou cenu.<\/p>\n","protected":false},"featured_media":4037,"comment_status":"closed","ping_status":"closed","template":"","meta":{"_acf_changed":false,"inline_featured_image":false,"_product_box_image":"https:\/\/noordi.com\/wp-content\/uploads\/2025\/04\/fjordi-whats-in-the-box-2.jpg","_product_box_image_id":2056},"product-name":[63],"product_brand":[],"product_cat":[92],"product_tag":[],"class_list":{"0":"post-4181","1":"product","2":"type-product","3":"status-publish","4":"has-post-thumbnail","6":"product-name-fjordi","7":"product_cat-kocarek","9":"first","10":"instock","11":"sale","12":"featured","13":"shipping-taxable","14":"purchasable","15":"product-type-variable","16":"rtwpvg-product"},"acf":[],"_links":{"self":[{"href":"https:\/\/noordi.com\/cs\/wp-json\/wp\/v2\/product\/4181","targetHints":{"allow":["GET"]}}],"collection":[{"href":"https:\/\/noordi.com\/cs\/wp-json\/wp\/v2\/product"}],"about":[{"href":"https:\/\/noordi.com\/cs\/wp-json\/wp\/v2\/types\/product"}],"replies":[{"embeddable":true,"href":"https:\/\/noordi.com\/cs\/wp-json\/wp\/v2\/comments?post=4181"}],"wp:featuredmedia":[{"embeddable":true,"href":"https:\/\/noordi.com\/cs\/wp-json\/wp\/v2\/media\/4037"}],"wp:attachment":[{"href":"https:\/\/noordi.com\/cs\/wp-json\/wp\/v2\/media?parent=4181"}],"wp:term":[{"taxonomy":"product-name","embeddable":true,"href":"https:\/\/noordi.com\/cs\/wp-json\/wp\/v2\/product-name?post=4181"},{"taxonomy":"product_brand","embeddable":true,"href":"https:\/\/noordi.com\/cs\/wp-json\/wp\/v2\/product_brand?post=4181"},{"taxonomy":"product_cat","embeddable":true,"href":"https:\/\/noordi.com\/cs\/wp-json\/wp\/v2\/product_cat?post=4181"},{"taxonomy":"product_tag","embeddable":true,"href":"https:\/\/noordi.com\/cs\/wp-json\/wp\/v2\/product_tag?post=4181"}],"curies":[{"name":"wp","href":"https:\/\/api.w.org\/{rel}","templated":true}]}}