{"id":4176,"date":"2025-04-04T07:43:02","date_gmt":"2025-04-04T07:43:02","guid":{"rendered":"https:\/\/noordi.com\/product\/zimni-fusak\/"},"modified":"2025-11-21T07:50:28","modified_gmt":"2025-11-21T07:50:28","slug":"zimni-fusak","status":"publish","type":"product","link":"https:\/\/noordi.com\/cs\/product\/zimni-fusak\/","title":{"rendered":"Winter Sleeping Bag"},"content":{"rendered":"<p>Zimn\u00ed fusak Noordi nov\u011b definuje pohodl\u00ed a dobrodru\u017estv\u00ed v chladn\u00e9m po\u010das\u00ed. Je vytvo\u0159en pro n\u00e1ro\u010dn\u00e9 pr\u016fzkumn\u00edky, kte\u0159\u00ed vy\u017eaduj\u00ed styl i v\u00fdkon, a kombinuje prvot\u0159\u00eddn\u00ed izolaci s inovativn\u00edm designem. U\u017eijte si dokonalou harmonii elegance a robustn\u00ed funk\u010dnosti, kter\u00e1 pozvedne va\u0161e zimn\u00ed z\u00e1\u017eitky na novou \u00farove\u0148.  <\/p>\n","protected":false},"excerpt":{"rendered":"<p>Zimn\u00ed fusak Noordi nov\u011b definuje pohodl\u00ed a dobrodru\u017estv\u00ed v chladn\u00e9m po\u010das\u00ed. Je vytvo\u0159en pro n\u00e1ro\u010dn\u00e9 pr\u016fzkumn\u00edky, kte\u0159\u00ed vy\u017eaduj\u00ed styl i v\u00fdkon, a kombinuje prvot\u0159\u00eddn\u00ed izolaci s inovativn\u00edm designem. U\u017eijte si dokonalou harmonii elegance a robustn\u00ed funk\u010dnosti, kter\u00e1 pozvedne va\u0161e zimn\u00ed z\u00e1\u017eitky na novou \u00farove\u0148.<\/p>\n","protected":false},"featured_media":3455,"comment_status":"closed","ping_status":"closed","template":"","meta":{"_acf_changed":false,"inline_featured_image":false,"_product_box_image":"","_product_box_image_id":0},"product-name":[],"product_brand":[],"product_cat":[93],"product_tag":[],"class_list":{"0":"post-4176","1":"product","2":"type-product","3":"status-publish","4":"has-post-thumbnail","6":"product_cat-prislusenstvi","8":"first","9":"instock","10":"shipping-taxable","11":"purchasable","12":"product-type-simple"},"acf":[],"_links":{"self":[{"href":"https:\/\/noordi.com\/cs\/wp-json\/wp\/v2\/product\/4176","targetHints":{"allow":["GET"]}}],"collection":[{"href":"https:\/\/noordi.com\/cs\/wp-json\/wp\/v2\/product"}],"about":[{"href":"https:\/\/noordi.com\/cs\/wp-json\/wp\/v2\/types\/product"}],"replies":[{"embeddable":true,"href":"https:\/\/noordi.com\/cs\/wp-json\/wp\/v2\/comments?post=4176"}],"wp:featuredmedia":[{"embeddable":true,"href":"https:\/\/noordi.com\/cs\/wp-json\/wp\/v2\/media\/3455"}],"wp:attachment":[{"href":"https:\/\/noordi.com\/cs\/wp-json\/wp\/v2\/media?parent=4176"}],"wp:term":[{"taxonomy":"product-name","embeddable":true,"href":"https:\/\/noordi.com\/cs\/wp-json\/wp\/v2\/product-name?post=4176"},{"taxonomy":"product_brand","embeddable":true,"href":"https:\/\/noordi.com\/cs\/wp-json\/wp\/v2\/product_brand?post=4176"},{"taxonomy":"product_cat","embeddable":true,"href":"https:\/\/noordi.com\/cs\/wp-json\/wp\/v2\/product_cat?post=4176"},{"taxonomy":"product_tag","embeddable":true,"href":"https:\/\/noordi.com\/cs\/wp-json\/wp\/v2\/product_tag?post=4176"}],"curies":[{"name":"wp","href":"https:\/\/api.w.org\/{rel}","templated":true}]}}