{"id":4164,"date":"2025-04-03T08:45:42","date_gmt":"2025-04-03T08:45:42","guid":{"rendered":"https:\/\/noordi.com\/product\/aqua-v-2\/"},"modified":"2025-11-21T07:22:25","modified_gmt":"2025-11-21T07:22:25","slug":"aqua-v-2","status":"publish","type":"product","link":"https:\/\/noordi.com\/cs\/product\/aqua-v-2\/","title":{"rendered":"Aqua V.2"},"content":{"rendered":"<p>Aqua v.2 definuje luxus a modernost, je navr\u017eena pro rodi\u010de, kte\u0159\u00ed up\u0159ednost\u0148uj\u00ed sofistikovanost, pr\u00e9miov\u00e9 materi\u00e1ly a nejmodern\u011bj\u0161\u00ed funkce. Dokonal\u00e1 kombinace elegance a pohodl\u00ed pro stylov\u00fd a po\u017eitk\u00e1\u0159sk\u00fd rodi\u010dovsk\u00fd z\u00e1\u017eitek. <\/p>\n","protected":false},"excerpt":{"rendered":"<p>Aqua v.2 definuje luxus a modernost, je navr\u017eena pro rodi\u010de, kte\u0159\u00ed up\u0159ednost\u0148uj\u00ed sofistikovanost, pr\u00e9miov\u00e9 materi\u00e1ly a nejmodern\u011bj\u0161\u00ed funkce. Dokonal\u00e1 kombinace elegance a pohodl\u00ed pro stylov\u00fd a po\u017eitk\u00e1\u0159sk\u00fd rodi\u010dovsk\u00fd z\u00e1\u017eitek.<\/p>\n","protected":false},"featured_media":3265,"comment_status":"closed","ping_status":"closed","template":"","meta":{"_acf_changed":false,"inline_featured_image":false,"_product_box_image":"https:\/\/noordi.com\/wp-content\/uploads\/2025\/04\/aqua-whats-in-the-box-2.jpg","_product_box_image_id":1944},"product-name":[64],"product_brand":[],"product_cat":[92],"product_tag":[],"class_list":{"0":"post-4164","1":"product","2":"type-product","3":"status-publish","4":"has-post-thumbnail","6":"product-name-aqua","7":"product_cat-kocarek","9":"first","10":"instock","11":"sale","12":"featured","13":"shipping-taxable","14":"purchasable","15":"product-type-variable","16":"has-default-attributes","17":"rtwpvg-product"},"acf":[],"_links":{"self":[{"href":"https:\/\/noordi.com\/cs\/wp-json\/wp\/v2\/product\/4164","targetHints":{"allow":["GET"]}}],"collection":[{"href":"https:\/\/noordi.com\/cs\/wp-json\/wp\/v2\/product"}],"about":[{"href":"https:\/\/noordi.com\/cs\/wp-json\/wp\/v2\/types\/product"}],"replies":[{"embeddable":true,"href":"https:\/\/noordi.com\/cs\/wp-json\/wp\/v2\/comments?post=4164"}],"wp:featuredmedia":[{"embeddable":true,"href":"https:\/\/noordi.com\/cs\/wp-json\/wp\/v2\/media\/3265"}],"wp:attachment":[{"href":"https:\/\/noordi.com\/cs\/wp-json\/wp\/v2\/media?parent=4164"}],"wp:term":[{"taxonomy":"product-name","embeddable":true,"href":"https:\/\/noordi.com\/cs\/wp-json\/wp\/v2\/product-name?post=4164"},{"taxonomy":"product_brand","embeddable":true,"href":"https:\/\/noordi.com\/cs\/wp-json\/wp\/v2\/product_brand?post=4164"},{"taxonomy":"product_cat","embeddable":true,"href":"https:\/\/noordi.com\/cs\/wp-json\/wp\/v2\/product_cat?post=4164"},{"taxonomy":"product_tag","embeddable":true,"href":"https:\/\/noordi.com\/cs\/wp-json\/wp\/v2\/product_tag?post=4164"}],"curies":[{"name":"wp","href":"https:\/\/api.w.org\/{rel}","templated":true}]}}