{"id":4163,"date":"2025-04-04T07:15:59","date_gmt":"2025-04-04T07:15:59","guid":{"rendered":"https:\/\/noordi.com\/product\/net-deluxe\/"},"modified":"2025-11-21T07:36:14","modified_gmt":"2025-11-21T07:36:14","slug":"net-deluxe","status":"publish","type":"product","link":"https:\/\/noordi.com\/cs\/product\/net-deluxe\/","title":{"rendered":"Net Deluxe"},"content":{"rendered":"<p>Aqua v.2 definuje luxus a modernost, je navr\u017eena pro rodi\u010de, kte\u0159\u00ed up\u0159ednost\u0148uj\u00ed sofistikovanost, pr\u00e9miov\u00e9 materi\u00e1ly a nejmodern\u011bj\u0161\u00ed funkce. Dokonal\u00e1 kombinace elegance a pohodl\u00ed pro stylov\u00fd a po\u017eitk\u00e1\u0159sk\u00fd rodi\u010dovsk\u00fd z\u00e1\u017eitek. <\/p>\n","protected":false},"excerpt":{"rendered":"<p>Aqua v.2 definuje luxus a modernost, je navr\u017eena pro rodi\u010de, kte\u0159\u00ed up\u0159ednost\u0148uj\u00ed sofistikovanost, pr\u00e9miov\u00e9 materi\u00e1ly a nejmodern\u011bj\u0161\u00ed funkce. Dokonal\u00e1 kombinace elegance a pohodl\u00ed pro stylov\u00fd a po\u017eitk\u00e1\u0159sk\u00fd rodi\u010dovsk\u00fd z\u00e1\u017eitek.<\/p>\n","protected":false},"featured_media":3435,"comment_status":"closed","ping_status":"closed","template":"","meta":{"_acf_changed":false,"inline_featured_image":false,"_product_box_image":"","_product_box_image_id":0},"product-name":[],"product_brand":[],"product_cat":[93],"product_tag":[],"class_list":{"0":"post-4163","1":"product","2":"type-product","3":"status-publish","4":"has-post-thumbnail","6":"product_cat-prislusenstvi","8":"first","9":"instock","10":"shipping-taxable","11":"purchasable","12":"product-type-simple"},"acf":[],"_links":{"self":[{"href":"https:\/\/noordi.com\/cs\/wp-json\/wp\/v2\/product\/4163","targetHints":{"allow":["GET"]}}],"collection":[{"href":"https:\/\/noordi.com\/cs\/wp-json\/wp\/v2\/product"}],"about":[{"href":"https:\/\/noordi.com\/cs\/wp-json\/wp\/v2\/types\/product"}],"replies":[{"embeddable":true,"href":"https:\/\/noordi.com\/cs\/wp-json\/wp\/v2\/comments?post=4163"}],"wp:featuredmedia":[{"embeddable":true,"href":"https:\/\/noordi.com\/cs\/wp-json\/wp\/v2\/media\/3435"}],"wp:attachment":[{"href":"https:\/\/noordi.com\/cs\/wp-json\/wp\/v2\/media?parent=4163"}],"wp:term":[{"taxonomy":"product-name","embeddable":true,"href":"https:\/\/noordi.com\/cs\/wp-json\/wp\/v2\/product-name?post=4163"},{"taxonomy":"product_brand","embeddable":true,"href":"https:\/\/noordi.com\/cs\/wp-json\/wp\/v2\/product_brand?post=4163"},{"taxonomy":"product_cat","embeddable":true,"href":"https:\/\/noordi.com\/cs\/wp-json\/wp\/v2\/product_cat?post=4163"},{"taxonomy":"product_tag","embeddable":true,"href":"https:\/\/noordi.com\/cs\/wp-json\/wp\/v2\/product_tag?post=4163"}],"curies":[{"name":"wp","href":"https:\/\/api.w.org\/{rel}","templated":true}]}}