{"id":4155,"date":"2025-04-01T06:43:23","date_gmt":"2025-04-01T06:43:23","guid":{"rendered":"https:\/\/noordi.com\/product\/luno-all-trails\/"},"modified":"2025-11-21T07:20:30","modified_gmt":"2025-11-21T07:20:30","slug":"luno-all-trails","status":"publish","type":"product","link":"https:\/\/noordi.com\/cs\/product\/luno-all-trails\/","title":{"rendered":"Luno All Trails"},"content":{"rendered":"<p>Luno All Trails je ur\u010den pro dobrodru\u017en\u00e9 rodi\u010de, kte\u0159\u00ed vy\u017eaduj\u00ed prvot\u0159\u00eddn\u00ed kvalitu a v\u0161estrannost. Jeho pokro\u010dil\u00e9 funkce a skandin\u00e1vsk\u00e1 elegance spl\u0148uj\u00ed pot\u0159eby rodin, kter\u00e9 si obl\u00edbily v\u00fdlety do ter\u00e9nu. <\/p>\n","protected":false},"excerpt":{"rendered":"<p>Luno All Trails je ur\u010den pro dobrodru\u017en\u00e9 rodi\u010de, kte\u0159\u00ed vy\u017eaduj\u00ed prvot\u0159\u00eddn\u00ed kvalitu a v\u0161estrannost. Jeho pokro\u010dil\u00e9 funkce a skandin\u00e1vsk\u00e1 elegance spl\u0148uj\u00ed pot\u0159eby rodin, kter\u00e9 si obl\u00edbily v\u00fdlety do ter\u00e9nu.<\/p>\n","protected":false},"featured_media":4039,"comment_status":"closed","ping_status":"closed","template":"","meta":{"_acf_changed":false,"inline_featured_image":false,"_product_box_image":"https:\/\/noordi.com\/wp-content\/uploads\/2025\/04\/whats-in-the-box.png","_product_box_image_id":838},"product-name":[66],"product_brand":[],"product_cat":[92],"product_tag":[],"class_list":{"0":"post-4155","1":"product","2":"type-product","3":"status-publish","4":"has-post-thumbnail","6":"product-name-luno","7":"product_cat-kocarek","9":"first","10":"instock","11":"featured","12":"shipping-taxable","13":"purchasable","14":"product-type-variable","15":"has-default-attributes","16":"rtwpvg-product"},"acf":[],"_links":{"self":[{"href":"https:\/\/noordi.com\/cs\/wp-json\/wp\/v2\/product\/4155","targetHints":{"allow":["GET"]}}],"collection":[{"href":"https:\/\/noordi.com\/cs\/wp-json\/wp\/v2\/product"}],"about":[{"href":"https:\/\/noordi.com\/cs\/wp-json\/wp\/v2\/types\/product"}],"replies":[{"embeddable":true,"href":"https:\/\/noordi.com\/cs\/wp-json\/wp\/v2\/comments?post=4155"}],"wp:featuredmedia":[{"embeddable":true,"href":"https:\/\/noordi.com\/cs\/wp-json\/wp\/v2\/media\/4039"}],"wp:attachment":[{"href":"https:\/\/noordi.com\/cs\/wp-json\/wp\/v2\/media?parent=4155"}],"wp:term":[{"taxonomy":"product-name","embeddable":true,"href":"https:\/\/noordi.com\/cs\/wp-json\/wp\/v2\/product-name?post=4155"},{"taxonomy":"product_brand","embeddable":true,"href":"https:\/\/noordi.com\/cs\/wp-json\/wp\/v2\/product_brand?post=4155"},{"taxonomy":"product_cat","embeddable":true,"href":"https:\/\/noordi.com\/cs\/wp-json\/wp\/v2\/product_cat?post=4155"},{"taxonomy":"product_tag","embeddable":true,"href":"https:\/\/noordi.com\/cs\/wp-json\/wp\/v2\/product_tag?post=4155"}],"curies":[{"name":"wp","href":"https:\/\/api.w.org\/{rel}","templated":true}]}}