{"id":4248,"date":"2025-04-17T06:19:20","date_gmt":"2025-04-17T06:19:20","guid":{"rendered":"https:\/\/noordi.com\/podminky-pouzivani\/"},"modified":"2025-08-25T13:12:22","modified_gmt":"2025-08-25T13:12:22","slug":"podminky-pouzivani","status":"publish","type":"page","link":"https:\/\/noordi.com\/cs\/podminky-pouzivani\/","title":{"rendered":"Podm\u00ednky pou\u017e\u00edv\u00e1n\u00ed"},"content":{"rendered":"<p>ZDE VLO\u017dTE PODM\u00cdNKY POU\u017d\u00cdV\u00c1N\u00cd VA\u0160EHO WEBU<\/p>\n","protected":false},"excerpt":{"rendered":"<p>ZDE VLO\u017dTE PODM\u00cdNKY POU\u017d\u00cdV\u00c1N\u00cd VA\u0160EHO WEBU<\/p>\n","protected":false},"author":1,"featured_media":0,"parent":0,"menu_order":0,"comment_status":"closed","ping_status":"closed","template":"","meta":{"_acf_changed":false,"inline_featured_image":false,"advanced_seo_description":"","jetpack_seo_html_title":"","jetpack_seo_noindex":false,"footnotes":""},"class_list":["post-4248","page","type-page","status-publish","hentry"],"acf":[],"jetpack_sharing_enabled":true,"_links":{"self":[{"href":"https:\/\/noordi.com\/cs\/wp-json\/wp\/v2\/pages\/4248","targetHints":{"allow":["GET"]}}],"collection":[{"href":"https:\/\/noordi.com\/cs\/wp-json\/wp\/v2\/pages"}],"about":[{"href":"https:\/\/noordi.com\/cs\/wp-json\/wp\/v2\/types\/page"}],"author":[{"embeddable":true,"href":"https:\/\/noordi.com\/cs\/wp-json\/wp\/v2\/users\/1"}],"replies":[{"embeddable":true,"href":"https:\/\/noordi.com\/cs\/wp-json\/wp\/v2\/comments?post=4248"}],"version-history":[{"count":0,"href":"https:\/\/noordi.com\/cs\/wp-json\/wp\/v2\/pages\/4248\/revisions"}],"wp:attachment":[{"href":"https:\/\/noordi.com\/cs\/wp-json\/wp\/v2\/media?parent=4248"}],"curies":[{"name":"wp","href":"https:\/\/api.w.org\/{rel}","templated":true}]}}