{"id":4244,"date":"2025-04-02T06:45:39","date_gmt":"2025-04-02T06:45:39","guid":{"rendered":"https:\/\/noordi.com\/kontaktujte-nas\/"},"modified":"2025-08-25T13:10:15","modified_gmt":"2025-08-25T13:10:15","slug":"kontaktujte-nas","status":"publish","type":"page","link":"https:\/\/noordi.com\/cs\/kontaktujte-nas\/","title":{"rendered":"Kontaktujte n\u00e1s"},"content":{"rendered":"\t\t<div data-elementor-type=\"wp-page\" data-elementor-id=\"4244\" class=\"elementor elementor-4244 elementor-1019\" data-elementor-post-type=\"page\">\n\t\t\t\t<section class=\"elementor-element elementor-element-816203b e-flex e-con-boxed e-con e-parent\" data-id=\"816203b\" data-element_type=\"container\" data-e-type=\"container\">\n\t\t\t\t\t<div class=\"e-con-inner\">\n\t\t<div class=\"elementor-element elementor-element-7e2b4b4 e-con-full e-flex e-con e-child\" data-id=\"7e2b4b4\" data-element_type=\"container\" data-e-type=\"container\">\n\t\t\t\t<div class=\"elementor-element elementor-element-ac1366a elementor-widget elementor-widget-heading\" data-id=\"ac1366a\" data-element_type=\"widget\" data-e-type=\"widget\" data-widget_type=\"heading.default\">\n\t\t\t\t<div class=\"elementor-widget-container\">\n\t\t\t\t\t<h1 class=\"elementor-heading-title elementor-size-default\">Kontaktujte n\u00e1s<\/h1>\t\t\t\t<\/div>\n\t\t\t\t<\/div>\n\t\t\t\t<div class=\"elementor-element elementor-element-c5fcba2 elementor-widget elementor-widget-text-editor\" data-id=\"c5fcba2\" data-element_type=\"widget\" data-e-type=\"widget\" data-widget_type=\"text-editor.default\">\n\t\t\t\t<div class=\"elementor-widget-container\">\n\t\t\t\t\t\t\t\t\t<p><span style=\"white-space-collapse: preserve;\">Rychl\u00fd zp\u016fsob, jak n\u00e1s kontaktovat<\/span><\/p>\t\t\t\t\t\t\t\t<\/div>\n\t\t\t\t<\/div>\n\t\t\t\t<div class=\"elementor-element elementor-element-9096c3f elementor-widget elementor-widget-heading\" data-id=\"9096c3f\" data-element_type=\"widget\" data-e-type=\"widget\" data-widget_type=\"heading.default\">\n\t\t\t\t<div class=\"elementor-widget-container\">\n\t\t\t\t\t<h3 class=\"elementor-heading-title elementor-size-default\">Slu\u017eby<\/h3>\t\t\t\t<\/div>\n\t\t\t\t<\/div>\n\t\t<div class=\"elementor-element elementor-element-e7e74d6 e-grid e-con-full e-con e-child\" data-id=\"e7e74d6\" data-element_type=\"container\" data-e-type=\"container\">\n\t\t\t\t<div class=\"elementor-element elementor-element-39372c9 elementor-view-default elementor-position-block-start elementor-mobile-position-block-start elementor-widget elementor-widget-icon-box\" data-id=\"39372c9\" data-element_type=\"widget\" data-e-type=\"widget\" data-widget_type=\"icon-box.default\">\n\t\t\t\t<div class=\"elementor-widget-container\">\n\t\t\t\t\t\t\t<div class=\"elementor-icon-box-wrapper\">\n\n\t\t\t\t\t\t<div class=\"elementor-icon-box-icon\">\n\t\t\t\t<span  class=\"elementor-icon\">\n\t\t\t\t<svg xmlns=\"http:\/\/www.w3.org\/2000\/svg\" id=\"Layer_1\" data-name=\"Layer 1\" viewBox=\"0 0 24 24\" width=\"512\" height=\"512\"><path d=\"M13,1a1,1,0,0,1,1-1A10.011,10.011,0,0,1,24,10a1,1,0,0,1-2,0,8.009,8.009,0,0,0-8-8A1,1,0,0,1,13,1Zm1,5a4,4,0,0,1,4,4,1,1,0,0,0,2,0,6.006,6.006,0,0,0-6-6,1,1,0,0,0,0,2Zm9.093,10.739a3.1,3.1,0,0,1,0,4.378l-.91,1.049c-8.19,7.841-28.12-12.084-20.4-20.3l1.15-1A3.081,3.081,0,0,1,7.26.906c.031.031,1.884,2.438,1.884,2.438a3.1,3.1,0,0,1-.007,4.282L7.979,9.082a12.781,12.781,0,0,0,6.931,6.945l1.465-1.165a3.1,3.1,0,0,1,4.281-.006S23.062,16.708,23.093,16.739Zm-1.376,1.454s-2.393-1.841-2.424-1.872a1.1,1.1,0,0,0-1.549,0c-.027.028-2.044,1.635-2.044,1.635a1,1,0,0,1-.979.152A15.009,15.009,0,0,1,5.9,9.3a1,1,0,0,1,.145-1S7.652,6.282,7.679,6.256a1.1,1.1,0,0,0,0-1.549c-.031-.03-1.872-2.425-1.872-2.425a1.1,1.1,0,0,0-1.51.039l-1.15,1C-2.495,10.105,14.776,26.418,20.721,20.8l.911-1.05A1.121,1.121,0,0,0,21.717,18.193Z\"><\/path><\/svg>\t\t\t\t<\/span>\n\t\t\t<\/div>\n\t\t\t\n\t\t\t\t\t\t<div class=\"elementor-icon-box-content\">\n\n\t\t\t\t\t\t\t\t\t<h3 class=\"elementor-icon-box-title\">\n\t\t\t\t\t\t<span  >\n\t\t\t\t\t\t\tTelefon\t\t\t\t\t\t<\/span>\n\t\t\t\t\t<\/h3>\n\t\t\t\t\n\t\t\t\t\t\t\t\t\t<p class=\"elementor-icon-box-description\">\n\t\t\t\t\t\t<a style=\"color:#333\"><\/a>+370 <\/a>65605846\n\t\t\t\t\t<\/p>\n\t\t\t\t\n\t\t\t<\/div>\n\t\t\t\n\t\t<\/div>\n\t\t\t\t\t\t<\/div>\n\t\t\t\t<\/div>\n\t\t\t\t<div class=\"elementor-element elementor-element-72d28b5 elementor-view-default elementor-position-block-start elementor-mobile-position-block-start elementor-widget elementor-widget-icon-box\" data-id=\"72d28b5\" data-element_type=\"widget\" data-e-type=\"widget\" data-widget_type=\"icon-box.default\">\n\t\t\t\t<div class=\"elementor-widget-container\">\n\t\t\t\t\t\t\t<div class=\"elementor-icon-box-wrapper\">\n\n\t\t\t\t\t\t<div class=\"elementor-icon-box-icon\">\n\t\t\t\t<span  class=\"elementor-icon\">\n\t\t\t\t<svg xmlns=\"http:\/\/www.w3.org\/2000\/svg\" id=\"Outline\" viewBox=\"0 0 24 24\" width=\"512\" height=\"512\"><path d=\"M19,1H5A5.006,5.006,0,0,0,0,6V18a5.006,5.006,0,0,0,5,5H19a5.006,5.006,0,0,0,5-5V6A5.006,5.006,0,0,0,19,1ZM5,3H19a3,3,0,0,1,2.78,1.887l-7.658,7.659a3.007,3.007,0,0,1-4.244,0L2.22,4.887A3,3,0,0,1,5,3ZM19,21H5a3,3,0,0,1-3-3V7.5L8.464,13.96a5.007,5.007,0,0,0,7.072,0L22,7.5V18A3,3,0,0,1,19,21Z\"><\/path><\/svg>\t\t\t\t<\/span>\n\t\t\t<\/div>\n\t\t\t\n\t\t\t\t\t\t<div class=\"elementor-icon-box-content\">\n\n\t\t\t\t\t\t\t\t\t<h3 class=\"elementor-icon-box-title\">\n\t\t\t\t\t\t<span  >\n\t\t\t\t\t\t\tE-mail\t\t\t\t\t\t<\/span>\n\t\t\t\t\t<\/h3>\n\t\t\t\t\n\t\t\t\t\t\t\t\t\t<p class=\"elementor-icon-box-description\">\n\t\t\t\t\t\t<a style=\"color:#333\" href=\"mailto:support@tutis.lt\">\n\nsupport@tutis.lt\n\n<\/a>\t\t\t\t\t<\/p>\n\t\t\t\t\n\t\t\t<\/div>\n\t\t\t\n\t\t<\/div>\n\t\t\t\t\t\t<\/div>\n\t\t\t\t<\/div>\n\t\t\t\t<\/div>\n\t\t\t\t<div class=\"elementor-element elementor-element-926585b elementor-widget elementor-widget-heading\" data-id=\"926585b\" data-element_type=\"widget\" data-e-type=\"widget\" data-widget_type=\"heading.default\">\n\t\t\t\t<div class=\"elementor-widget-container\">\n\t\t\t\t\t<h3 class=\"elementor-heading-title elementor-size-default\">Velkoobchodn\u00ed odd\u011blen\u00ed<\/h3>\t\t\t\t<\/div>\n\t\t\t\t<\/div>\n\t\t<div class=\"elementor-element elementor-element-5ae1a97 e-grid e-con-full e-con e-child\" data-id=\"5ae1a97\" data-element_type=\"container\" data-e-type=\"container\">\n\t\t\t\t<div class=\"elementor-element elementor-element-4cdf890 elementor-view-default elementor-position-block-start elementor-mobile-position-block-start elementor-widget elementor-widget-icon-box\" data-id=\"4cdf890\" data-element_type=\"widget\" data-e-type=\"widget\" data-widget_type=\"icon-box.default\">\n\t\t\t\t<div class=\"elementor-widget-container\">\n\t\t\t\t\t\t\t<div class=\"elementor-icon-box-wrapper\">\n\n\t\t\t\t\t\t<div class=\"elementor-icon-box-icon\">\n\t\t\t\t<span  class=\"elementor-icon\">\n\t\t\t\t<svg xmlns=\"http:\/\/www.w3.org\/2000\/svg\" id=\"Layer_1\" data-name=\"Layer 1\" viewBox=\"0 0 24 24\" width=\"512\" height=\"512\"><path d=\"M13,1a1,1,0,0,1,1-1A10.011,10.011,0,0,1,24,10a1,1,0,0,1-2,0,8.009,8.009,0,0,0-8-8A1,1,0,0,1,13,1Zm1,5a4,4,0,0,1,4,4,1,1,0,0,0,2,0,6.006,6.006,0,0,0-6-6,1,1,0,0,0,0,2Zm9.093,10.739a3.1,3.1,0,0,1,0,4.378l-.91,1.049c-8.19,7.841-28.12-12.084-20.4-20.3l1.15-1A3.081,3.081,0,0,1,7.26.906c.031.031,1.884,2.438,1.884,2.438a3.1,3.1,0,0,1-.007,4.282L7.979,9.082a12.781,12.781,0,0,0,6.931,6.945l1.465-1.165a3.1,3.1,0,0,1,4.281-.006S23.062,16.708,23.093,16.739Zm-1.376,1.454s-2.393-1.841-2.424-1.872a1.1,1.1,0,0,0-1.549,0c-.027.028-2.044,1.635-2.044,1.635a1,1,0,0,1-.979.152A15.009,15.009,0,0,1,5.9,9.3a1,1,0,0,1,.145-1S7.652,6.282,7.679,6.256a1.1,1.1,0,0,0,0-1.549c-.031-.03-1.872-2.425-1.872-2.425a1.1,1.1,0,0,0-1.51.039l-1.15,1C-2.495,10.105,14.776,26.418,20.721,20.8l.911-1.05A1.121,1.121,0,0,0,21.717,18.193Z\"><\/path><\/svg>\t\t\t\t<\/span>\n\t\t\t<\/div>\n\t\t\t\n\t\t\t\t\t\t<div class=\"elementor-icon-box-content\">\n\n\t\t\t\t\t\t\t\t\t<h3 class=\"elementor-icon-box-title\">\n\t\t\t\t\t\t<span  >\n\t\t\t\t\t\t\tTelefon\t\t\t\t\t\t<\/span>\n\t\t\t\t\t<\/h3>\n\t\t\t\t\n\t\t\t\t\t\t\t\t\t<p class=\"elementor-icon-box-description\">\n\t\t\t\t\t\t<a style=\"color:#333\"><\/a>+370 <\/a>65605846\n\t\t\t\t\t<\/p>\n\t\t\t\t\n\t\t\t<\/div>\n\t\t\t\n\t\t<\/div>\n\t\t\t\t\t\t<\/div>\n\t\t\t\t<\/div>\n\t\t\t\t<div class=\"elementor-element elementor-element-0423d02 elementor-view-default elementor-position-block-start elementor-mobile-position-block-start elementor-widget elementor-widget-icon-box\" data-id=\"0423d02\" data-element_type=\"widget\" data-e-type=\"widget\" data-widget_type=\"icon-box.default\">\n\t\t\t\t<div class=\"elementor-widget-container\">\n\t\t\t\t\t\t\t<div class=\"elementor-icon-box-wrapper\">\n\n\t\t\t\t\t\t<div class=\"elementor-icon-box-icon\">\n\t\t\t\t<span  class=\"elementor-icon\">\n\t\t\t\t<svg xmlns=\"http:\/\/www.w3.org\/2000\/svg\" id=\"Outline\" viewBox=\"0 0 24 24\" width=\"512\" height=\"512\"><path d=\"M19,1H5A5.006,5.006,0,0,0,0,6V18a5.006,5.006,0,0,0,5,5H19a5.006,5.006,0,0,0,5-5V6A5.006,5.006,0,0,0,19,1ZM5,3H19a3,3,0,0,1,2.78,1.887l-7.658,7.659a3.007,3.007,0,0,1-4.244,0L2.22,4.887A3,3,0,0,1,5,3ZM19,21H5a3,3,0,0,1-3-3V7.5L8.464,13.96a5.007,5.007,0,0,0,7.072,0L22,7.5V18A3,3,0,0,1,19,21Z\"><\/path><\/svg>\t\t\t\t<\/span>\n\t\t\t<\/div>\n\t\t\t\n\t\t\t\t\t\t<div class=\"elementor-icon-box-content\">\n\n\t\t\t\t\t\t\t\t\t<h3 class=\"elementor-icon-box-title\">\n\t\t\t\t\t\t<span  >\n\t\t\t\t\t\t\tE-mail\t\t\t\t\t\t<\/span>\n\t\t\t\t\t<\/h3>\n\t\t\t\t\n\t\t\t\t\t\t\t\t\t<p class=\"elementor-icon-box-description\">\n\t\t\t\t\t\t<a style=\"color:#333\" href=\"mailto:sales@tututis.lt\">\n\nsales@tututis.lt\n\n<\/a>\t\t\t\t\t<\/p>\n\t\t\t\t\n\t\t\t<\/div>\n\t\t\t\n\t\t<\/div>\n\t\t\t\t\t\t<\/div>\n\t\t\t\t<\/div>\n\t\t\t\t<\/div>\n\t\t\t\t<div class=\"elementor-element elementor-element-f3e5297 elementor-widget elementor-widget-heading\" data-id=\"f3e5297\" data-element_type=\"widget\" data-e-type=\"widget\" data-widget_type=\"heading.default\">\n\t\t\t\t<div class=\"elementor-widget-container\">\n\t\t\t\t\t<h3 class=\"elementor-heading-title elementor-size-default\">Otev\u00edrac\u00ed doba<\/h3>\t\t\t\t<\/div>\n\t\t\t\t<\/div>\n\t\t<div class=\"elementor-element elementor-element-2892ebb e-grid e-con-full e-con e-child\" data-id=\"2892ebb\" data-element_type=\"container\" data-e-type=\"container\">\n\t\t\t\t<div class=\"elementor-element elementor-element-7a4e914 elementor-widget elementor-widget-icon-box\" data-id=\"7a4e914\" data-element_type=\"widget\" data-e-type=\"widget\" data-widget_type=\"icon-box.default\">\n\t\t\t\t<div class=\"elementor-widget-container\">\n\t\t\t\t\t\t\t<div class=\"elementor-icon-box-wrapper\">\n\n\t\t\t\n\t\t\t\t\t\t<div class=\"elementor-icon-box-content\">\n\n\t\t\t\t\t\t\t\t\t<h4 class=\"elementor-icon-box-title\">\n\t\t\t\t\t\t<span  >\n\t\t\t\t\t\t\tPo - \u010ct\t\t\t\t\t\t<\/span>\n\t\t\t\t\t<\/h4>\n\t\t\t\t\n\t\t\t\t\t\t\t\t\t<p class=\"elementor-icon-box-description\">\n\t\t\t\t\t\t8:00 \u2013 17:00\t\t\t\t\t<\/p>\n\t\t\t\t\n\t\t\t<\/div>\n\t\t\t\n\t\t<\/div>\n\t\t\t\t\t\t<\/div>\n\t\t\t\t<\/div>\n\t\t\t\t<div class=\"elementor-element elementor-element-88d3f5b elementor-widget elementor-widget-icon-box\" data-id=\"88d3f5b\" data-element_type=\"widget\" data-e-type=\"widget\" data-widget_type=\"icon-box.default\">\n\t\t\t\t<div class=\"elementor-widget-container\">\n\t\t\t\t\t\t\t<div class=\"elementor-icon-box-wrapper\">\n\n\t\t\t\n\t\t\t\t\t\t<div class=\"elementor-icon-box-content\">\n\n\t\t\t\t\t\t\t\t\t<h4 class=\"elementor-icon-box-title\">\n\t\t\t\t\t\t<span  >\n\t\t\t\t\t\t\tPo - \u010ct\t\t\t\t\t\t<\/span>\n\t\t\t\t\t<\/h4>\n\t\t\t\t\n\t\t\t\t\t\t\t\t\t<p class=\"elementor-icon-box-description\">\n\t\t\t\t\t\t8:00 \u2013 16:00\t\t\t\t\t<\/p>\n\t\t\t\t\n\t\t\t<\/div>\n\t\t\t\n\t\t<\/div>\n\t\t\t\t\t\t<\/div>\n\t\t\t\t<\/div>\n\t\t\t\t<\/div>\n\t\t\t\t<\/div>\n\t\t<div class=\"elementor-element elementor-element-3fe51d9 e-con-full e-flex e-con e-child\" data-id=\"3fe51d9\" data-element_type=\"container\" data-e-type=\"container\" data-settings=\"{&quot;background_background&quot;:&quot;classic&quot;}\">\n\t\t\t\t<div class=\"elementor-element elementor-element-e668d8a elementor-widget elementor-widget-heading\" data-id=\"e668d8a\" data-element_type=\"widget\" data-e-type=\"widget\" data-widget_type=\"heading.default\">\n\t\t\t\t<div class=\"elementor-widget-container\">\n\t\t\t\t\t<h3 class=\"elementor-heading-title elementor-size-default\">Pohodl\u00ed a p\u00e9\u010de, <br>p\u0159izp\u016fsoben\u00e9 va\u0161emu mali\u010dk\u00e9mu.<\/h3>\t\t\t\t<\/div>\n\t\t\t\t<\/div>\n\t\t\t\t<div class=\"elementor-element elementor-element-dc0d280 elementor-widget elementor-widget-text-editor\" data-id=\"dc0d280\" data-element_type=\"widget\" data-e-type=\"widget\" data-widget_type=\"text-editor.default\">\n\t\t\t\t<div class=\"elementor-widget-container\">\n\t\t\t\t\t\t\t\t\t<p>Kontaktujte n\u00e1s na na\u0161\u00ed str\u00e1nce slu\u017eeb<\/p>\t\t\t\t\t\t\t\t<\/div>\n\t\t\t\t<\/div>\n\t\t\t\t<div class=\"elementor-element elementor-element-8f80c96 elementor-widget elementor-widget-text-editor\" data-id=\"8f80c96\" data-element_type=\"widget\" data-e-type=\"widget\" data-widget_type=\"text-editor.default\">\n\t\t\t\t<div class=\"elementor-widget-container\">\n\t\t\t\t\t\t\t\t\t<p>V Noordi Baby se v\u011bnujeme poskytov\u00e1n\u00ed inovativn\u00edch, stylov\u00fdch a bezpe\u010dn\u00fdch d\u011btsk\u00fdch produkt\u016f navr\u017een\u00fdch tak, aby v\u00e1s a va\u0161e d\u00edt\u011b podporovaly na ka\u017ed\u00e9m kroku. Obra\u0165te se na n\u00e1s s jak\u00fdmikoli dotazy, zp\u011btnou vazbou nebo pomoc\u00ed \u2013 jsme tu pro v\u00e1s! <\/p>\t\t\t\t\t\t\t\t<\/div>\n\t\t\t\t<\/div>\n\t\t\t\t<div class=\"elementor-element elementor-element-bbf115d elementor-mobile-align-center elementor-widget elementor-widget-button\" data-id=\"bbf115d\" data-element_type=\"widget\" data-e-type=\"widget\" data-widget_type=\"button.default\">\n\t\t\t\t<div class=\"elementor-widget-container\">\n\t\t\t\t\t\t\t\t\t<div class=\"elementor-button-wrapper\">\n\t\t\t\t\t<a class=\"elementor-button elementor-button-link elementor-size-sm\" href=\"https:\/\/service.tutis.lt\/\" target=\"_blank\">\n\t\t\t\t\t\t<span class=\"elementor-button-content-wrapper\">\n\t\t\t\t\t\t\t\t\t<span class=\"elementor-button-text\">Kontaktovat podporu<\/span>\n\t\t\t\t\t<\/span>\n\t\t\t\t\t<\/a>\n\t\t\t\t<\/div>\n\t\t\t\t\t\t\t\t<\/div>\n\t\t\t\t<\/div>\n\t\t\t\t<div class=\"elementor-element elementor-element-532e76c elementor-widget elementor-widget-image\" data-id=\"532e76c\" data-element_type=\"widget\" data-e-type=\"widget\" data-widget_type=\"image.default\">\n\t\t\t\t<div class=\"elementor-widget-container\">\n\t\t\t\t\t\t\t\t\t\t\t\t\t\t\t<img fetchpriority=\"high\" decoding=\"async\" width=\"1080\" height=\"1080\" src=\"https:\/\/noordi.com\/wp-content\/uploads\/2025\/04\/contact-us-image.jpg\" class=\"attachment-full size-full wp-image-3753\" alt=\"contact us image\" srcset=\"https:\/\/noordi.com\/wp-content\/uploads\/2025\/04\/contact-us-image.jpg 1080w, https:\/\/noordi.com\/wp-content\/uploads\/2025\/04\/contact-us-image-300x300.jpg 300w, https:\/\/noordi.com\/wp-content\/uploads\/2025\/04\/contact-us-image-1024x1024.jpg 1024w, https:\/\/noordi.com\/wp-content\/uploads\/2025\/04\/contact-us-image-150x150.jpg 150w, https:\/\/noordi.com\/wp-content\/uploads\/2025\/04\/contact-us-image-768x768.jpg 768w, https:\/\/noordi.com\/wp-content\/uploads\/2025\/04\/contact-us-image-600x600.jpg 600w, https:\/\/noordi.com\/wp-content\/uploads\/2025\/04\/contact-us-image-100x100.jpg 100w\" sizes=\"(max-width: 1080px) 100vw, 1080px\" \/>\t\t\t\t\t\t\t\t\t\t\t\t\t\t\t<\/div>\n\t\t\t\t<\/div>\n\t\t\t\t<\/div>\n\t\t\t\t\t<\/div>\n\t\t\t\t<\/section>\n\t\t<section class=\"elementor-element elementor-element-4ae6837 e-flex e-con-boxed e-con e-parent\" data-id=\"4ae6837\" data-element_type=\"container\" data-e-type=\"container\">\n\t\t\t\t\t<div class=\"e-con-inner\">\n\t\t<div class=\"elementor-element elementor-element-7e4040f e-con-full e-flex e-con e-child\" data-id=\"7e4040f\" data-element_type=\"container\" data-e-type=\"container\">\n\t\t\t\t<div class=\"elementor-element elementor-element-2818422 elementor-widget elementor-widget-heading\" data-id=\"2818422\" data-element_type=\"widget\" data-e-type=\"widget\" data-widget_type=\"heading.default\">\n\t\t\t\t<div class=\"elementor-widget-container\">\n\t\t\t\t\t<h2 class=\"elementor-heading-title elementor-size-default\">Kancel\u00e1\u0159<\/h2>\t\t\t\t<\/div>\n\t\t\t\t<\/div>\n\t\t\t\t<div class=\"elementor-element elementor-element-0979d79 elementor-widget elementor-widget-heading\" data-id=\"0979d79\" data-element_type=\"widget\" data-e-type=\"widget\" data-widget_type=\"heading.default\">\n\t\t\t\t<div class=\"elementor-widget-container\">\n\t\t\t\t\t<h5 class=\"elementor-heading-title elementor-size-default\">Tututis, UAB<\/h5>\t\t\t\t<\/div>\n\t\t\t\t<\/div>\n\t\t<div class=\"elementor-element elementor-element-7f2fa4b e-grid e-con-full e-con e-child\" data-id=\"7f2fa4b\" data-element_type=\"container\" data-e-type=\"container\">\n\t\t\t\t<div class=\"elementor-element elementor-element-eaf7593 elementor-widget elementor-widget-icon-box\" data-id=\"eaf7593\" data-element_type=\"widget\" data-e-type=\"widget\" data-widget_type=\"icon-box.default\">\n\t\t\t\t<div class=\"elementor-widget-container\">\n\t\t\t\t\t\t\t<div class=\"elementor-icon-box-wrapper\">\n\n\t\t\t\n\t\t\t\t\t\t<div class=\"elementor-icon-box-content\">\n\n\t\t\t\t\t\t\t\t\t<h4 class=\"elementor-icon-box-title\">\n\t\t\t\t\t\t<span  >\n\t\t\t\t\t\t\tAdresa\t\t\t\t\t\t<\/span>\n\t\t\t\t\t<\/h4>\n\t\t\t\t\n\t\t\t\t\t\t\t\t\t<p class=\"elementor-icon-box-description\">\n\t\t\t\t\t\t<a style=\"color:#333\" href=\"https:\/\/maps.app.goo.gl\/HBjPnZ27EVA5PBfg6\" target=\"_blank\" rel=\"noopener noreferrer\">\n  Raudondvario pl. 127, Kaunas, Lietuva\n<\/a>\n\t\t\t\t\t<\/p>\n\t\t\t\t\n\t\t\t<\/div>\n\t\t\t\n\t\t<\/div>\n\t\t\t\t\t\t<\/div>\n\t\t\t\t<\/div>\n\t\t\t\t<div class=\"elementor-element elementor-element-8449b82 elementor-widget elementor-widget-icon-box\" data-id=\"8449b82\" data-element_type=\"widget\" data-e-type=\"widget\" data-widget_type=\"icon-box.default\">\n\t\t\t\t<div class=\"elementor-widget-container\">\n\t\t\t\t\t\t\t<div class=\"elementor-icon-box-wrapper\">\n\n\t\t\t\n\t\t\t\t\t\t<div class=\"elementor-icon-box-content\">\n\n\t\t\t\t\t\t\t\t\t<h4 class=\"elementor-icon-box-title\">\n\t\t\t\t\t\t<span  >\n\t\t\t\t\t\t\tTelefon\t\t\t\t\t\t<\/span>\n\t\t\t\t\t<\/h4>\n\t\t\t\t\n\t\t\t\t\t\t\t\t\t<p class=\"elementor-icon-box-description\">\n\t\t\t\t\t\t<a style=\"color:#333\" href=\"tel:+370%20652%2027%20756\">\n\n+370 652 27 756\n\n<\/a>\t\t\t\t\t<\/p>\n\t\t\t\t\n\t\t\t<\/div>\n\t\t\t\n\t\t<\/div>\n\t\t\t\t\t\t<\/div>\n\t\t\t\t<\/div>\n\t\t\t\t<div class=\"elementor-element elementor-element-7048e63 elementor-widget elementor-widget-icon-box\" data-id=\"7048e63\" data-element_type=\"widget\" data-e-type=\"widget\" data-widget_type=\"icon-box.default\">\n\t\t\t\t<div class=\"elementor-widget-container\">\n\t\t\t\t\t\t\t<div class=\"elementor-icon-box-wrapper\">\n\n\t\t\t\n\t\t\t\t\t\t<div class=\"elementor-icon-box-content\">\n\n\t\t\t\t\t\t\t\t\t<h4 class=\"elementor-icon-box-title\">\n\t\t\t\t\t\t<span  >\n\t\t\t\t\t\t\tE-mail\t\t\t\t\t\t<\/span>\n\t\t\t\t\t<\/h4>\n\t\t\t\t\n\t\t\t\t\t\t\t\t\t<p class=\"elementor-icon-box-description\">\n\t\t\t\t\t\t<a style=\"color:#333\" href=\"mailto:sales@tututis.lt\">\n\nsales@tututis.lt\n\n<\/a>\t\t\t\t\t<\/p>\n\t\t\t\t\n\t\t\t<\/div>\n\t\t\t\n\t\t<\/div>\n\t\t\t\t\t\t<\/div>\n\t\t\t\t<\/div>\n\t\t\t\t<div class=\"elementor-element elementor-element-4bc7877 elementor-widget elementor-widget-icon-box\" data-id=\"4bc7877\" data-element_type=\"widget\" data-e-type=\"widget\" data-widget_type=\"icon-box.default\">\n\t\t\t\t<div class=\"elementor-widget-container\">\n\t\t\t\t\t\t\t<div class=\"elementor-icon-box-wrapper\">\n\n\t\t\t\n\t\t\t\t\t\t<div class=\"elementor-icon-box-content\">\n\n\t\t\t\t\t\t\t\t\t<h4 class=\"elementor-icon-box-title\">\n\t\t\t\t\t\t<span  >\n\t\t\t\t\t\t\tRegistra\u010dn\u00ed \u010d\u00edslo\t\t\t\t\t\t<\/span>\n\t\t\t\t\t<\/h4>\n\t\t\t\t\n\t\t\t\t\t\t\t\t\t<p class=\"elementor-icon-box-description\">\n\t\t\t\t\t\t135922996\t\t\t\t\t<\/p>\n\t\t\t\t\n\t\t\t<\/div>\n\t\t\t\n\t\t<\/div>\n\t\t\t\t\t\t<\/div>\n\t\t\t\t<\/div>\n\t\t\t\t<div class=\"elementor-element elementor-element-702a7a9 elementor-widget elementor-widget-icon-box\" data-id=\"702a7a9\" data-element_type=\"widget\" data-e-type=\"widget\" data-widget_type=\"icon-box.default\">\n\t\t\t\t<div class=\"elementor-widget-container\">\n\t\t\t\t\t\t\t<div class=\"elementor-icon-box-wrapper\">\n\n\t\t\t\n\t\t\t\t\t\t<div class=\"elementor-icon-box-content\">\n\n\t\t\t\t\t\t\t\t\t<h4 class=\"elementor-icon-box-title\">\n\t\t\t\t\t\t<span  >\n\t\t\t\t\t\t\tDI\u010c\t\t\t\t\t\t<\/span>\n\t\t\t\t\t<\/h4>\n\t\t\t\t\n\t\t\t\t\t\t\t\t\t<p class=\"elementor-icon-box-description\">\n\t\t\t\t\t\tLT359229917\t\t\t\t\t<\/p>\n\t\t\t\t\n\t\t\t<\/div>\n\t\t\t\n\t\t<\/div>\n\t\t\t\t\t\t<\/div>\n\t\t\t\t<\/div>\n\t\t\t\t<\/div>\n\t\t\t\t<div class=\"elementor-element elementor-element-6aeecaa elementor-widget elementor-widget-heading\" data-id=\"6aeecaa\" data-element_type=\"widget\" data-e-type=\"widget\" data-widget_type=\"heading.default\">\n\t\t\t\t<div class=\"elementor-widget-container\">\n\t\t\t\t\t<h5 class=\"elementor-heading-title elementor-size-default\">Sledujte n\u00e1s na<\/h5>\t\t\t\t<\/div>\n\t\t\t\t<\/div>\n\t\t<div class=\"elementor-element elementor-element-f3365bd e-grid e-con-full e-con e-child\" data-id=\"f3365bd\" data-element_type=\"container\" data-e-type=\"container\">\n\t\t\t\t<div class=\"elementor-element elementor-element-c366b2b elementor-widget elementor-widget-icon-box\" data-id=\"c366b2b\" data-element_type=\"widget\" data-e-type=\"widget\" data-widget_type=\"icon-box.default\">\n\t\t\t\t<div class=\"elementor-widget-container\">\n\t\t\t\t\t\t\t<div class=\"elementor-icon-box-wrapper\">\n\n\t\t\t\n\t\t\t\t\t\t<div class=\"elementor-icon-box-content\">\n\n\t\t\t\t\t\t\t\t\t<h4 class=\"elementor-icon-box-title\">\n\t\t\t\t\t\t<a href=\"https:\/\/www.instagram.com\/noordi.world\/\" target=\"_blank\" >\n\t\t\t\t\t\t\tInstagramu\t\t\t\t\t\t<\/a>\n\t\t\t\t\t<\/h4>\n\t\t\t\t\n\t\t\t\t\t\t\t\t\t<p class=\"elementor-icon-box-description\">\n\t\t\t\t\t\t<a style=\"color:#333\" target=\"_blank\" href=\"https:\/\/www.instagram.com\/noordi.world\/\">\n\n@noordibaby\n\n<\/a>\t\t\t\t\t<\/p>\n\t\t\t\t\n\t\t\t<\/div>\n\t\t\t\n\t\t<\/div>\n\t\t\t\t\t\t<\/div>\n\t\t\t\t<\/div>\n\t\t\t\t<div class=\"elementor-element elementor-element-a623712 elementor-widget elementor-widget-icon-box\" data-id=\"a623712\" data-element_type=\"widget\" data-e-type=\"widget\" data-widget_type=\"icon-box.default\">\n\t\t\t\t<div class=\"elementor-widget-container\">\n\t\t\t\t\t\t\t<div class=\"elementor-icon-box-wrapper\">\n\n\t\t\t\n\t\t\t\t\t\t<div class=\"elementor-icon-box-content\">\n\n\t\t\t\t\t\t\t\t\t<h4 class=\"elementor-icon-box-title\">\n\t\t\t\t\t\t<a href=\"https:\/\/www.facebook.com\/Noordi.World\" target=\"_blank\" >\n\t\t\t\t\t\t\tFacebooku\t\t\t\t\t\t<\/a>\n\t\t\t\t\t<\/h4>\n\t\t\t\t\n\t\t\t\t\t\t\t\t\t<p class=\"elementor-icon-box-description\">\n\t\t\t\t\t\t<a style=\"color:#333\" target=\"_blank\" href=\"https:\/\/www.facebook.com\/Noordi.World\">\n\nNoordi Baby\n\n<\/a>\t\t\t\t\t<\/p>\n\t\t\t\t\n\t\t\t<\/div>\n\t\t\t\n\t\t<\/div>\n\t\t\t\t\t\t<\/div>\n\t\t\t\t<\/div>\n\t\t\t\t<div class=\"elementor-element elementor-element-00feb4c elementor-widget elementor-widget-icon-box\" data-id=\"00feb4c\" data-element_type=\"widget\" data-e-type=\"widget\" data-widget_type=\"icon-box.default\">\n\t\t\t\t<div class=\"elementor-widget-container\">\n\t\t\t\t\t\t\t<div class=\"elementor-icon-box-wrapper\">\n\n\t\t\t\n\t\t\t\t\t\t<div class=\"elementor-icon-box-content\">\n\n\t\t\t\t\t\t\t\t\t<h4 class=\"elementor-icon-box-title\">\n\t\t\t\t\t\t<a href=\"https:\/\/www.linkedin.com\/company\/tututis\/\" target=\"_blank\" >\n\t\t\t\t\t\t\tLinkedInu\t\t\t\t\t\t<\/a>\n\t\t\t\t\t<\/h4>\n\t\t\t\t\n\t\t\t\t\t\t\t\t\t<p class=\"elementor-icon-box-description\">\n\t\t\t\t\t\t<a style=\"color:#333\" href=\"https:\/\/www.linkedin.com\/company\/tututis\/\" target=\"_blank\">\n\ntututis\n\n<\/a>\t\t\t\t\t<\/p>\n\t\t\t\t\n\t\t\t<\/div>\n\t\t\t\n\t\t<\/div>\n\t\t\t\t\t\t<\/div>\n\t\t\t\t<\/div>\n\t\t\t\t<div class=\"elementor-element elementor-element-47d527c elementor-widget elementor-widget-icon-box\" data-id=\"47d527c\" data-element_type=\"widget\" data-e-type=\"widget\" data-widget_type=\"icon-box.default\">\n\t\t\t\t<div class=\"elementor-widget-container\">\n\t\t\t\t\t\t\t<div class=\"elementor-icon-box-wrapper\">\n\n\t\t\t\n\t\t\t\t\t\t<div class=\"elementor-icon-box-content\">\n\n\t\t\t\t\t\t\t\t\t<h4 class=\"elementor-icon-box-title\">\n\t\t\t\t\t\t<a href=\"https:\/\/www.youtube.com\/@noordiworld\" target=\"_blank\" >\n\t\t\t\t\t\t\tYouTube\t\t\t\t\t\t<\/a>\n\t\t\t\t\t<\/h4>\n\t\t\t\t\n\t\t\t\t\t\t\t\t\t<p class=\"elementor-icon-box-description\">\n\t\t\t\t\t\tNoordi world<a style=\"color:#333\" href=\"https:\/\/www.youtube.com\/@noordiworld\">\n\n<\/a>\n\t\t\t\t\t<\/p>\n\t\t\t\t\n\t\t\t<\/div>\n\t\t\t\n\t\t<\/div>\n\t\t\t\t\t\t<\/div>\n\t\t\t\t<\/div>\n\t\t\t\t<\/div>\n\t\t\t\t<\/div>\n\t\t\t\t\t<\/div>\n\t\t\t\t<\/section>\n\t\t\t\t<\/div>\n\t\t","protected":false},"excerpt":{"rendered":"<p>Kontaktujte n\u00e1s Rychl\u00fd zp\u016fsob, jak n\u00e1s kontaktovat Slu\u017eby Telefon +370 65605846 E-mail support@tutis.lt Velkoobchodn\u00ed odd\u011blen\u00ed Telefon +370 65605846 E-mail sales@tututis.lt Otev\u00edrac\u00ed doba Po &#8211; \u010ct 8:00 \u2013 17:00 Po &#8211; \u010ct 8:00 \u2013 16:00 Pohodl\u00ed a p\u00e9\u010de, p\u0159izp\u016fsoben\u00e9 va\u0161emu mali\u010dk\u00e9mu. Kontaktujte n\u00e1s na na\u0161\u00ed str\u00e1nce slu\u017eeb V Noordi Baby se v\u011bnujeme poskytov\u00e1n\u00ed inovativn\u00edch, stylov\u00fdch a [&hellip;]<\/p>\n","protected":false},"author":1,"featured_media":0,"parent":0,"menu_order":0,"comment_status":"closed","ping_status":"closed","template":"","meta":{"_acf_changed":false,"inline_featured_image":false,"footnotes":""},"class_list":["post-4244","page","type-page","status-publish","hentry"],"acf":[],"_links":{"self":[{"href":"https:\/\/noordi.com\/cs\/wp-json\/wp\/v2\/pages\/4244","targetHints":{"allow":["GET"]}}],"collection":[{"href":"https:\/\/noordi.com\/cs\/wp-json\/wp\/v2\/pages"}],"about":[{"href":"https:\/\/noordi.com\/cs\/wp-json\/wp\/v2\/types\/page"}],"author":[{"embeddable":true,"href":"https:\/\/noordi.com\/cs\/wp-json\/wp\/v2\/users\/1"}],"replies":[{"embeddable":true,"href":"https:\/\/noordi.com\/cs\/wp-json\/wp\/v2\/comments?post=4244"}],"version-history":[{"count":0,"href":"https:\/\/noordi.com\/cs\/wp-json\/wp\/v2\/pages\/4244\/revisions"}],"wp:attachment":[{"href":"https:\/\/noordi.com\/cs\/wp-json\/wp\/v2\/media?parent=4244"}],"curies":[{"name":"wp","href":"https:\/\/api.w.org\/{rel}","templated":true}]}}